{"id":6002,"date":"2024-12-31T20:11:29","date_gmt":"2024-12-31T20:11:29","guid":{"rendered":"https:\/\/storetest.ivi.ee\/product\/box-for-cake-21-21-3027cm\/"},"modified":"2024-12-31T20:11:30","modified_gmt":"2024-12-31T20:11:30","slug":"kukas-kaste-21-21-3027-cm","status":"publish","type":"product","link":"https:\/\/candeebaar.ee\/lv\/veikals\/kukas-kaste-21-21-3027-cm\/","title":{"rendered":"Kaste k\u016bkai 21 21 30(27)cm"},"content":{"rendered":"<p>D\u0101vanu kast\u012bte k\u016bkai.<br \/>\n Sast\u0101v no 2 da\u013c\u0101m, iztur\u012bga un \u0113rta lieto\u0161an\u0101.<br \/>\n Materi\u0101ls: kartons, plastmasa<br \/>\n Izm\u0113rs (platums\/garums): 21x21x30cm (darba augstums 27cm)<br \/>\n Ra\u017eot\u0101js: It\u0101lija<\/p>","protected":false},"excerpt":{"rendered":"<p>D\u0101vanu kast\u012bte k\u016bkai. Sast\u0101v no 2 da\u013c\u0101m, iztur\u012bga un \u0113rta lieto\u0161an\u0101. Materi\u0101ls: kartons, plastmasa Izm\u0113rs (w\/h\/d): 21x21x30cm (darba augstums 27cm) Ra\u017eot\u0101js: It\u0101lija<\/p>","protected":false},"featured_media":6004,"template":"","meta":{"_seopress_robots_primary_cat":"","_seopress_titles_title":"","_seopress_titles_desc":"","_seopress_robots_index":""},"product_brand":[],"product_cat":[15],"product_tag":[],"class_list":{"0":"post-6002","1":"product","2":"type-product","3":"status-publish","4":"has-post-thumbnail","6":"product_cat-all-products","8":"first","9":"instock","10":"taxable","11":"shipping-taxable","12":"purchasable","13":"product-type-simple"},"_links":{"self":[{"href":"https:\/\/candeebaar.ee\/lv\/wp-json\/wp\/v2\/product\/6002","targetHints":{"allow":["GET"]}}],"collection":[{"href":"https:\/\/candeebaar.ee\/lv\/wp-json\/wp\/v2\/product"}],"about":[{"href":"https:\/\/candeebaar.ee\/lv\/wp-json\/wp\/v2\/types\/product"}],"version-history":[{"count":1,"href":"https:\/\/candeebaar.ee\/lv\/wp-json\/wp\/v2\/product\/6002\/revisions"}],"predecessor-version":[{"id":6003,"href":"https:\/\/candeebaar.ee\/lv\/wp-json\/wp\/v2\/product\/6002\/revisions\/6003"}],"wp:featuredmedia":[{"embeddable":true,"href":"https:\/\/candeebaar.ee\/lv\/wp-json\/wp\/v2\/media\/6004"}],"wp:attachment":[{"href":"https:\/\/candeebaar.ee\/lv\/wp-json\/wp\/v2\/media?parent=6002"}],"wp:term":[{"taxonomy":"product_brand","embeddable":true,"href":"https:\/\/candeebaar.ee\/lv\/wp-json\/wp\/v2\/product_brand?post=6002"},{"taxonomy":"product_cat","embeddable":true,"href":"https:\/\/candeebaar.ee\/lv\/wp-json\/wp\/v2\/product_cat?post=6002"},{"taxonomy":"product_tag","embeddable":true,"href":"https:\/\/candeebaar.ee\/lv\/wp-json\/wp\/v2\/product_tag?post=6002"}],"curies":[{"name":"wp","href":"https:\/\/api.w.org\/{rel}","templated":true}]}}