{"id":6008,"date":"2024-12-31T20:11:29","date_gmt":"2024-12-31T20:11:29","guid":{"rendered":"https:\/\/storetest.ivi.ee\/product\/fat-soluble-dye-pink-10g-food-colours\/"},"modified":"2026-04-16T11:38:17","modified_gmt":"2026-04-16T09:38:17","slug":"taukos-skistosa-krasviela-roza-10-g-partikas-krasvielu","status":"publish","type":"product","link":"https:\/\/candeebaar.ee\/lv\/veikals\/taukos-skistosa-krasviela-roza-10-g-partikas-krasvielu\/","title":{"rendered":"Taukos \u0161\u0137\u012bsto\u0161\u0101 Dye Pink 10g p\u0101rtikas kr\u0101svielas"},"content":{"rendered":"<p>P\u0101rtikas kr\u0101sviela, taukos \u0161\u0137\u012bsto\u0161a, izmanto balt\u0101s \u0161okol\u0101des un citu taukus saturo\u0161u produktu kr\u0101so\u0161anai.<br \/>\nMasa: 10g<br \/>\nSast\u0101vs: p\u0101rtikas kr\u0101sviela E120 (var negat\u012bvi ietekm\u0113t b\u0113rnu aktivit\u0101ti un uzman\u012bbu), E555.<br \/>\nRa\u017eot\u0101js: Food Colours, Polija<\/p>","protected":false},"excerpt":{"rendered":"<p>P\u0101rtikas kr\u0101sviela, taukos \u0161\u0137\u012bsto\u0161a, izmanto balt\u0101s \u0161okol\u0101des un citu taukus saturo\u0161u produktu kr\u0101so\u0161anai. Masa: 10g Sast\u0101vs: p\u0101rtikas kr\u0101sviela E120 (var negat\u012bvi ietekm\u0113t b\u0113rnu aktivit\u0101ti un uzman\u012bbu), E555. Ra\u017eot\u0101js: Food Colours, Polija<\/p>","protected":false},"featured_media":6010,"template":"","meta":{"_seopress_robots_primary_cat":"none","_seopress_titles_title":"","_seopress_titles_desc":"","_seopress_robots_index":""},"product_brand":[],"product_cat":[15,113],"product_tag":[],"class_list":{"0":"post-6008","1":"product","2":"type-product","3":"status-publish","4":"has-post-thumbnail","6":"product_cat-all-products","7":"product_cat-powder-fat-soluble","9":"first","10":"instock","11":"taxable","12":"shipping-taxable","13":"purchasable","14":"product-type-simple"},"_links":{"self":[{"href":"https:\/\/candeebaar.ee\/lv\/wp-json\/wp\/v2\/product\/6008","targetHints":{"allow":["GET"]}}],"collection":[{"href":"https:\/\/candeebaar.ee\/lv\/wp-json\/wp\/v2\/product"}],"about":[{"href":"https:\/\/candeebaar.ee\/lv\/wp-json\/wp\/v2\/types\/product"}],"version-history":[{"count":1,"href":"https:\/\/candeebaar.ee\/lv\/wp-json\/wp\/v2\/product\/6008\/revisions"}],"predecessor-version":[{"id":6009,"href":"https:\/\/candeebaar.ee\/lv\/wp-json\/wp\/v2\/product\/6008\/revisions\/6009"}],"wp:featuredmedia":[{"embeddable":true,"href":"https:\/\/candeebaar.ee\/lv\/wp-json\/wp\/v2\/media\/6010"}],"wp:attachment":[{"href":"https:\/\/candeebaar.ee\/lv\/wp-json\/wp\/v2\/media?parent=6008"}],"wp:term":[{"taxonomy":"product_brand","embeddable":true,"href":"https:\/\/candeebaar.ee\/lv\/wp-json\/wp\/v2\/product_brand?post=6008"},{"taxonomy":"product_cat","embeddable":true,"href":"https:\/\/candeebaar.ee\/lv\/wp-json\/wp\/v2\/product_cat?post=6008"},{"taxonomy":"product_tag","embeddable":true,"href":"https:\/\/candeebaar.ee\/lv\/wp-json\/wp\/v2\/product_tag?post=6008"}],"curies":[{"name":"wp","href":"https:\/\/api.w.org\/{rel}","templated":true}]}}