{"id":6016,"date":"2024-12-31T20:11:29","date_gmt":"2024-12-31T20:11:29","guid":{"rendered":"https:\/\/storetest.ivi.ee\/product\/fat-soluble-dye-light-green-20g-food-colours-20-06-2024\/"},"modified":"2025-01-02T10:27:45","modified_gmt":"2025-01-02T10:27:45","slug":"taukos-skistosa-krasviela-gaisi-zala-20-g-partikas-krasvielas-20-06-2024","status":"publish","type":"product","link":"https:\/\/candeebaar.ee\/lv\/veikals\/taukos-skistosa-krasviela-gaisi-zala-20-g-partikas-krasvielas-20-06-2024\/","title":{"rendered":"Taukos \u0161\u0137\u012bsto\u0161a kr\u0101sviela gai\u0161i za\u013ca 20g p\u0101rtikas kr\u0101svielas (20.06.2024)"},"content":{"rendered":"<p>Taukos \u0161\u0137\u012bsto\u0161a p\u0101rtikas kr\u0101sviela, ko izmanto balt\u0101s \u0161okol\u0101des un citu taukus saturo\u0161u produktu kr\u0101so\u0161anai.<br \/>\nMasa: 20g<br \/>\nSast\u0101vs: p\u0101rtikas kr\u0101sviela E104, E133 (var negat\u012bvi ietekm\u0113t b\u0113rnu aktivit\u0101ti un uzman\u012bbu).<br \/>\nRa\u017eot\u0101js: Food Colours, Polija<\/p>","protected":false},"excerpt":{"rendered":"<p>P\u0101rtikas kr\u0101sviela taukos \u0161\u0137\u012bsto\u0161a, tiek izmantota balt\u0101s \u0161okol\u0101des un citu taukus saturo\u0161u produktu kr\u0101so\u0161anai. Masa: 20 g. Sast\u0101vs: p\u0101rtikas kr\u0101sviela E104, E133 (var negat\u012bvi ietekm\u0113t b\u0113rnu aktivit\u0101ti un uzman\u012bbu). Ra\u017eot\u0101js: Food Colors, Polija.<\/p>","protected":false},"featured_media":6011,"template":"","meta":{"_seopress_robots_primary_cat":"","_seopress_titles_title":"","_seopress_titles_desc":"","_seopress_robots_index":""},"product_brand":[],"product_cat":[15,113],"product_tag":[],"class_list":{"0":"post-6016","1":"product","2":"type-product","3":"status-publish","4":"has-post-thumbnail","6":"product_cat-all-products","7":"product_cat-powder-fat-soluble","9":"first","10":"outofstock","11":"sale","12":"taxable","13":"shipping-taxable","14":"purchasable","15":"product-type-simple"},"_links":{"self":[{"href":"https:\/\/candeebaar.ee\/lv\/wp-json\/wp\/v2\/product\/6016","targetHints":{"allow":["GET"]}}],"collection":[{"href":"https:\/\/candeebaar.ee\/lv\/wp-json\/wp\/v2\/product"}],"about":[{"href":"https:\/\/candeebaar.ee\/lv\/wp-json\/wp\/v2\/types\/product"}],"version-history":[{"count":1,"href":"https:\/\/candeebaar.ee\/lv\/wp-json\/wp\/v2\/product\/6016\/revisions"}],"predecessor-version":[{"id":6017,"href":"https:\/\/candeebaar.ee\/lv\/wp-json\/wp\/v2\/product\/6016\/revisions\/6017"}],"wp:featuredmedia":[{"embeddable":true,"href":"https:\/\/candeebaar.ee\/lv\/wp-json\/wp\/v2\/media\/6011"}],"wp:attachment":[{"href":"https:\/\/candeebaar.ee\/lv\/wp-json\/wp\/v2\/media?parent=6016"}],"wp:term":[{"taxonomy":"product_brand","embeddable":true,"href":"https:\/\/candeebaar.ee\/lv\/wp-json\/wp\/v2\/product_brand?post=6016"},{"taxonomy":"product_cat","embeddable":true,"href":"https:\/\/candeebaar.ee\/lv\/wp-json\/wp\/v2\/product_cat?post=6016"},{"taxonomy":"product_tag","embeddable":true,"href":"https:\/\/candeebaar.ee\/lv\/wp-json\/wp\/v2\/product_tag?post=6016"}],"curies":[{"name":"wp","href":"https:\/\/api.w.org\/{rel}","templated":true}]}}