{"id":6018,"date":"2024-12-31T20:11:29","date_gmt":"2024-12-31T20:11:29","guid":{"rendered":"https:\/\/storetest.ivi.ee\/product\/fat-soluble-dye-purple-10g-food-colours\/"},"modified":"2025-10-08T07:45:07","modified_gmt":"2025-10-08T05:45:07","slug":"taukos-skistosa-krasa-purpura-10g-partikas-krasvielas","status":"publish","type":"product","link":"https:\/\/candeebaar.ee\/lv\/veikals\/taukos-skistosa-krasa-purpura-10g-partikas-krasvielas\/","title":{"rendered":"Taukos \u0161\u0137\u012bsto\u0161\u0101 kr\u0101sviela Violeta 10g P\u0101rtikas kr\u0101svielas"},"content":{"rendered":"<p>Taukos \u0161\u0137\u012bsto\u0161a p\u0101rtikas kr\u0101sviela, ko izmanto balt\u0101s \u0161okol\u0101des un citu taukus saturo\u0161u produktu kr\u0101so\u0161anai.<br \/>\nMasa: 10g<br \/>\nSast\u0101vs: p\u0101rtikas kr\u0101svielas E120, E133 (var negat\u012bvi ietekm\u0113t b\u0113rnu aktivit\u0101ti un uzman\u012bbu), E555.<br \/>\nRa\u017eot\u0101js: Food Colours, Polija<\/p>","protected":false},"excerpt":{"rendered":"<p>Taukos \u0161\u0137\u012bsto\u0161a p\u0101rtikas kr\u0101sviela, ko izmanto balt\u0101s \u0161okol\u0101des un citu taukus saturo\u0161u produktu kr\u0101so\u0161anai. Masa: 10g Sast\u0101vs: p\u0101rtikas kr\u0101svielas E120, E133 (var negat\u012bvi ietekm\u0113t b\u0113rnu aktivit\u0101ti un uzman\u012bbu), E555. Ra\u017eot\u0101js: Food Colours, Polija<\/p>","protected":false},"featured_media":6013,"template":"","meta":{"_seopress_robots_primary_cat":"none","_seopress_titles_title":"","_seopress_titles_desc":"","_seopress_robots_index":""},"product_brand":[],"product_cat":[15,113],"product_tag":[],"class_list":{"0":"post-6018","1":"product","2":"type-product","3":"status-publish","4":"has-post-thumbnail","6":"product_cat-all-products","7":"product_cat-powder-fat-soluble","9":"first","10":"outofstock","11":"taxable","12":"shipping-taxable","13":"purchasable","14":"product-type-simple"},"_links":{"self":[{"href":"https:\/\/candeebaar.ee\/lv\/wp-json\/wp\/v2\/product\/6018","targetHints":{"allow":["GET"]}}],"collection":[{"href":"https:\/\/candeebaar.ee\/lv\/wp-json\/wp\/v2\/product"}],"about":[{"href":"https:\/\/candeebaar.ee\/lv\/wp-json\/wp\/v2\/types\/product"}],"version-history":[{"count":2,"href":"https:\/\/candeebaar.ee\/lv\/wp-json\/wp\/v2\/product\/6018\/revisions"}],"predecessor-version":[{"id":9960,"href":"https:\/\/candeebaar.ee\/lv\/wp-json\/wp\/v2\/product\/6018\/revisions\/9960"}],"wp:featuredmedia":[{"embeddable":true,"href":"https:\/\/candeebaar.ee\/lv\/wp-json\/wp\/v2\/media\/6013"}],"wp:attachment":[{"href":"https:\/\/candeebaar.ee\/lv\/wp-json\/wp\/v2\/media?parent=6018"}],"wp:term":[{"taxonomy":"product_brand","embeddable":true,"href":"https:\/\/candeebaar.ee\/lv\/wp-json\/wp\/v2\/product_brand?post=6018"},{"taxonomy":"product_cat","embeddable":true,"href":"https:\/\/candeebaar.ee\/lv\/wp-json\/wp\/v2\/product_cat?post=6018"},{"taxonomy":"product_tag","embeddable":true,"href":"https:\/\/candeebaar.ee\/lv\/wp-json\/wp\/v2\/product_tag?post=6018"}],"curies":[{"name":"wp","href":"https:\/\/api.w.org\/{rel}","templated":true}]}}