{"id":6020,"date":"2024-12-31T20:11:29","date_gmt":"2024-12-31T20:11:29","guid":{"rendered":"https:\/\/storetest.ivi.ee\/product\/box-for-candies-16x8cm\/"},"modified":"2026-04-02T11:47:36","modified_gmt":"2026-04-02T09:47:36","slug":"konfeksu-kaste-16x8cm","status":"publish","type":"product","link":"https:\/\/candeebaar.ee\/lv\/veikals\/konfeksu-kaste-16x8cm\/","title":{"rendered":"Kast\u012bte konfekt\u0113m 16x8cm"},"content":{"rendered":"<p>Kast\u012bte konfekt\u0113m ar 8 nodal\u012bjumiem (40x40mm) ar caursp\u012bd\u012bgu logu.<br \/>\nIzm\u0113rs: 160x80x30mm<br \/>\nMateri\u0101ls: kartons, plastmasa<br \/>\nRa\u017eot\u0101js: It\u0101lija<\/p>","protected":false},"excerpt":{"rendered":"<p>Konfek\u0161u k\u0101rba ar 8 nodal\u012bjumiem (40x40mm) ar caursp\u012bd\u012bgu lodzi\u0146u. Izm\u0113rs: 160x80x30mm Materi\u0101ls: kartons, plastmasa Ra\u017eot\u0101js: It\u0101lija<\/p>","protected":false},"featured_media":6022,"template":"","meta":{"_seopress_robots_primary_cat":"none","_seopress_titles_title":"","_seopress_titles_desc":"","_seopress_robots_index":""},"product_brand":[],"product_cat":[15,153],"product_tag":[],"class_list":{"0":"post-6020","1":"product","2":"type-product","3":"status-publish","4":"has-post-thumbnail","6":"product_cat-all-products","7":"product_cat-candy-boxes","9":"first","10":"instock","11":"taxable","12":"shipping-taxable","13":"purchasable","14":"product-type-simple"},"_links":{"self":[{"href":"https:\/\/candeebaar.ee\/lv\/wp-json\/wp\/v2\/product\/6020","targetHints":{"allow":["GET"]}}],"collection":[{"href":"https:\/\/candeebaar.ee\/lv\/wp-json\/wp\/v2\/product"}],"about":[{"href":"https:\/\/candeebaar.ee\/lv\/wp-json\/wp\/v2\/types\/product"}],"version-history":[{"count":1,"href":"https:\/\/candeebaar.ee\/lv\/wp-json\/wp\/v2\/product\/6020\/revisions"}],"predecessor-version":[{"id":6021,"href":"https:\/\/candeebaar.ee\/lv\/wp-json\/wp\/v2\/product\/6020\/revisions\/6021"}],"wp:featuredmedia":[{"embeddable":true,"href":"https:\/\/candeebaar.ee\/lv\/wp-json\/wp\/v2\/media\/6022"}],"wp:attachment":[{"href":"https:\/\/candeebaar.ee\/lv\/wp-json\/wp\/v2\/media?parent=6020"}],"wp:term":[{"taxonomy":"product_brand","embeddable":true,"href":"https:\/\/candeebaar.ee\/lv\/wp-json\/wp\/v2\/product_brand?post=6020"},{"taxonomy":"product_cat","embeddable":true,"href":"https:\/\/candeebaar.ee\/lv\/wp-json\/wp\/v2\/product_cat?post=6020"},{"taxonomy":"product_tag","embeddable":true,"href":"https:\/\/candeebaar.ee\/lv\/wp-json\/wp\/v2\/product_tag?post=6020"}],"curies":[{"name":"wp","href":"https:\/\/api.w.org\/{rel}","templated":true}]}}