{"id":6031,"date":"2024-12-31T20:11:29","date_gmt":"2024-12-31T20:11:29","guid":{"rendered":"https:\/\/storetest.ivi.ee\/product\/cake-box-25-25-30cm-with-window\/"},"modified":"2026-04-14T14:21:05","modified_gmt":"2026-04-14T12:21:05","slug":"kuku-kaste-25-25-30cm-ar-logu","status":"publish","type":"product","link":"https:\/\/candeebaar.ee\/lv\/veikals\/kuku-kaste-25-25-30cm-ar-logu\/","title":{"rendered":"K\u016bku kaste 25 25 30cm ar logu"},"content":{"rendered":"<p>K\u016bku kaste sast\u0101v no iztur\u012bgas pamatnes (mikrogofr\u0113ts kartons) un v\u0101ka ar logu (kartons + polietil\u0113ns).<br \/>\nIzm\u0113rs: 25*25*h30cm<br \/>\nKr\u0101sa: balta<br \/>\nKaste tiek izmantota transport\u0113\u0161anai un nav paredz\u0113ta tie\u0161ai saskarei ar produktu; pamatnei j\u0101izmanto k\u016bkas d\u0113lis.<br \/>\nRa\u017eo\u0161ana: Polija<\/p>","protected":false},"excerpt":{"rendered":"<p>K\u016bku kaste sast\u0101v no iztur\u012bgas pamatnes (mikrogofr\u0113ts kartons) un v\u0101ka ar logu (kartons + polietil\u0113ns). Izm\u0113rs: 25*25*h30cm Kr\u0101sa: balta Kaste tiek izmantota transport\u0113\u0161anai un nav paredz\u0113ta tie\u0161ai saskarei ar preci; pamatnei j\u0101izmanto k\u016bkas d\u0113lis. Ra\u017eo\u0161ana: Polija<\/p>","protected":false},"featured_media":6027,"template":"","meta":{"_seopress_robots_primary_cat":"none","_seopress_titles_title":"","_seopress_titles_desc":"","_seopress_robots_index":""},"product_brand":[],"product_cat":[180,15,131,136],"product_tag":[],"class_list":{"0":"post-6031","1":"product","2":"type-product","3":"status-publish","4":"has-post-thumbnail","6":"product_cat-wedding-products","7":"product_cat-all-products","8":"product_cat-25cm-base","9":"product_cat-tall-cake-boxes-h25cm","11":"first","12":"instock","13":"taxable","14":"shipping-taxable","15":"purchasable","16":"product-type-simple"},"_links":{"self":[{"href":"https:\/\/candeebaar.ee\/lv\/wp-json\/wp\/v2\/product\/6031","targetHints":{"allow":["GET"]}}],"collection":[{"href":"https:\/\/candeebaar.ee\/lv\/wp-json\/wp\/v2\/product"}],"about":[{"href":"https:\/\/candeebaar.ee\/lv\/wp-json\/wp\/v2\/types\/product"}],"version-history":[{"count":1,"href":"https:\/\/candeebaar.ee\/lv\/wp-json\/wp\/v2\/product\/6031\/revisions"}],"predecessor-version":[{"id":6032,"href":"https:\/\/candeebaar.ee\/lv\/wp-json\/wp\/v2\/product\/6031\/revisions\/6032"}],"wp:featuredmedia":[{"embeddable":true,"href":"https:\/\/candeebaar.ee\/lv\/wp-json\/wp\/v2\/media\/6027"}],"wp:attachment":[{"href":"https:\/\/candeebaar.ee\/lv\/wp-json\/wp\/v2\/media?parent=6031"}],"wp:term":[{"taxonomy":"product_brand","embeddable":true,"href":"https:\/\/candeebaar.ee\/lv\/wp-json\/wp\/v2\/product_brand?post=6031"},{"taxonomy":"product_cat","embeddable":true,"href":"https:\/\/candeebaar.ee\/lv\/wp-json\/wp\/v2\/product_cat?post=6031"},{"taxonomy":"product_tag","embeddable":true,"href":"https:\/\/candeebaar.ee\/lv\/wp-json\/wp\/v2\/product_tag?post=6031"}],"curies":[{"name":"wp","href":"https:\/\/api.w.org\/{rel}","templated":true}]}}