{"id":6039,"date":"2024-12-31T20:11:36","date_gmt":"2024-12-31T20:11:36","guid":{"rendered":"https:\/\/storetest.ivi.ee\/product\/metallic-round-baking-mold-adjustable-16-30x15cm\/"},"modified":"2026-02-22T21:05:42","modified_gmt":"2026-02-22T19:05:42","slug":"metaliska-apala-cepsanas-forma-regulejama-16-30x15cm","status":"publish","type":"product","link":"https:\/\/candeebaar.ee\/lv\/veikals\/metaliska-apala-cepsanas-forma-regulejama-16-30x15cm\/","title":{"rendered":"Met\u0101la apa\u013ca cep\u0161anas forma, regul\u0113jama 16-30x15cm"},"content":{"rendered":"<p>Met\u0101la veidne cepumu cep\u0161anai un k\u016bku salik\u0161anai.<br \/>\n Regul\u0113jam\u0101 veidne \u013cauj izveidot jebkuru gredzenu ar diametru no 16 l\u012bdz 30cm un augstumu 12cm.<br \/>\n Augstums: 15 cm<br \/>\n Lai piel\u0101gotu regul\u0113jam\u0101 gredzena kust\u012bbas vieglumu, varat pievilkt vai atsl\u0101bin\u0101t stiprin\u0101juma kron\u0161teinus.<br \/>\n Materi\u0101ls: ner\u016bs\u0113jo\u0161ais t\u0113rauds<\/p>","protected":false},"excerpt":{"rendered":"<p>Met\u0101la veidne cepumu cep\u0161anai un k\u016bku salik\u0161anai. Regul\u0113jam\u0101 veidne \u013cauj izveidot jebkuru gredzenu ar diametru no 16 l\u012bdz 30cm un augstumu 12cm. Augstums: 15 cm Lai regul\u0113tu regul\u0113jam\u0101 gredzena kust\u012bbas vieglumu, varat pievilkt vai atbr\u012bvot stiprin\u0101juma kron\u0161teinus. Materi\u0101ls: ner\u016bs\u0113jo\u0161ais t\u0113rauds<\/p>","protected":false},"featured_media":5174,"template":"","meta":{"_seopress_robots_primary_cat":"","_seopress_titles_title":"","_seopress_titles_desc":"","_seopress_robots_index":""},"product_brand":[],"product_cat":[15,116],"product_tag":[],"class_list":{"0":"post-6039","1":"product","2":"type-product","3":"status-publish","4":"has-post-thumbnail","6":"product_cat-all-products","7":"product_cat-metal","9":"first","10":"outofstock","11":"taxable","12":"shipping-taxable","13":"purchasable","14":"product-type-simple"},"_links":{"self":[{"href":"https:\/\/candeebaar.ee\/lv\/wp-json\/wp\/v2\/product\/6039","targetHints":{"allow":["GET"]}}],"collection":[{"href":"https:\/\/candeebaar.ee\/lv\/wp-json\/wp\/v2\/product"}],"about":[{"href":"https:\/\/candeebaar.ee\/lv\/wp-json\/wp\/v2\/types\/product"}],"version-history":[{"count":1,"href":"https:\/\/candeebaar.ee\/lv\/wp-json\/wp\/v2\/product\/6039\/revisions"}],"predecessor-version":[{"id":6040,"href":"https:\/\/candeebaar.ee\/lv\/wp-json\/wp\/v2\/product\/6039\/revisions\/6040"}],"wp:featuredmedia":[{"embeddable":true,"href":"https:\/\/candeebaar.ee\/lv\/wp-json\/wp\/v2\/media\/5174"}],"wp:attachment":[{"href":"https:\/\/candeebaar.ee\/lv\/wp-json\/wp\/v2\/media?parent=6039"}],"wp:term":[{"taxonomy":"product_brand","embeddable":true,"href":"https:\/\/candeebaar.ee\/lv\/wp-json\/wp\/v2\/product_brand?post=6039"},{"taxonomy":"product_cat","embeddable":true,"href":"https:\/\/candeebaar.ee\/lv\/wp-json\/wp\/v2\/product_cat?post=6039"},{"taxonomy":"product_tag","embeddable":true,"href":"https:\/\/candeebaar.ee\/lv\/wp-json\/wp\/v2\/product_tag?post=6039"}],"curies":[{"name":"wp","href":"https:\/\/api.w.org\/{rel}","templated":true}]}}