{"id":6050,"date":"2024-12-31T20:11:36","date_gmt":"2024-12-31T20:11:36","guid":{"rendered":"https:\/\/storetest.ivi.ee\/product\/silicone-mold-for-8-ice-creams-41x12cm\/"},"modified":"2025-08-06T23:17:20","modified_gmt":"2025-08-06T21:17:20","slug":"silikona-veidne-8-saldejumiem-41x12cm","status":"publish","type":"product","link":"https:\/\/candeebaar.ee\/lv\/veikals\/silikona-veidne-8-saldejumiem-41x12cm\/","title":{"rendered":"Silikona veidne 8 sald\u0113jumiem 41x12cm"},"content":{"rendered":"<p>Forma sald\u0113jumam un citiem desertiem uz koci\u0146a.<br \/>\nIzm\u0113rs: 41\u00d712,5\u00d72,2 cm<br \/>\nVienas \u0161\u016bnas izm\u0113rs: 65x37x20mm. Kop\u0101 veidn\u0113 8 gabali.<br \/>\n Materi\u0101ls: p\u0101rtikas silikons<\/p>","protected":false},"excerpt":{"rendered":"<p>Forma sald\u0113jumam un citiem desertiem uz koci\u0146a. Izm\u0113rs: 41\u00d712,5\u00d72,2cm Vienas \u0161\u016bnas izm\u0113rs: 65x37x20mm. Kop\u0101 veidn\u0113 8 gabali. Materi\u0101ls: p\u0101rtikas silikons<\/p>","protected":false},"featured_media":6052,"template":"","meta":{"_seopress_robots_primary_cat":"","_seopress_titles_title":"","_seopress_titles_desc":"","_seopress_robots_index":""},"product_brand":[],"product_cat":[15,82,127],"product_tag":[],"class_list":{"0":"post-6050","1":"product","2":"type-product","3":"status-publish","4":"has-post-thumbnail","6":"product_cat-all-products","7":"product_cat-chocolate-molds","8":"product_cat-ornament","10":"first","11":"outofstock","12":"taxable","13":"shipping-taxable","14":"purchasable","15":"product-type-simple"},"_links":{"self":[{"href":"https:\/\/candeebaar.ee\/lv\/wp-json\/wp\/v2\/product\/6050","targetHints":{"allow":["GET"]}}],"collection":[{"href":"https:\/\/candeebaar.ee\/lv\/wp-json\/wp\/v2\/product"}],"about":[{"href":"https:\/\/candeebaar.ee\/lv\/wp-json\/wp\/v2\/types\/product"}],"version-history":[{"count":1,"href":"https:\/\/candeebaar.ee\/lv\/wp-json\/wp\/v2\/product\/6050\/revisions"}],"predecessor-version":[{"id":6051,"href":"https:\/\/candeebaar.ee\/lv\/wp-json\/wp\/v2\/product\/6050\/revisions\/6051"}],"wp:featuredmedia":[{"embeddable":true,"href":"https:\/\/candeebaar.ee\/lv\/wp-json\/wp\/v2\/media\/6052"}],"wp:attachment":[{"href":"https:\/\/candeebaar.ee\/lv\/wp-json\/wp\/v2\/media?parent=6050"}],"wp:term":[{"taxonomy":"product_brand","embeddable":true,"href":"https:\/\/candeebaar.ee\/lv\/wp-json\/wp\/v2\/product_brand?post=6050"},{"taxonomy":"product_cat","embeddable":true,"href":"https:\/\/candeebaar.ee\/lv\/wp-json\/wp\/v2\/product_cat?post=6050"},{"taxonomy":"product_tag","embeddable":true,"href":"https:\/\/candeebaar.ee\/lv\/wp-json\/wp\/v2\/product_tag?post=6050"}],"curies":[{"name":"wp","href":"https:\/\/api.w.org\/{rel}","templated":true}]}}