{"id":6059,"date":"2024-12-31T20:11:36","date_gmt":"2024-12-31T20:11:36","guid":{"rendered":"https:\/\/storetest.ivi.ee\/product\/candied-orange-peel-100g-salliselta\/"},"modified":"2026-04-10T09:01:33","modified_gmt":"2026-04-10T07:01:33","slug":"sukades-apelsina-mizinas-100g-salliselta","status":"publish","type":"product","link":"https:\/\/candeebaar.ee\/lv\/veikals\/sukades-apelsina-mizinas-100g-salliselta\/","title":{"rendered":"Suk\u0101des apels\u012bna mizi\u0146as 100g Salliselta"},"content":{"rendered":"<div dir=\"auto\">Sast\u0101vda\u013cas: apels\u012bna mizi\u0146a, glikozes-fruktozes s\u012brups,<br \/>\ncukurs, sk\u0101buma regul\u0113t\u0101js: E330, konservants: s\u0113ra dioks\u012bds.<\/div>\n<div dir=\"auto\">\n<div dir=\"auto\">Uzturv\u0113rt\u012bba uz 100 g:<\/div>\n<div dir=\"auto\">Ener\u0123ija: 1332 kJ \/ 314 kcal<\/div>\n<div dir=\"auto\">Tauki: 0 g<br \/>\nOg\u013chidr\u0101ti: 76 g, no tiem cukurs 70 g<br \/>\n\u0160\u0137iedra: 5 g<\/div>\n<div dir=\"auto\">Olbaltumvielas: 0 g<br \/>\nS\u0101ls: 1 g<br \/>\nRa\u017eot\u0101js: Salliselta, N\u012bderlande<\/div>\n<\/div>","protected":false},"excerpt":{"rendered":"<p>Sast\u0101vs: apels\u012bna mizi\u0146a, glikozes-fruktozes s\u012brups, cukurs, sk\u0101buma regul\u0113t\u0101js: E330, konservants: s\u0113ra dioks\u012bds. Uzturv\u0113rt\u012bba uz 100 g: Ener\u0123ija: 1332 kJ \/ 314 kcal Tauki: 0g Og\u013chidr\u0101ti: 76 g no tiem cukurs 70 g \u0160\u0137iedrvielas: 5 g Olbaltumvielas: 0 g S\u0101ls: 1 g Ra\u017eot\u0101js: Salliselta, N\u012bderlande<\/p>","protected":false},"featured_media":6061,"template":"","meta":{"_seopress_robots_primary_cat":"none","_seopress_titles_title":"","_seopress_titles_desc":"","_seopress_robots_index":""},"product_brand":[],"product_cat":[178,15,98],"product_tag":[],"class_list":{"0":"post-6059","1":"product","2":"type-product","3":"status-publish","4":"has-post-thumbnail","6":"product_cat-easter-products","7":"product_cat-all-products","8":"product_cat-dry-and-sublimated-products","10":"first","11":"instock","12":"taxable","13":"shipping-taxable","14":"purchasable","15":"product-type-simple"},"_links":{"self":[{"href":"https:\/\/candeebaar.ee\/lv\/wp-json\/wp\/v2\/product\/6059","targetHints":{"allow":["GET"]}}],"collection":[{"href":"https:\/\/candeebaar.ee\/lv\/wp-json\/wp\/v2\/product"}],"about":[{"href":"https:\/\/candeebaar.ee\/lv\/wp-json\/wp\/v2\/types\/product"}],"version-history":[{"count":2,"href":"https:\/\/candeebaar.ee\/lv\/wp-json\/wp\/v2\/product\/6059\/revisions"}],"predecessor-version":[{"id":10817,"href":"https:\/\/candeebaar.ee\/lv\/wp-json\/wp\/v2\/product\/6059\/revisions\/10817"}],"wp:featuredmedia":[{"embeddable":true,"href":"https:\/\/candeebaar.ee\/lv\/wp-json\/wp\/v2\/media\/6061"}],"wp:attachment":[{"href":"https:\/\/candeebaar.ee\/lv\/wp-json\/wp\/v2\/media?parent=6059"}],"wp:term":[{"taxonomy":"product_brand","embeddable":true,"href":"https:\/\/candeebaar.ee\/lv\/wp-json\/wp\/v2\/product_brand?post=6059"},{"taxonomy":"product_cat","embeddable":true,"href":"https:\/\/candeebaar.ee\/lv\/wp-json\/wp\/v2\/product_cat?post=6059"},{"taxonomy":"product_tag","embeddable":true,"href":"https:\/\/candeebaar.ee\/lv\/wp-json\/wp\/v2\/product_tag?post=6059"}],"curies":[{"name":"wp","href":"https:\/\/api.w.org\/{rel}","templated":true}]}}