{"id":6065,"date":"2024-12-31T20:11:36","date_gmt":"2024-12-31T20:11:36","guid":{"rendered":"https:\/\/storetest.ivi.ee\/product\/chocolate-mold-egg-90x68mm\/"},"modified":"2026-02-10T11:08:51","modified_gmt":"2026-02-10T09:08:51","slug":"sokolades-pelejuma-ola-90x68mm","status":"publish","type":"product","link":"https:\/\/candeebaar.ee\/lv\/veikals\/sokolades-pelejuma-ola-90x68mm\/","title":{"rendered":"\u0160okol\u0101des veidne Ola 90x68mm"},"content":{"rendered":"<p>Iztur\u012bga polikarbon\u0101ta veidne no div\u0101m da\u013c\u0101m, nostiprin\u0101ta ar klip\u0161iem (iek\u013cauta).<br \/>\nIr tekstur\u0113ts raksts.<br \/>\nVar lietot atsevi\u0161\u0137i.<br \/>\nVisas olas izm\u0113rs: 90x68mm<br \/>\nMateri\u0101ls: polikarbon\u0101ts<br \/>\nRa\u017eot\u0101js: \u0136\u012bna<\/p>","protected":false},"excerpt":{"rendered":"<p>Iztur\u012bga polikarbon\u0101ta veidne no div\u0101m da\u013c\u0101m, nostiprin\u0101ta ar klip\u0161iem (iek\u013cauta). Ir tekstur\u0113ts raksts. Var lietot atsevi\u0161\u0137i. Visas olas izm\u0113rs: 90x68mm Materi\u0101ls: polikarbon\u0101ts Ra\u017eot\u0101js: \u0136\u012bna<\/p>","protected":false},"featured_media":6067,"template":"","meta":{"_seopress_robots_primary_cat":"none","_seopress_titles_title":"","_seopress_titles_desc":"","_seopress_robots_index":""},"product_brand":[],"product_cat":[178,15,82],"product_tag":[175],"class_list":{"0":"post-6065","1":"product","2":"type-product","3":"status-publish","4":"has-post-thumbnail","6":"product_cat-easter-products","7":"product_cat-all-products","8":"product_cat-chocolate-molds","9":"product_tag-easter","11":"first","12":"instock","13":"sale","14":"taxable","15":"shipping-taxable","16":"purchasable","17":"product-type-simple"},"_links":{"self":[{"href":"https:\/\/candeebaar.ee\/lv\/wp-json\/wp\/v2\/product\/6065","targetHints":{"allow":["GET"]}}],"collection":[{"href":"https:\/\/candeebaar.ee\/lv\/wp-json\/wp\/v2\/product"}],"about":[{"href":"https:\/\/candeebaar.ee\/lv\/wp-json\/wp\/v2\/types\/product"}],"version-history":[{"count":1,"href":"https:\/\/candeebaar.ee\/lv\/wp-json\/wp\/v2\/product\/6065\/revisions"}],"predecessor-version":[{"id":6066,"href":"https:\/\/candeebaar.ee\/lv\/wp-json\/wp\/v2\/product\/6065\/revisions\/6066"}],"wp:featuredmedia":[{"embeddable":true,"href":"https:\/\/candeebaar.ee\/lv\/wp-json\/wp\/v2\/media\/6067"}],"wp:attachment":[{"href":"https:\/\/candeebaar.ee\/lv\/wp-json\/wp\/v2\/media?parent=6065"}],"wp:term":[{"taxonomy":"product_brand","embeddable":true,"href":"https:\/\/candeebaar.ee\/lv\/wp-json\/wp\/v2\/product_brand?post=6065"},{"taxonomy":"product_cat","embeddable":true,"href":"https:\/\/candeebaar.ee\/lv\/wp-json\/wp\/v2\/product_cat?post=6065"},{"taxonomy":"product_tag","embeddable":true,"href":"https:\/\/candeebaar.ee\/lv\/wp-json\/wp\/v2\/product_tag?post=6065"}],"curies":[{"name":"wp","href":"https:\/\/api.w.org\/{rel}","templated":true}]}}