{"id":6080,"date":"2024-12-31T20:11:36","date_gmt":"2024-12-31T20:11:36","guid":{"rendered":"https:\/\/storetest.ivi.ee\/product\/silicone-mold-abc-xl\/"},"modified":"2026-04-05T17:20:04","modified_gmt":"2026-04-05T15:20:04","slug":"silikona-veidne-abc-xl","status":"publish","type":"product","link":"https:\/\/candeebaar.ee\/lv\/veikals\/silikona-veidne-abc-xl\/","title":{"rendered":"Silikona veidne ABC XL"},"content":{"rendered":"<p>Silikona veidne ir piem\u0113rota cep\u0161anai un \u0161okol\u0101dei.<br \/>\nIzm\u0113rs: 34\u00d722,5\u00d72,2 cm<br \/>\nA burta izm\u0113rs: 53x34x22mm<br \/>\nMateri\u0101ls: p\u0101rtikas silikons<br \/>\nLieto\u0161anas temperat\u016bra: -30\u00b0C l\u012bdz 230\u00b0C<br \/>\nRa\u017eot\u0101js: \u0136\u012bna<\/p>","protected":false},"excerpt":{"rendered":"<p>Silikona veidne ir piem\u0113rota cep\u0161anai un \u0161okol\u0101dei. Izm\u0113rs: 34\u00d722,5\u00d72,2cm Burta A izm\u0113rs: 53x34x22mm Materi\u0101ls: p\u0101rtikas silikons Lieto\u0161anas temperat\u016bra: -30\u00b0C l\u012bdz 230\u00b0C Ra\u017eot\u0101js: \u0136\u012bna<\/p>","protected":false},"featured_media":6082,"template":"","meta":{"_seopress_robots_primary_cat":"","_seopress_titles_title":"","_seopress_titles_desc":"","_seopress_robots_index":""},"product_brand":[],"product_cat":[15,82,124],"product_tag":[],"class_list":{"0":"post-6080","1":"product","2":"type-product","3":"status-publish","4":"has-post-thumbnail","6":"product_cat-all-products","7":"product_cat-chocolate-molds","8":"product_cat-letters-and-numbers","10":"first","11":"instock","12":"sale","13":"taxable","14":"shipping-taxable","15":"purchasable","16":"product-type-simple"},"_links":{"self":[{"href":"https:\/\/candeebaar.ee\/lv\/wp-json\/wp\/v2\/product\/6080","targetHints":{"allow":["GET"]}}],"collection":[{"href":"https:\/\/candeebaar.ee\/lv\/wp-json\/wp\/v2\/product"}],"about":[{"href":"https:\/\/candeebaar.ee\/lv\/wp-json\/wp\/v2\/types\/product"}],"version-history":[{"count":1,"href":"https:\/\/candeebaar.ee\/lv\/wp-json\/wp\/v2\/product\/6080\/revisions"}],"predecessor-version":[{"id":6081,"href":"https:\/\/candeebaar.ee\/lv\/wp-json\/wp\/v2\/product\/6080\/revisions\/6081"}],"wp:featuredmedia":[{"embeddable":true,"href":"https:\/\/candeebaar.ee\/lv\/wp-json\/wp\/v2\/media\/6082"}],"wp:attachment":[{"href":"https:\/\/candeebaar.ee\/lv\/wp-json\/wp\/v2\/media?parent=6080"}],"wp:term":[{"taxonomy":"product_brand","embeddable":true,"href":"https:\/\/candeebaar.ee\/lv\/wp-json\/wp\/v2\/product_brand?post=6080"},{"taxonomy":"product_cat","embeddable":true,"href":"https:\/\/candeebaar.ee\/lv\/wp-json\/wp\/v2\/product_cat?post=6080"},{"taxonomy":"product_tag","embeddable":true,"href":"https:\/\/candeebaar.ee\/lv\/wp-json\/wp\/v2\/product_tag?post=6080"}],"curies":[{"name":"wp","href":"https:\/\/api.w.org\/{rel}","templated":true}]}}