{"id":6095,"date":"2024-12-31T20:11:36","date_gmt":"2024-12-31T20:11:36","guid":{"rendered":"https:\/\/storetest.ivi.ee\/product\/modeling-set-9-pcs\/"},"modified":"2026-03-15T08:28:33","modified_gmt":"2026-03-15T06:28:33","slug":"modelesanas-komplekts-9-gab","status":"publish","type":"product","link":"https:\/\/candeebaar.ee\/lv\/veikals\/modelesanas-komplekts-9-gab\/","title":{"rendered":"Model\u0113\u0161anas komplekts 9 gab"},"content":{"rendered":"<p>Plastmasas model\u0113\u0161anas komplekts.<br \/>\nKomplekt\u0101 ietilpst 9 abpus\u0113ji instrumenti.<br \/>\nVid\u0113jais garums: 16 cm<br \/>\nRa\u017eot\u0101js: \u0136\u012bna<\/p>","protected":false},"excerpt":{"rendered":"<p>Plastmasas model\u0113\u0161anas komplekts. Komplekt\u0101 ietilpst 9 abpus\u0113ji instrumenti. Vid\u0113jais garums: 16 cm Ra\u017eot\u0101js: \u0136\u012bna<\/p>","protected":false},"featured_media":6097,"template":"","meta":{"_seopress_robots_primary_cat":"","_seopress_titles_title":"","_seopress_titles_desc":"","_seopress_robots_index":""},"product_brand":[],"product_cat":[15,84],"product_tag":[],"class_list":{"0":"post-6095","1":"product","2":"type-product","3":"status-publish","4":"has-post-thumbnail","6":"product_cat-all-products","7":"product_cat-tools","9":"first","10":"instock","11":"taxable","12":"shipping-taxable","13":"purchasable","14":"product-type-simple"},"_links":{"self":[{"href":"https:\/\/candeebaar.ee\/lv\/wp-json\/wp\/v2\/product\/6095","targetHints":{"allow":["GET"]}}],"collection":[{"href":"https:\/\/candeebaar.ee\/lv\/wp-json\/wp\/v2\/product"}],"about":[{"href":"https:\/\/candeebaar.ee\/lv\/wp-json\/wp\/v2\/types\/product"}],"version-history":[{"count":1,"href":"https:\/\/candeebaar.ee\/lv\/wp-json\/wp\/v2\/product\/6095\/revisions"}],"predecessor-version":[{"id":6096,"href":"https:\/\/candeebaar.ee\/lv\/wp-json\/wp\/v2\/product\/6095\/revisions\/6096"}],"wp:featuredmedia":[{"embeddable":true,"href":"https:\/\/candeebaar.ee\/lv\/wp-json\/wp\/v2\/media\/6097"}],"wp:attachment":[{"href":"https:\/\/candeebaar.ee\/lv\/wp-json\/wp\/v2\/media?parent=6095"}],"wp:term":[{"taxonomy":"product_brand","embeddable":true,"href":"https:\/\/candeebaar.ee\/lv\/wp-json\/wp\/v2\/product_brand?post=6095"},{"taxonomy":"product_cat","embeddable":true,"href":"https:\/\/candeebaar.ee\/lv\/wp-json\/wp\/v2\/product_cat?post=6095"},{"taxonomy":"product_tag","embeddable":true,"href":"https:\/\/candeebaar.ee\/lv\/wp-json\/wp\/v2\/product_tag?post=6095"}],"curies":[{"name":"wp","href":"https:\/\/api.w.org\/{rel}","templated":true}]}}