{"id":6098,"date":"2024-12-31T20:11:42","date_gmt":"2024-12-31T20:11:42","guid":{"rendered":"https:\/\/storetest.ivi.ee\/product\/metal-spatula-for-transferring-20x20-cm\/"},"modified":"2026-03-31T12:23:28","modified_gmt":"2026-03-31T10:23:28","slug":"metala-lapstina-parnesanai-20x20-cm","status":"publish","type":"product","link":"https:\/\/candeebaar.ee\/lv\/veikals\/metala-lapstina-parnesanai-20x20-cm\/","title":{"rendered":"Met\u0101la l\u0101psti\u0146a p\u0101rvieto\u0161anai 20\u00d720 cm"},"content":{"rendered":"<p>\u0112rta t\u0113rauda l\u0101psti\u0146a cepumu, k\u016bku, picu u.c. p\u0101rne\u0161anai.<br \/>\nDarba da\u013ca 20\u00d720 cm \u013cauj bez boj\u0101jumiem p\u0101rvietot priek\u0161metus l\u012bdz 30 cm un vair\u0101k.<br \/>\nMateri\u0101ls: t\u0113rauds<br \/>\nRa\u017eot\u0101js: \u0136\u012bna<\/p>","protected":false},"excerpt":{"rendered":"<p>\u0112rta t\u0113rauda l\u0101psti\u0146a cepumu, k\u016bku, picu uc p\u0101rvieto\u0161anai. Darba da\u013ca 20\u00d720 cm \u013cauj bez boj\u0101jumiem p\u0101rvietot priek\u0161metus l\u012bdz 30 cm un vair\u0101k. Materi\u0101ls: t\u0113rauds Ra\u017eot\u0101js: \u0136\u012bna<\/p>","protected":false},"featured_media":6100,"template":"","meta":{"_seopress_robots_primary_cat":"none","_seopress_titles_title":"","_seopress_titles_desc":"","_seopress_robots_index":""},"product_brand":[],"product_cat":[15],"product_tag":[],"class_list":{"0":"post-6098","1":"product","2":"type-product","3":"status-publish","4":"has-post-thumbnail","6":"product_cat-all-products","8":"first","9":"instock","10":"sale","11":"taxable","12":"shipping-taxable","13":"purchasable","14":"product-type-simple"},"_links":{"self":[{"href":"https:\/\/candeebaar.ee\/lv\/wp-json\/wp\/v2\/product\/6098","targetHints":{"allow":["GET"]}}],"collection":[{"href":"https:\/\/candeebaar.ee\/lv\/wp-json\/wp\/v2\/product"}],"about":[{"href":"https:\/\/candeebaar.ee\/lv\/wp-json\/wp\/v2\/types\/product"}],"version-history":[{"count":1,"href":"https:\/\/candeebaar.ee\/lv\/wp-json\/wp\/v2\/product\/6098\/revisions"}],"predecessor-version":[{"id":6099,"href":"https:\/\/candeebaar.ee\/lv\/wp-json\/wp\/v2\/product\/6098\/revisions\/6099"}],"wp:featuredmedia":[{"embeddable":true,"href":"https:\/\/candeebaar.ee\/lv\/wp-json\/wp\/v2\/media\/6100"}],"wp:attachment":[{"href":"https:\/\/candeebaar.ee\/lv\/wp-json\/wp\/v2\/media?parent=6098"}],"wp:term":[{"taxonomy":"product_brand","embeddable":true,"href":"https:\/\/candeebaar.ee\/lv\/wp-json\/wp\/v2\/product_brand?post=6098"},{"taxonomy":"product_cat","embeddable":true,"href":"https:\/\/candeebaar.ee\/lv\/wp-json\/wp\/v2\/product_cat?post=6098"},{"taxonomy":"product_tag","embeddable":true,"href":"https:\/\/candeebaar.ee\/lv\/wp-json\/wp\/v2\/product_tag?post=6098"}],"curies":[{"name":"wp","href":"https:\/\/api.w.org\/{rel}","templated":true}]}}