{"id":6104,"date":"2024-12-31T20:11:42","date_gmt":"2024-12-31T20:11:42","guid":{"rendered":"https:\/\/storetest.ivi.ee\/product\/box-for-cake-35-35-35-cm-with-window\/"},"modified":"2026-04-06T07:20:41","modified_gmt":"2026-04-06T05:20:41","slug":"kaste-kukai-35-35-35-cm-ar-logu","status":"publish","type":"product","link":"https:\/\/candeebaar.ee\/lv\/veikals\/kaste-kukai-35-35-35-cm-ar-logu\/","title":{"rendered":"Kaste k\u016bkai 35 35 35 cm ar logu"},"content":{"rendered":"<p>K\u016bku kaste sast\u0101v no iztur\u012bgas pamatnes (mikrogofr\u0113ts kartons) un v\u0101ka ar logu (kartons + polietil\u0113ns).<br \/>\nIzm\u0113rs: 35*35*h35cm<br \/>\nKr\u0101sa: balta<br \/>\nKaste tiek izmantota transport\u0113\u0161anai un nav paredz\u0113ta tie\u0161ai saskarei ar produktu; pamatnei j\u0101izmanto k\u016bkas d\u0113lis.<br \/>\nRa\u017eo\u0161ana: Polija<\/p>","protected":false},"excerpt":{"rendered":"<p>K\u016bku kaste sast\u0101v no iztur\u012bgas pamatnes (mikrogofr\u0113ts kartons) un v\u0101ka ar logu (kartons + polietil\u0113ns). Izm\u0113rs: 35*35*h35cm Kr\u0101sa: balta Kaste tiek izmantota transport\u0113\u0161anai un nav paredz\u0113ta tie\u0161ai saskarei ar preci; pamatnei j\u0101izmanto k\u016bkas d\u0113lis. Ra\u017eo\u0161ana: Polija<\/p>","protected":false},"featured_media":6026,"template":"","meta":{"_seopress_robots_primary_cat":"none","_seopress_titles_title":"","_seopress_titles_desc":"","_seopress_robots_index":""},"product_brand":[],"product_cat":[180,15,135,136],"product_tag":[],"class_list":{"0":"post-6104","1":"product","2":"type-product","3":"status-publish","4":"has-post-thumbnail","6":"product_cat-wedding-products","7":"product_cat-all-products","8":"product_cat-31cm-base-and-bigger","9":"product_cat-tall-cake-boxes-h25cm","11":"first","12":"instock","13":"taxable","14":"shipping-taxable","15":"purchasable","16":"product-type-simple"},"_links":{"self":[{"href":"https:\/\/candeebaar.ee\/lv\/wp-json\/wp\/v2\/product\/6104","targetHints":{"allow":["GET"]}}],"collection":[{"href":"https:\/\/candeebaar.ee\/lv\/wp-json\/wp\/v2\/product"}],"about":[{"href":"https:\/\/candeebaar.ee\/lv\/wp-json\/wp\/v2\/types\/product"}],"version-history":[{"count":1,"href":"https:\/\/candeebaar.ee\/lv\/wp-json\/wp\/v2\/product\/6104\/revisions"}],"predecessor-version":[{"id":6105,"href":"https:\/\/candeebaar.ee\/lv\/wp-json\/wp\/v2\/product\/6104\/revisions\/6105"}],"wp:featuredmedia":[{"embeddable":true,"href":"https:\/\/candeebaar.ee\/lv\/wp-json\/wp\/v2\/media\/6026"}],"wp:attachment":[{"href":"https:\/\/candeebaar.ee\/lv\/wp-json\/wp\/v2\/media?parent=6104"}],"wp:term":[{"taxonomy":"product_brand","embeddable":true,"href":"https:\/\/candeebaar.ee\/lv\/wp-json\/wp\/v2\/product_brand?post=6104"},{"taxonomy":"product_cat","embeddable":true,"href":"https:\/\/candeebaar.ee\/lv\/wp-json\/wp\/v2\/product_cat?post=6104"},{"taxonomy":"product_tag","embeddable":true,"href":"https:\/\/candeebaar.ee\/lv\/wp-json\/wp\/v2\/product_tag?post=6104"}],"curies":[{"name":"wp","href":"https:\/\/api.w.org\/{rel}","templated":true}]}}