{"id":6115,"date":"2024-12-31T20:11:42","date_gmt":"2024-12-31T20:11:42","guid":{"rendered":"https:\/\/storetest.ivi.ee\/product\/baking-mold-for-easter-cakes-70x60mm-10pcs\/"},"modified":"2026-04-08T12:02:38","modified_gmt":"2026-04-08T10:02:38","slug":"cepsanas-veidne-lieldienu-kukam-70x60mm-10gab","status":"publish","type":"product","link":"https:\/\/candeebaar.ee\/lv\/veikals\/cepsanas-veidne-lieldienu-kukam-70x60mm-10gab\/","title":{"rendered":"Lieldienu k\u016bku cep\u0161anas veidne 70x60mm 10gab"},"content":{"rendered":"<p>Pap\u012bra veidne ir piem\u0113rota Lieldienu k\u016bku cep\u0161anai.<br \/>\nPlatums: 70mm<br \/>\nAugstums: 60mm<br \/>\nMateri\u0101ls: perfor\u0113ts pap\u012brs ar rakstu.<br \/>\nGatav\u0101s k\u016bkas masa: aptuveni 65g.<br \/>\nIepakojum\u0101: 10gab.<br \/>\nRa\u017eot\u0101js: It\u0101lija<\/p>","protected":false},"excerpt":{"rendered":"<p>Pap\u012bra veidne ir piem\u0113rota Lieldienu k\u016bku cep\u0161anai. Platums: 70mm Augstums: 60mm Materi\u0101ls: perfor\u0113ts pap\u012brs ar rakstu. Gatav\u0101s k\u016bkas masa: aptuveni 65g. Iepakojum\u0101: 10gab. Ra\u017eot\u0101js: It\u0101lija<\/p>","protected":false},"featured_media":6110,"template":"","meta":{"_seopress_robots_primary_cat":"none","_seopress_titles_title":"Paper perforated molds set of x10 size 70x60mm for Easter cakes!","_seopress_titles_desc":"Top quality and classic design make this molds a perfect fit for baking Ester cakes! We have many sizes in stock selling by x10 x100 or bigger quantities!","_seopress_robots_index":""},"product_brand":[],"product_cat":[178,15,117,90],"product_tag":[175],"class_list":{"0":"post-6115","1":"product","2":"type-product","3":"status-publish","4":"has-post-thumbnail","6":"product_cat-easter-products","7":"product_cat-all-products","8":"product_cat-paper","9":"product_cat-paper-cups-and-tulips","10":"product_tag-easter","12":"first","13":"instock","14":"taxable","15":"shipping-taxable","16":"purchasable","17":"product-type-simple"},"_links":{"self":[{"href":"https:\/\/candeebaar.ee\/lv\/wp-json\/wp\/v2\/product\/6115","targetHints":{"allow":["GET"]}}],"collection":[{"href":"https:\/\/candeebaar.ee\/lv\/wp-json\/wp\/v2\/product"}],"about":[{"href":"https:\/\/candeebaar.ee\/lv\/wp-json\/wp\/v2\/types\/product"}],"version-history":[{"count":1,"href":"https:\/\/candeebaar.ee\/lv\/wp-json\/wp\/v2\/product\/6115\/revisions"}],"predecessor-version":[{"id":6116,"href":"https:\/\/candeebaar.ee\/lv\/wp-json\/wp\/v2\/product\/6115\/revisions\/6116"}],"wp:featuredmedia":[{"embeddable":true,"href":"https:\/\/candeebaar.ee\/lv\/wp-json\/wp\/v2\/media\/6110"}],"wp:attachment":[{"href":"https:\/\/candeebaar.ee\/lv\/wp-json\/wp\/v2\/media?parent=6115"}],"wp:term":[{"taxonomy":"product_brand","embeddable":true,"href":"https:\/\/candeebaar.ee\/lv\/wp-json\/wp\/v2\/product_brand?post=6115"},{"taxonomy":"product_cat","embeddable":true,"href":"https:\/\/candeebaar.ee\/lv\/wp-json\/wp\/v2\/product_cat?post=6115"},{"taxonomy":"product_tag","embeddable":true,"href":"https:\/\/candeebaar.ee\/lv\/wp-json\/wp\/v2\/product_tag?post=6115"}],"curies":[{"name":"wp","href":"https:\/\/api.w.org\/{rel}","templated":true}]}}