{"id":6119,"date":"2024-12-31T20:11:42","date_gmt":"2024-12-31T20:11:42","guid":{"rendered":"https:\/\/storetest.ivi.ee\/product\/baking-mold-for-easter-cakes-110x85mm-100pcs\/"},"modified":"2026-04-01T13:01:39","modified_gmt":"2026-04-01T11:01:39","slug":"cepsanas-veidne-lieldienu-kukam-110x85mm-100gab","status":"publish","type":"product","link":"https:\/\/candeebaar.ee\/lv\/veikals\/cepsanas-veidne-lieldienu-kukam-110x85mm-100gab\/","title":{"rendered":"Cep\u0161anas forma Lieldienu k\u016bk\u0101m 110x65mm 100gab."},"content":{"rendered":"<p>Pap\u012bra veidne ir piem\u0113rota Lieldienu k\u016bku cep\u0161anai.<br \/>\nPlatums: 110 mm<br \/>\nAugstums: 65 mm<br \/>\nMateri\u0101ls: perfor\u0113ts pap\u012brs ar rakstu.<br \/>\nGatav\u0101s k\u016bkas svars: aptuveni 300g.<br \/>\nIepakojum\u0101 ir 100 gab.<br \/>\nRa\u017eot\u0101js: It\u0101lija<\/p>","protected":false},"excerpt":{"rendered":"<p>Pap\u012bra veidne ir piem\u0113rota Lieldienu k\u016bku cep\u0161anai. Platums: 110 mm Augstums: 65 mm Materi\u0101ls: perfor\u0113ts pap\u012brs ar rakstu. Gatav\u0101s k\u016bkas svars: aptuveni 300 g. Iepakojum\u0101 ir 100 gab. Ra\u017eot\u0101js: It\u0101lija<\/p>","protected":false},"featured_media":15929,"template":"","meta":{"_seopress_robots_primary_cat":"none","_seopress_titles_title":"Paper perforated molds set of x100 size 110x85mm for Easter cakes!","_seopress_titles_desc":"Top quality and classic design make this molds a perfect fit for baking Ester cakes! We have many sizes in stock selling by x10 x100 or bigger quantities!","_seopress_robots_index":""},"product_brand":[],"product_cat":[178,15,117,90,109],"product_tag":[175],"class_list":{"0":"post-6119","1":"product","2":"type-product","3":"status-publish","4":"has-post-thumbnail","6":"product_cat-easter-products","7":"product_cat-all-products","8":"product_cat-paper","9":"product_cat-paper-cups-and-tulips","10":"product_cat-sale","11":"product_tag-easter","13":"first","14":"instock","15":"taxable","16":"shipping-taxable","17":"purchasable","18":"product-type-simple"},"_links":{"self":[{"href":"https:\/\/candeebaar.ee\/lv\/wp-json\/wp\/v2\/product\/6119","targetHints":{"allow":["GET"]}}],"collection":[{"href":"https:\/\/candeebaar.ee\/lv\/wp-json\/wp\/v2\/product"}],"about":[{"href":"https:\/\/candeebaar.ee\/lv\/wp-json\/wp\/v2\/types\/product"}],"version-history":[{"count":3,"href":"https:\/\/candeebaar.ee\/lv\/wp-json\/wp\/v2\/product\/6119\/revisions"}],"predecessor-version":[{"id":15934,"href":"https:\/\/candeebaar.ee\/lv\/wp-json\/wp\/v2\/product\/6119\/revisions\/15934"}],"wp:featuredmedia":[{"embeddable":true,"href":"https:\/\/candeebaar.ee\/lv\/wp-json\/wp\/v2\/media\/15929"}],"wp:attachment":[{"href":"https:\/\/candeebaar.ee\/lv\/wp-json\/wp\/v2\/media?parent=6119"}],"wp:term":[{"taxonomy":"product_brand","embeddable":true,"href":"https:\/\/candeebaar.ee\/lv\/wp-json\/wp\/v2\/product_brand?post=6119"},{"taxonomy":"product_cat","embeddable":true,"href":"https:\/\/candeebaar.ee\/lv\/wp-json\/wp\/v2\/product_cat?post=6119"},{"taxonomy":"product_tag","embeddable":true,"href":"https:\/\/candeebaar.ee\/lv\/wp-json\/wp\/v2\/product_tag?post=6119"}],"curies":[{"name":"wp","href":"https:\/\/api.w.org\/{rel}","templated":true}]}}