{"id":6126,"date":"2024-12-31T20:11:42","date_gmt":"2024-12-31T20:11:42","guid":{"rendered":"https:\/\/storetest.ivi.ee\/product\/choco-sheets-25-sheets-kopyform\/"},"modified":"2026-03-08T00:13:42","modified_gmt":"2026-03-07T22:13:42","slug":"sokolades-loksnes-25-lapas-kopyform","status":"publish","type":"product","link":"https:\/\/candeebaar.ee\/lv\/veikals\/sokolades-loksnes-25-lapas-kopyform\/","title":{"rendered":"\u0160okol\u0101des loksnes (25 loksnes) Kopyform"},"content":{"rendered":"<p>\u0160okol\u0101des p\u0101rs\u016bt\u012b\u0161anas pap\u012brs profesion\u0101lai lieto\u0161anai.<br \/>\nSast\u0101vs: kukur\u016bzas milti, \u016bdens, kakao sviests, s\u012brups, sausais olu baltums (satur <strong>olu<\/strong> un <strong>laktoze<\/strong>, sast\u0101v no saus\u0101 prote\u012bna no <strong>vistas olu<\/strong>, saus\u0101 v\u0101jpiena <strong>pienu<\/strong>, stabilizatori E415, E466, sk\u0101buma regul\u0113t\u0101js E330, cepamais pulveris E500), biezin\u0101t\u0101js E1422, kartupe\u013cu ciete. , ol\u012bve\u013c\u013ca, konservants E202.<br \/>\nSvars: 240g<br \/>\n100g satur:<br \/>\n1845kJ\/440kcal<br \/>\nTauki (pies\u0101tin\u0101tie): 22g (19g)<br \/>\nOg\u013chidr\u0101ti (cukurs): 60g (10g)<br \/>\nOlbaltumvielas: 10g<br \/>\nS\u0101ls: 2,54 g<br \/>\nLoksnes izm\u0113rs: A4 (25 gab.)<br \/>\nUzglab\u0101t herm\u0113tisk\u0101 iepakojum\u0101 tum\u0161\u0101 v\u0113s\u0101 viet\u0101.<br \/>\nRa\u017eot\u0101js: V\u0101cija Kopyform<\/p>","protected":false},"excerpt":{"rendered":"<p>\u0160okol\u0101des p\u0101rs\u016bt\u012b\u0161anas pap\u012brs profesion\u0101lai lieto\u0161anai. Sast\u0101vs: kukur\u016bzas milti, \u016bdens, kakao sviests, s\u012brups, sausais olas baltums (satur olu un laktozi, sast\u0101v no saus\u0101 vistas olu prote\u012bna, sausais v\u0101jpiens, stabilizatori E415, E466, sk\u0101buma regul\u0113t\u0101js E330, cepamais pulveris E500), biezin\u0101t\u0101js E1422, kartupe\u013cu ciete. , ol\u012bve\u013c\u013ca, konservants E202. Svars: 240g 100g satur: 1845kJ\/440kcal Tauki (pies\u0101tin\u0101tie): [\u2026]<\/p>","protected":false},"featured_media":10522,"template":"","meta":{"_seopress_robots_primary_cat":"none","_seopress_titles_title":"","_seopress_titles_desc":"","_seopress_robots_index":""},"product_brand":[],"product_cat":[15,105],"product_tag":[],"class_list":{"0":"post-6126","1":"product","2":"type-product","3":"status-publish","4":"has-post-thumbnail","6":"product_cat-all-products","7":"product_cat-edible-print","9":"first","10":"instock","11":"taxable","12":"shipping-taxable","13":"purchasable","14":"product-type-simple"},"_links":{"self":[{"href":"https:\/\/candeebaar.ee\/lv\/wp-json\/wp\/v2\/product\/6126","targetHints":{"allow":["GET"]}}],"collection":[{"href":"https:\/\/candeebaar.ee\/lv\/wp-json\/wp\/v2\/product"}],"about":[{"href":"https:\/\/candeebaar.ee\/lv\/wp-json\/wp\/v2\/types\/product"}],"version-history":[{"count":3,"href":"https:\/\/candeebaar.ee\/lv\/wp-json\/wp\/v2\/product\/6126\/revisions"}],"predecessor-version":[{"id":10520,"href":"https:\/\/candeebaar.ee\/lv\/wp-json\/wp\/v2\/product\/6126\/revisions\/10520"}],"wp:featuredmedia":[{"embeddable":true,"href":"https:\/\/candeebaar.ee\/lv\/wp-json\/wp\/v2\/media\/10522"}],"wp:attachment":[{"href":"https:\/\/candeebaar.ee\/lv\/wp-json\/wp\/v2\/media?parent=6126"}],"wp:term":[{"taxonomy":"product_brand","embeddable":true,"href":"https:\/\/candeebaar.ee\/lv\/wp-json\/wp\/v2\/product_brand?post=6126"},{"taxonomy":"product_cat","embeddable":true,"href":"https:\/\/candeebaar.ee\/lv\/wp-json\/wp\/v2\/product_cat?post=6126"},{"taxonomy":"product_tag","embeddable":true,"href":"https:\/\/candeebaar.ee\/lv\/wp-json\/wp\/v2\/product_tag?post=6126"}],"curies":[{"name":"wp","href":"https:\/\/api.w.org\/{rel}","templated":true}]}}