{"id":6137,"date":"2024-12-31T20:11:42","date_gmt":"2024-12-31T20:11:42","guid":{"rendered":"https:\/\/storetest.ivi.ee\/product\/dry-dye-red-sosa-70g\/"},"modified":"2025-05-12T11:38:25","modified_gmt":"2025-05-12T09:38:25","slug":"sausa-krasa-sarkana-sosa-70g","status":"publish","type":"product","link":"https:\/\/candeebaar.ee\/lv\/veikals\/sausa-krasa-sarkana-sosa-70g\/","title":{"rendered":"Pulverkr\u0101sa Red SOSA 70g"},"content":{"rendered":"<p>Saus\u0101 p\u0101rtikas kr\u0101sviela.<br \/>\nSast\u0101vs: E124<br \/>\nKr\u0101sa: sarkana<br \/>\nMasa: 70g<br \/>\nVar negat\u012bvi ietekm\u0113t b\u0113rnu aktivit\u0101ti un uzman\u012bbu.<br \/>\nRa\u017eot\u0101js: Sp\u0101nija, Sosa<br \/>\nDer\u012bguma termi\u0146\u0161: 03.05.2024<\/p>","protected":false},"excerpt":{"rendered":"<p>Saus\u0101 p\u0101rtikas kr\u0101sviela. Sast\u0101vs: E124 Kr\u0101sa: sarkana Masa: 70g Var negat\u012bvi ietekm\u0113t b\u0113rnu aktivit\u0101ti un uzman\u012bbu. Ra\u017eot\u0101js: Sp\u0101nija, Sosa Der\u012bguma termi\u0146\u0161: 03.05.2024<\/p>","protected":false},"featured_media":6139,"template":"","meta":{"_seopress_robots_primary_cat":"none","_seopress_titles_title":"","_seopress_titles_desc":"","_seopress_robots_index":""},"product_brand":[],"product_cat":[15,112,109],"product_tag":[],"class_list":{"0":"post-6137","1":"product","2":"type-product","3":"status-publish","4":"has-post-thumbnail","6":"product_cat-all-products","7":"product_cat-powder-water-soluble","8":"product_cat-sale","10":"first","11":"outofstock","12":"sale","13":"taxable","14":"shipping-taxable","15":"purchasable","16":"product-type-simple"},"_links":{"self":[{"href":"https:\/\/candeebaar.ee\/lv\/wp-json\/wp\/v2\/product\/6137","targetHints":{"allow":["GET"]}}],"collection":[{"href":"https:\/\/candeebaar.ee\/lv\/wp-json\/wp\/v2\/product"}],"about":[{"href":"https:\/\/candeebaar.ee\/lv\/wp-json\/wp\/v2\/types\/product"}],"version-history":[{"count":2,"href":"https:\/\/candeebaar.ee\/lv\/wp-json\/wp\/v2\/product\/6137\/revisions"}],"predecessor-version":[{"id":8363,"href":"https:\/\/candeebaar.ee\/lv\/wp-json\/wp\/v2\/product\/6137\/revisions\/8363"}],"wp:featuredmedia":[{"embeddable":true,"href":"https:\/\/candeebaar.ee\/lv\/wp-json\/wp\/v2\/media\/6139"}],"wp:attachment":[{"href":"https:\/\/candeebaar.ee\/lv\/wp-json\/wp\/v2\/media?parent=6137"}],"wp:term":[{"taxonomy":"product_brand","embeddable":true,"href":"https:\/\/candeebaar.ee\/lv\/wp-json\/wp\/v2\/product_brand?post=6137"},{"taxonomy":"product_cat","embeddable":true,"href":"https:\/\/candeebaar.ee\/lv\/wp-json\/wp\/v2\/product_cat?post=6137"},{"taxonomy":"product_tag","embeddable":true,"href":"https:\/\/candeebaar.ee\/lv\/wp-json\/wp\/v2\/product_tag?post=6137"}],"curies":[{"name":"wp","href":"https:\/\/api.w.org\/{rel}","templated":true}]}}