{"id":6145,"date":"2024-12-31T20:11:42","date_gmt":"2024-12-31T20:11:42","guid":{"rendered":"https:\/\/storetest.ivi.ee\/product\/cake-bag-90x90-10pcs\/"},"modified":"2026-04-06T16:24:34","modified_gmt":"2026-04-06T14:24:34","slug":"kuku-maisins-90x90-10gab","status":"publish","type":"product","link":"https:\/\/candeebaar.ee\/lv\/veikals\/kuku-maisins-90x90-10gab\/","title":{"rendered":"Lieldienu k\u016bku maisi\u0146\u0161 90\u00d790 10 gab."},"content":{"rendered":"<p>Caursp\u012bd\u012bga plakana dibena soma no polipropil\u0113na k\u016bkai.<br \/>\n Piem\u0113rots k\u016bk\u0101m 90x90mm form\u0101t\u0101.<br \/>\n Izm\u0113rs: 30x18cm<br \/>\n <strong>K\u016bku veidnes tiek p\u0101rdotas atsevi\u0161\u0137i.<\/strong><\/p>","protected":false},"excerpt":{"rendered":"<p>Caursp\u012bd\u012bgs plakandibena maisi\u0146\u0161 no polipropil\u0113na k\u016bkai. Piem\u0113rots k\u016bk\u0101m 90x90mm form\u0101t\u0101. Izm\u0113rs: 30x18cm K\u016bku veidnes tiek p\u0101rdotas atsevi\u0161\u0137i.<\/p>","protected":false},"featured_media":6147,"template":"","meta":{"_seopress_robots_primary_cat":"","_seopress_titles_title":"","_seopress_titles_desc":"","_seopress_robots_index":""},"product_brand":[],"product_cat":[178,15,95],"product_tag":[],"class_list":{"0":"post-6145","1":"product","2":"type-product","3":"status-publish","4":"has-post-thumbnail","6":"product_cat-easter-products","7":"product_cat-all-products","8":"product_cat-plastic-and-paper-bags","10":"first","11":"instock","12":"taxable","13":"shipping-taxable","14":"purchasable","15":"product-type-simple"},"_links":{"self":[{"href":"https:\/\/candeebaar.ee\/lv\/wp-json\/wp\/v2\/product\/6145","targetHints":{"allow":["GET"]}}],"collection":[{"href":"https:\/\/candeebaar.ee\/lv\/wp-json\/wp\/v2\/product"}],"about":[{"href":"https:\/\/candeebaar.ee\/lv\/wp-json\/wp\/v2\/types\/product"}],"version-history":[{"count":2,"href":"https:\/\/candeebaar.ee\/lv\/wp-json\/wp\/v2\/product\/6145\/revisions"}],"predecessor-version":[{"id":16083,"href":"https:\/\/candeebaar.ee\/lv\/wp-json\/wp\/v2\/product\/6145\/revisions\/16083"}],"wp:featuredmedia":[{"embeddable":true,"href":"https:\/\/candeebaar.ee\/lv\/wp-json\/wp\/v2\/media\/6147"}],"wp:attachment":[{"href":"https:\/\/candeebaar.ee\/lv\/wp-json\/wp\/v2\/media?parent=6145"}],"wp:term":[{"taxonomy":"product_brand","embeddable":true,"href":"https:\/\/candeebaar.ee\/lv\/wp-json\/wp\/v2\/product_brand?post=6145"},{"taxonomy":"product_cat","embeddable":true,"href":"https:\/\/candeebaar.ee\/lv\/wp-json\/wp\/v2\/product_cat?post=6145"},{"taxonomy":"product_tag","embeddable":true,"href":"https:\/\/candeebaar.ee\/lv\/wp-json\/wp\/v2\/product_tag?post=6145"}],"curies":[{"name":"wp","href":"https:\/\/api.w.org\/{rel}","templated":true}]}}