{"id":6156,"date":"2024-12-31T20:11:47","date_gmt":"2024-12-31T20:11:47","guid":{"rendered":"https:\/\/storetest.ivi.ee\/product\/printing-on-wafer-paper-0-6mm-a4\/"},"modified":"2024-12-31T20:11:48","modified_gmt":"2024-12-31T20:11:48","slug":"druka-uz-vafelu-papira-0-6-mm-a4","status":"publish","type":"product","link":"https:\/\/candeebaar.ee\/lv\/veikals\/druka-uz-vafelu-papira-0-6-mm-a4\/","title":{"rendered":"Druk\u0101\u0161ana uz vafe\u013cu pap\u012bra 0,6 mm A4"},"content":{"rendered":"<p>P\u0101rtikas apdruka uz \u0113dama vafe\u013cu pap\u012bra, izmantojot p\u0101rtikas tintes (E151, E110, E133, E122, E102, E404, E330, E202, E422).<br \/>\n J\u016bs varat izveidot savus dekor\u0101cijas un toppers desertiem.<br \/>\n A4 form\u0101ts (210x297mm).<br \/>\n P\u0101rtikas apdrukas kr\u0101sa un pies\u0101tin\u0101jums var nedaudz at\u0161\u0137irties no klasisk\u0101s izmantoto materi\u0101lu ierobe\u017eojumu d\u0113\u013c. Lieliem vienas kr\u0101sas laukumiem var b\u016bt man\u0101mas deform\u0101cijas. Lai saglab\u0101tu elast\u012bbu, pap\u012brs j\u0101uzglab\u0101 nosl\u0113gt\u0101 iepakojum\u0101.<br \/>\n<strong>Svar\u012bgi:<\/strong><br \/>\nPras\u012bbas failam: m\u0113\u0123iniet izmantot <strong>augstas kvalit\u0101tes<\/strong> faili, form\u0101ts <strong>doc docx<\/strong> (Word fails)<strong>, pdf<\/strong>, vai <strong>jpeg<\/strong> ar <strong>A4<\/strong> proporcijas.<br \/>\n<strong>Pap\u012bra malas<\/strong> s\u0101nos (5mm) un aug\u0161\u0101-apak\u0161\u0101 (15mm) <strong>netiek druk\u0101ti<\/strong>, t\u0101p\u0113c lab\u0101k tos atst\u0101t tuk\u0161us. M\u0113s neformat\u0113jam failus, nemain\u0101m tos un neuzglab\u0101jam p\u0113c lieto\u0161anas. Klients uz\u0146emas atbild\u012bbu par saturu. Banknotes netiek druk\u0101tas aparat\u016bras ierobe\u017eojumu d\u0113\u013c!<br \/>\nAtt\u0113li ar liel\u0101m meln\u0101m deta\u013c\u0101m nav v\u0113lami; \u0161\u0101dos gad\u012bjumos var rasties defekti.<br \/>\nFaili j\u0101nos\u016bta uz <span style=\"font-family: 'arial black', sans-serif;\"><a href=\"mailto:candeebaar@gmail.com\">info@candeebaar.ee<\/a> <span style=\"font-family: georgia, palatino, serif;\">ar pas\u016bt\u012bjuma numuru, kas nor\u0101d\u012bts temata rind\u0101.<\/span><\/span><\/p>\n<p>Pap\u012bra sast\u0101vs: kartupe\u013cu ciete, \u016bdens, ol\u012bve\u013c\u013ca, maltodekstr\u012bns.<br \/>\nUzglab\u0101t cie\u0161i nosl\u0113gt\u0101 iepakojum\u0101, v\u0113s\u0101 tum\u0161\u0101 viet\u0101.<br \/>\nIzm\u0113rs: 210x297mm<br \/>\nUzturv\u0113rt\u012bba uz 100 g:<br \/>\n1589kJ\/380kcal<br \/>\nTauki (pies\u0101tin\u0101tie): 3g (0,4g)<br \/>\nOg\u013chidr\u0101ti: 88,1g<br \/>\nOlbaltumvielas: 0,1g<br \/>\nUzglab\u0101t nosl\u0113gt\u0101 iepakojum\u0101 v\u0113s\u0101, tum\u0161\u0101 viet\u0101.<br \/>\nRa\u017eot\u0101js: V\u0101cija Kopyform<\/p>","protected":false},"excerpt":{"rendered":"<p>Food printing on edible wafer paper using food inks (E151, E110, E133, E122, E102, E404, E330, E202, E422). You can create your own decorations and toppers for desserts. A4 format (210x297mm). The color and saturation of food printing may differ slightly from classic due to the limitations of the materials used. Large areas of a [&hellip;]<\/p>","protected":false},"featured_media":5224,"template":"","meta":{"_seopress_robots_primary_cat":"","_seopress_titles_title":"","_seopress_titles_desc":"","_seopress_robots_index":""},"product_brand":[],"product_cat":[15],"product_tag":[],"class_list":{"0":"post-6156","1":"product","2":"type-product","3":"status-publish","4":"has-post-thumbnail","6":"product_cat-all-products","8":"first","9":"outofstock","10":"taxable","11":"shipping-taxable","12":"purchasable","13":"product-type-simple"},"_links":{"self":[{"href":"https:\/\/candeebaar.ee\/lv\/wp-json\/wp\/v2\/product\/6156","targetHints":{"allow":["GET"]}}],"collection":[{"href":"https:\/\/candeebaar.ee\/lv\/wp-json\/wp\/v2\/product"}],"about":[{"href":"https:\/\/candeebaar.ee\/lv\/wp-json\/wp\/v2\/types\/product"}],"version-history":[{"count":1,"href":"https:\/\/candeebaar.ee\/lv\/wp-json\/wp\/v2\/product\/6156\/revisions"}],"predecessor-version":[{"id":6157,"href":"https:\/\/candeebaar.ee\/lv\/wp-json\/wp\/v2\/product\/6156\/revisions\/6157"}],"wp:featuredmedia":[{"embeddable":true,"href":"https:\/\/candeebaar.ee\/lv\/wp-json\/wp\/v2\/media\/5224"}],"wp:attachment":[{"href":"https:\/\/candeebaar.ee\/lv\/wp-json\/wp\/v2\/media?parent=6156"}],"wp:term":[{"taxonomy":"product_brand","embeddable":true,"href":"https:\/\/candeebaar.ee\/lv\/wp-json\/wp\/v2\/product_brand?post=6156"},{"taxonomy":"product_cat","embeddable":true,"href":"https:\/\/candeebaar.ee\/lv\/wp-json\/wp\/v2\/product_cat?post=6156"},{"taxonomy":"product_tag","embeddable":true,"href":"https:\/\/candeebaar.ee\/lv\/wp-json\/wp\/v2\/product_tag?post=6156"}],"curies":[{"name":"wp","href":"https:\/\/api.w.org\/{rel}","templated":true}]}}