{"id":6158,"date":"2024-12-31T20:11:47","date_gmt":"2024-12-31T20:11:47","guid":{"rendered":"https:\/\/storetest.ivi.ee\/product\/printing-on-a4-chocolate-transfer-paper\/"},"modified":"2026-02-11T09:17:24","modified_gmt":"2026-02-11T07:17:24","slug":"druka-uz-a4-sokolades-parneses-papira","status":"publish","type":"product","link":"https:\/\/candeebaar.ee\/lv\/veikals\/druka-uz-a4-sokolades-parneses-papira\/","title":{"rendered":"Druk\u0101\u0161ana uz A4 \u0161okol\u0101des p\u0101rneses pap\u012bra"},"content":{"rendered":"<p>P\u0101rtikas apdruka uz \u0113dam\u0101 \u0161okol\u0101des p\u0101rneses pap\u012bra, izmantojot p\u0101rtikas tintes (E151, E110, E133, E122, E102, E404, E330, E202, E422).<br \/>\nJ\u016bs varat izveidot savus dekor\u0101cijas desertiem.<br \/>\nA4 form\u0101ts (210x297mm).<br \/>\nP\u0101rtikas apdrukas kr\u0101sa un pies\u0101tin\u0101jums nedaudz at\u0161\u0137iras no klasisk\u0101s izmantoto materi\u0101lu ierobe\u017eojumu d\u0113\u013c. Lielos vienas kr\u0101sas apgabalos var b\u016bt iev\u0113rojami izkrop\u013cojumi. Lai saglab\u0101tu elast\u012bbu, pap\u012brs j\u0101uzglab\u0101 nosl\u0113gt\u0101 iepakojum\u0101.<br \/>\n<strong>Svar\u012bgi: failam p\u0101rs\u016bt\u012b\u0161anai uz \u0161okol\u0101di j\u0101b\u016bt spogu\u013catt\u0113l\u0101; pret\u0113j\u0101 gad\u012bjum\u0101 gala att\u0113ls uz gatav\u0101 produkta b\u016bs nepareizs (\u012bpa\u0161i kritisks tekstam)!<\/strong><br \/>\nPras\u012bbas failam: m\u0113\u0123iniet izmantot <strong>augstas kvalit\u0101tes<\/strong> faili, form\u0101ts <strong>doc docx<\/strong> (Word fails)<strong>, pdf<\/strong>, vai <strong>jpeg<\/strong> ar <strong>A4<\/strong> proporcijas.<br \/>\n<strong>Pap\u012bra malas<\/strong> s\u0101nos (5mm) un aug\u0161\u0101-apak\u0161\u0101 (15mm) <strong>netiek druk\u0101ti<\/strong>, t\u0101p\u0113c lab\u0101k tos atst\u0101t tuk\u0161us. M\u0113s neformat\u0113jam failus, nemain\u0101m tos un nesaglab\u0101jam tos p\u0113c lieto\u0161anas. Klients uz\u0146emas atbild\u012bbu par saturu. Banknotes netiek druk\u0101tas aparat\u016bras ierobe\u017eojumu d\u0113\u013c!<br \/>\nZ\u012bm\u0113jumi ar liel\u0101m meln\u0101m deta\u013c\u0101m nav v\u0113lami, jo \u0161\u0101dos gad\u012bjumos var rasties defekti.<br \/>\nFaili j\u0101nos\u016bta uz <span style=\"font-family: 'arial black', sans-serif;\"><a href=\"mailto:candeebaar@gmail.com\">info@candeebaar.ee<\/a>\u00a0<span style=\"font-family: georgia, palatino, serif;\">ar pas\u016bt\u012bjuma numuru, kas nor\u0101d\u012bts temata rind\u0101.<\/span><\/span><\/p>\n<p><iframe src=\"\/\/www.youtube.com\/embed\/TlvwEw-aTrI\" width=\"560\" height=\"314\" allowfullscreen=\"allowfullscreen\"><\/iframe><\/p>\n<p>\u0160oka p\u0101rneses pap\u012brs profesion\u0101lai lieto\u0161anai.<br \/>\nSast\u0101vs: kukur\u016bzas milti, \u016bdens, kakao sviests, melase, sausais olu baltums (satur <strong>olu<\/strong> un <strong>laktoze<\/strong>, kas izgatavots no sausa prote\u012bna <strong>vistas olu<\/strong>, saus\u0101 v\u0101jpiena <strong>pienu<\/strong>, stabilizatori E415, E466, sk\u0101buma regul\u0113t\u0101js E330, cepamais pulveris E500), biezin\u0101t\u0101js E1422, kartupe\u013cu ciete. , ol\u012bve\u013c\u013ca, konservants E202.<br \/>\nSvars: 240g<br \/>\n100g satur:<br \/>\n1845kJ\/440kcal<br \/>\nTauki (pies\u0101tin\u0101tie): 22g (19g)<br \/>\nOg\u013chidr\u0101ti (cukurs): 60g (10g)<br \/>\nOlbaltumvielas: 10g<br \/>\nS\u0101ls: 2,54 g<br \/>\nUzglab\u0101t herm\u0113tisk\u0101 iepakojum\u0101 tum\u0161\u0101 v\u0113s\u0101 viet\u0101.<br \/>\nRa\u017eot\u0101js: V\u0101cija Kopyform<\/p>","protected":false},"excerpt":{"rendered":"<p>P\u0101rtikas apdruka uz \u0113dam\u0101 \u0161okol\u0101des p\u0101rneses pap\u012bra, izmantojot p\u0101rtikas tintes (E151, E110, E133, E122, E102, E404, E330, E202, E422). J\u016bs varat izveidot savus dekor\u0101cijas desertiem. A4 form\u0101ts (210x297mm). P\u0101rtikas apdrukas kr\u0101sa un pies\u0101tin\u0101jums nedaudz at\u0161\u0137iras no klasisk\u0101s izmantoto materi\u0101lu ierobe\u017eojumu d\u0113\u013c. Lieli laukumi vien\u0101 kr\u0101s\u0101 [\u2026]<\/p>","protected":false},"featured_media":10525,"template":"","meta":{"_seopress_robots_primary_cat":"none","_seopress_titles_title":"","_seopress_titles_desc":"","_seopress_robots_index":""},"product_brand":[],"product_cat":[182,181,183,180,15,105],"product_tag":[],"class_list":{"0":"post-6158","1":"product","2":"type-product","3":"status-publish","4":"has-post-thumbnail","6":"product_cat-christmas","7":"product_cat-christmas-new-year","8":"product_cat-valentines-day","9":"product_cat-wedding-products","10":"product_cat-all-products","11":"product_cat-edible-print","13":"first","14":"instock","15":"taxable","16":"shipping-taxable","17":"purchasable","18":"product-type-simple"},"_links":{"self":[{"href":"https:\/\/candeebaar.ee\/lv\/wp-json\/wp\/v2\/product\/6158","targetHints":{"allow":["GET"]}}],"collection":[{"href":"https:\/\/candeebaar.ee\/lv\/wp-json\/wp\/v2\/product"}],"about":[{"href":"https:\/\/candeebaar.ee\/lv\/wp-json\/wp\/v2\/types\/product"}],"version-history":[{"count":2,"href":"https:\/\/candeebaar.ee\/lv\/wp-json\/wp\/v2\/product\/6158\/revisions"}],"predecessor-version":[{"id":10526,"href":"https:\/\/candeebaar.ee\/lv\/wp-json\/wp\/v2\/product\/6158\/revisions\/10526"}],"wp:featuredmedia":[{"embeddable":true,"href":"https:\/\/candeebaar.ee\/lv\/wp-json\/wp\/v2\/media\/10525"}],"wp:attachment":[{"href":"https:\/\/candeebaar.ee\/lv\/wp-json\/wp\/v2\/media?parent=6158"}],"wp:term":[{"taxonomy":"product_brand","embeddable":true,"href":"https:\/\/candeebaar.ee\/lv\/wp-json\/wp\/v2\/product_brand?post=6158"},{"taxonomy":"product_cat","embeddable":true,"href":"https:\/\/candeebaar.ee\/lv\/wp-json\/wp\/v2\/product_cat?post=6158"},{"taxonomy":"product_tag","embeddable":true,"href":"https:\/\/candeebaar.ee\/lv\/wp-json\/wp\/v2\/product_tag?post=6158"}],"curies":[{"name":"wp","href":"https:\/\/api.w.org\/{rel}","templated":true}]}}