{"id":6169,"date":"2024-12-31T20:11:47","date_gmt":"2024-12-31T20:11:47","guid":{"rendered":"https:\/\/storetest.ivi.ee\/product\/agar-agar-100g\/"},"modified":"2026-04-07T17:40:23","modified_gmt":"2026-04-07T15:40:23","slug":"agara-agars-100g","status":"publish","type":"product","link":"https:\/\/candeebaar.ee\/lv\/veikals\/agara-agars-100g\/","title":{"rendered":"Agars-agars 100g"},"content":{"rendered":"<p>Agaru-agaru izmanto k\u0101 biezin\u0101t\u0101ju zef\u012bru, \u017eelejas, \u201cPutna piena\u201d un citu pagatavo\u0161anai.<br \/>\nAugu b\u0101zes \u017eelat\u012bna aizst\u0101j\u0113js bez kr\u0101sas un smar\u017eas.<br \/>\nStiprumu nedeklar\u0113 ra\u017eot\u0101js, bet gan <strong>atbilst 900 ziediem<\/strong>.<br \/>\nMasa: 100g<br \/>\nSast\u0101vs uz 100 g:<br \/>\nUzturv\u0113rt\u012bba: 1411kJ\/336kcal<br \/>\nOlbaltumvielas: 6,2g<br \/>\nTauki: 0,3 g<br \/>\nOg\u013chidr\u0101ti (cukuri): 73,2g (3g)<br \/>\n\u0160\u0137iedra: 7,7g<br \/>\nUzglab\u0101t saus\u0101, v\u0113s\u0101 viet\u0101, nosl\u0113gt\u0101 iepakojum\u0101. Var satur\u0113t p\u0113das: <strong>rieksti, soja, lipeklis<\/strong>.<br \/>\nRa\u017eo\u0161ana: Polija<br \/>\nIzcelsme: \u0136\u012bna<\/p>","protected":false},"excerpt":{"rendered":"<p>Agaru-agaru izmanto k\u0101 biezin\u0101t\u0101ju zef\u012bru, \u017eelejas, \u201cPutna piena\u201d un citu pagatavo\u0161anai. Augu b\u0101zes \u017eelat\u012bna aizst\u0101j\u0113js bez kr\u0101sas un smar\u017eas. Sp\u0113ku ra\u017eot\u0101js nav deklar\u0113jis, bet atbilst 900 ziediem. Masa: 100 g Saturs uz 100 g: Uzturv\u0113rt\u012bba: 1411 kJ\/336 kcal Olbaltumvielas: 6,2 g Tauki: 0,3 g Og\u013chidr\u0101ti (cukuri): 73,2 g (3 g) \u0160\u0137iedrvielas: 7,7 g Uzglab\u0101t [\u2026]<\/p>","protected":false},"featured_media":6171,"template":"","meta":{"_seopress_robots_primary_cat":"none","_seopress_titles_title":"","_seopress_titles_desc":"","_seopress_robots_index":""},"product_brand":[],"product_cat":[15,100],"product_tag":[],"class_list":{"0":"post-6169","1":"product","2":"type-product","3":"status-publish","4":"has-post-thumbnail","6":"product_cat-all-products","7":"product_cat-thickeners","9":"first","10":"instock","11":"taxable","12":"shipping-taxable","13":"purchasable","14":"product-type-simple"},"_links":{"self":[{"href":"https:\/\/candeebaar.ee\/lv\/wp-json\/wp\/v2\/product\/6169","targetHints":{"allow":["GET"]}}],"collection":[{"href":"https:\/\/candeebaar.ee\/lv\/wp-json\/wp\/v2\/product"}],"about":[{"href":"https:\/\/candeebaar.ee\/lv\/wp-json\/wp\/v2\/types\/product"}],"version-history":[{"count":1,"href":"https:\/\/candeebaar.ee\/lv\/wp-json\/wp\/v2\/product\/6169\/revisions"}],"predecessor-version":[{"id":6170,"href":"https:\/\/candeebaar.ee\/lv\/wp-json\/wp\/v2\/product\/6169\/revisions\/6170"}],"wp:featuredmedia":[{"embeddable":true,"href":"https:\/\/candeebaar.ee\/lv\/wp-json\/wp\/v2\/media\/6171"}],"wp:attachment":[{"href":"https:\/\/candeebaar.ee\/lv\/wp-json\/wp\/v2\/media?parent=6169"}],"wp:term":[{"taxonomy":"product_brand","embeddable":true,"href":"https:\/\/candeebaar.ee\/lv\/wp-json\/wp\/v2\/product_brand?post=6169"},{"taxonomy":"product_cat","embeddable":true,"href":"https:\/\/candeebaar.ee\/lv\/wp-json\/wp\/v2\/product_cat?post=6169"},{"taxonomy":"product_tag","embeddable":true,"href":"https:\/\/candeebaar.ee\/lv\/wp-json\/wp\/v2\/product_tag?post=6169"}],"curies":[{"name":"wp","href":"https:\/\/api.w.org\/{rel}","templated":true}]}}