{"id":6175,"date":"2024-12-31T20:11:47","date_gmt":"2024-12-31T20:11:47","guid":{"rendered":"https:\/\/storetest.ivi.ee\/product\/cake-pop-sticks-1404mm-100pcs\/"},"modified":"2026-02-10T13:04:51","modified_gmt":"2026-02-10T11:04:51","slug":"kukas-popkorna-standzinas-1404-mm-100-gab","status":"publish","type":"product","link":"https:\/\/candeebaar.ee\/lv\/veikals\/kukas-popkorna-standzinas-1404-mm-100-gab\/","title":{"rendered":"Cake pop sticks 140*4mm 100gab"},"content":{"rendered":"<p>Bambusa k\u016bku n\u016bjas.<br \/>\nKomplekt\u0101 100gab.<br \/>\nIzm\u0113rs: 140*4mm<br \/>\nRa\u017eots: \u0136\u012bn\u0101<\/p>","protected":false},"excerpt":{"rendered":"<p>Bambusa k\u016bku n\u016bjas. Komplekt\u0101 100gab. Izm\u0113rs: 140*4mm Ra\u017eots: \u0136\u012bn\u0101<\/p>","protected":false},"featured_media":6174,"template":"","meta":{"_seopress_robots_primary_cat":"","_seopress_titles_title":"","_seopress_titles_desc":"","_seopress_robots_index":""},"product_brand":[],"product_cat":[15,155],"product_tag":[],"class_list":{"0":"post-6175","1":"product","2":"type-product","3":"status-publish","4":"has-post-thumbnail","6":"product_cat-all-products","7":"product_cat-wooden-sticks","9":"first","10":"instock","11":"taxable","12":"shipping-taxable","13":"purchasable","14":"product-type-simple"},"_links":{"self":[{"href":"https:\/\/candeebaar.ee\/lv\/wp-json\/wp\/v2\/product\/6175","targetHints":{"allow":["GET"]}}],"collection":[{"href":"https:\/\/candeebaar.ee\/lv\/wp-json\/wp\/v2\/product"}],"about":[{"href":"https:\/\/candeebaar.ee\/lv\/wp-json\/wp\/v2\/types\/product"}],"version-history":[{"count":1,"href":"https:\/\/candeebaar.ee\/lv\/wp-json\/wp\/v2\/product\/6175\/revisions"}],"predecessor-version":[{"id":6176,"href":"https:\/\/candeebaar.ee\/lv\/wp-json\/wp\/v2\/product\/6175\/revisions\/6176"}],"wp:featuredmedia":[{"embeddable":true,"href":"https:\/\/candeebaar.ee\/lv\/wp-json\/wp\/v2\/media\/6174"}],"wp:attachment":[{"href":"https:\/\/candeebaar.ee\/lv\/wp-json\/wp\/v2\/media?parent=6175"}],"wp:term":[{"taxonomy":"product_brand","embeddable":true,"href":"https:\/\/candeebaar.ee\/lv\/wp-json\/wp\/v2\/product_brand?post=6175"},{"taxonomy":"product_cat","embeddable":true,"href":"https:\/\/candeebaar.ee\/lv\/wp-json\/wp\/v2\/product_cat?post=6175"},{"taxonomy":"product_tag","embeddable":true,"href":"https:\/\/candeebaar.ee\/lv\/wp-json\/wp\/v2\/product_tag?post=6175"}],"curies":[{"name":"wp","href":"https:\/\/api.w.org\/{rel}","templated":true}]}}