{"id":6228,"date":"2024-12-31T20:11:54","date_gmt":"2024-12-31T20:11:54","guid":{"rendered":"https:\/\/storetest.ivi.ee\/product\/cake-box-35x45x18cm\/"},"modified":"2026-04-07T02:13:49","modified_gmt":"2026-04-07T00:13:49","slug":"kuku-kaste-35x45x18cm","status":"publish","type":"product","link":"https:\/\/candeebaar.ee\/lv\/veikals\/kuku-kaste-35x45x18cm\/","title":{"rendered":"K\u016bku kaste 35x45x18cm"},"content":{"rendered":"<p>Kaste liel\u0101m k\u016bk\u0101m.<br \/>\nMateri\u0101ls: mikro gofr\u0113ts kartons<br \/>\nKr\u0101sa: balta<br \/>\nIzm\u0113ri: 35x45x18cm<\/p>","protected":false},"excerpt":{"rendered":"<p>Kaste liel\u0101m k\u016bk\u0101m. Materi\u0101ls: mikrogofr\u0113ts kartons Kr\u0101sa: balta Izm\u0113ri: 35x45x18cm<\/p>","protected":false},"featured_media":5123,"template":"","meta":{"_seopress_robots_primary_cat":"none","_seopress_titles_title":"","_seopress_titles_desc":"","_seopress_robots_index":""},"product_brand":[],"product_cat":[15,135,137],"product_tag":[],"class_list":{"0":"post-6228","1":"product","2":"type-product","3":"status-publish","4":"has-post-thumbnail","6":"product_cat-all-products","7":"product_cat-31cm-base-and-bigger","8":"product_cat-rectangular","10":"first","11":"instock","12":"taxable","13":"shipping-taxable","14":"purchasable","15":"product-type-simple"},"_links":{"self":[{"href":"https:\/\/candeebaar.ee\/lv\/wp-json\/wp\/v2\/product\/6228","targetHints":{"allow":["GET"]}}],"collection":[{"href":"https:\/\/candeebaar.ee\/lv\/wp-json\/wp\/v2\/product"}],"about":[{"href":"https:\/\/candeebaar.ee\/lv\/wp-json\/wp\/v2\/types\/product"}],"version-history":[{"count":1,"href":"https:\/\/candeebaar.ee\/lv\/wp-json\/wp\/v2\/product\/6228\/revisions"}],"predecessor-version":[{"id":6229,"href":"https:\/\/candeebaar.ee\/lv\/wp-json\/wp\/v2\/product\/6228\/revisions\/6229"}],"wp:featuredmedia":[{"embeddable":true,"href":"https:\/\/candeebaar.ee\/lv\/wp-json\/wp\/v2\/media\/5123"}],"wp:attachment":[{"href":"https:\/\/candeebaar.ee\/lv\/wp-json\/wp\/v2\/media?parent=6228"}],"wp:term":[{"taxonomy":"product_brand","embeddable":true,"href":"https:\/\/candeebaar.ee\/lv\/wp-json\/wp\/v2\/product_brand?post=6228"},{"taxonomy":"product_cat","embeddable":true,"href":"https:\/\/candeebaar.ee\/lv\/wp-json\/wp\/v2\/product_cat?post=6228"},{"taxonomy":"product_tag","embeddable":true,"href":"https:\/\/candeebaar.ee\/lv\/wp-json\/wp\/v2\/product_tag?post=6228"}],"curies":[{"name":"wp","href":"https:\/\/api.w.org\/{rel}","templated":true}]}}