{"id":6232,"date":"2024-12-31T20:11:54","date_gmt":"2024-12-31T20:11:54","guid":{"rendered":"https:\/\/storetest.ivi.ee\/product\/blue-satin-ribbon-10mm-23m\/"},"modified":"2026-04-01T13:05:05","modified_gmt":"2026-04-01T11:05:05","slug":"zila-satina-lente-10mm-23m","status":"publish","type":"product","link":"https:\/\/candeebaar.ee\/lv\/veikals\/zila-satina-lente-10mm-23m\/","title":{"rendered":"debeszila sat\u012bna lente 10mm (23m)"},"content":{"rendered":"<p>Sat\u012bna lente ir lieliski piem\u0113rota d\u0101vanu iesai\u0146o\u0161anai.<br \/>\nKr\u0101sa: zila<br \/>\nPlatums: 10mm<br \/>\nGarums: 23m<\/p>","protected":false},"excerpt":{"rendered":"<p>Sat\u012bna lente ir lieliski piem\u0113rota d\u0101vanu iesai\u0146o\u0161anai. Kr\u0101sa: zila Platums: 10mm Garums: 23m<\/p>","protected":false},"featured_media":6234,"template":"","meta":{"_seopress_robots_primary_cat":"none","_seopress_titles_title":"","_seopress_titles_desc":"","_seopress_robots_index":""},"product_brand":[],"product_cat":[15,91],"product_tag":[],"class_list":{"0":"post-6232","1":"product","2":"type-product","3":"status-publish","4":"has-post-thumbnail","6":"product_cat-all-products","7":"product_cat-satin-ribbons","9":"first","10":"instock","11":"taxable","12":"shipping-taxable","13":"purchasable","14":"product-type-simple"},"_links":{"self":[{"href":"https:\/\/candeebaar.ee\/lv\/wp-json\/wp\/v2\/product\/6232","targetHints":{"allow":["GET"]}}],"collection":[{"href":"https:\/\/candeebaar.ee\/lv\/wp-json\/wp\/v2\/product"}],"about":[{"href":"https:\/\/candeebaar.ee\/lv\/wp-json\/wp\/v2\/types\/product"}],"version-history":[{"count":2,"href":"https:\/\/candeebaar.ee\/lv\/wp-json\/wp\/v2\/product\/6232\/revisions"}],"predecessor-version":[{"id":10309,"href":"https:\/\/candeebaar.ee\/lv\/wp-json\/wp\/v2\/product\/6232\/revisions\/10309"}],"wp:featuredmedia":[{"embeddable":true,"href":"https:\/\/candeebaar.ee\/lv\/wp-json\/wp\/v2\/media\/6234"}],"wp:attachment":[{"href":"https:\/\/candeebaar.ee\/lv\/wp-json\/wp\/v2\/media?parent=6232"}],"wp:term":[{"taxonomy":"product_brand","embeddable":true,"href":"https:\/\/candeebaar.ee\/lv\/wp-json\/wp\/v2\/product_brand?post=6232"},{"taxonomy":"product_cat","embeddable":true,"href":"https:\/\/candeebaar.ee\/lv\/wp-json\/wp\/v2\/product_cat?post=6232"},{"taxonomy":"product_tag","embeddable":true,"href":"https:\/\/candeebaar.ee\/lv\/wp-json\/wp\/v2\/product_tag?post=6232"}],"curies":[{"name":"wp","href":"https:\/\/api.w.org\/{rel}","templated":true}]}}