{"id":6238,"date":"2024-12-31T20:11:54","date_gmt":"2024-12-31T20:11:54","guid":{"rendered":"https:\/\/storetest.ivi.ee\/product\/lollipop-stand-195195mm\/"},"modified":"2026-01-23T12:05:36","modified_gmt":"2026-01-23T10:05:36","slug":"konfeksu-stativs-195-195-mm","status":"publish","type":"product","link":"https:\/\/candeebaar.ee\/lv\/veikals\/konfeksu-stativs-195-195-mm\/","title":{"rendered":"Lede\u0146u stat\u012bvs 195*195mm"},"content":{"rendered":"<p>\u0112rts stat\u012bvs konfek\u0161u un k\u016bku pap\u012bru uzglab\u0101\u0161anai un \u017e\u0101v\u0113\u0161anai.<br \/>\nIr jau iepriek\u0161 izveidoti caurumi, k\u0101 ar\u012b ir iesp\u0113ja izdurt papildus.<br \/>\nIzm\u0113rs: 195*195*17mm<br \/>\nMateri\u0101ls: poliuret\u0101ns<\/p>","protected":false},"excerpt":{"rendered":"<p>\u0112rts stat\u012bvs konfek\u0161u un k\u016bku pap\u012bru uzglab\u0101\u0161anai un \u017e\u0101v\u0113\u0161anai. Ir jau iepriek\u0161 izveidoti caurumi, k\u0101 ar\u012b ir iesp\u0113ja izdurt papildus. Izm\u0113rs: 195*195*17mm Materi\u0101ls: poliuret\u0101ns<\/p>","protected":false},"featured_media":6240,"template":"","meta":{"_seopress_robots_primary_cat":"none","_seopress_titles_title":"","_seopress_titles_desc":"","_seopress_robots_index":""},"product_brand":[],"product_cat":[15,87,84],"product_tag":[],"class_list":{"0":"post-6238","1":"product","2":"type-product","3":"status-publish","4":"has-post-thumbnail","6":"product_cat-all-products","7":"product_cat-stands","8":"product_cat-tools","10":"first","11":"instock","12":"taxable","13":"shipping-taxable","14":"purchasable","15":"product-type-simple"},"_links":{"self":[{"href":"https:\/\/candeebaar.ee\/lv\/wp-json\/wp\/v2\/product\/6238","targetHints":{"allow":["GET"]}}],"collection":[{"href":"https:\/\/candeebaar.ee\/lv\/wp-json\/wp\/v2\/product"}],"about":[{"href":"https:\/\/candeebaar.ee\/lv\/wp-json\/wp\/v2\/types\/product"}],"version-history":[{"count":1,"href":"https:\/\/candeebaar.ee\/lv\/wp-json\/wp\/v2\/product\/6238\/revisions"}],"predecessor-version":[{"id":6239,"href":"https:\/\/candeebaar.ee\/lv\/wp-json\/wp\/v2\/product\/6238\/revisions\/6239"}],"wp:featuredmedia":[{"embeddable":true,"href":"https:\/\/candeebaar.ee\/lv\/wp-json\/wp\/v2\/media\/6240"}],"wp:attachment":[{"href":"https:\/\/candeebaar.ee\/lv\/wp-json\/wp\/v2\/media?parent=6238"}],"wp:term":[{"taxonomy":"product_brand","embeddable":true,"href":"https:\/\/candeebaar.ee\/lv\/wp-json\/wp\/v2\/product_brand?post=6238"},{"taxonomy":"product_cat","embeddable":true,"href":"https:\/\/candeebaar.ee\/lv\/wp-json\/wp\/v2\/product_cat?post=6238"},{"taxonomy":"product_tag","embeddable":true,"href":"https:\/\/candeebaar.ee\/lv\/wp-json\/wp\/v2\/product_tag?post=6238"}],"curies":[{"name":"wp","href":"https:\/\/api.w.org\/{rel}","templated":true}]}}