{"id":6241,"date":"2024-12-31T20:11:54","date_gmt":"2024-12-31T20:11:54","guid":{"rendered":"https:\/\/storetest.ivi.ee\/product\/white-base-mold-4230mm-32pcs\/"},"modified":"2026-04-13T07:47:32","modified_gmt":"2026-04-13T05:47:32","slug":"balta-pamata-veidne-4230mm-32gab","status":"publish","type":"product","link":"https:\/\/candeebaar.ee\/lv\/veikals\/balta-pamata-veidne-4230mm-32gab\/","title":{"rendered":"Balta pamatne-veidne 42*30mm 32gab"},"content":{"rendered":"<p>Pap\u012bra forma piem\u0113rota zeme\u0146u, k\u016bku popsu u.c. pasnieg\u0161anai.<br \/>\nIzm\u0113rs: 42x30mm<br \/>\nKr\u0101sa: balta<br \/>\nDaudzums: 32 gab (+-2 gab.)<\/p>","protected":false},"excerpt":{"rendered":"<p>Pap\u012bra forma piem\u0113rota zeme\u0146u, k\u016bku popsu uc pasnieg\u0161anai. Izm\u0113rs: 42x30mm Kr\u0101sa: balta Daudzums: 32 gab (+-2 gab.)<\/p>","protected":false},"featured_media":6243,"template":"","meta":{"_seopress_robots_primary_cat":"","_seopress_titles_title":"","_seopress_titles_desc":"","_seopress_robots_index":""},"product_brand":[],"product_cat":[183,15,82,90,139,153],"product_tag":[],"class_list":{"0":"post-6241","1":"product","2":"type-product","3":"status-publish","4":"has-post-thumbnail","6":"product_cat-valentines-day","7":"product_cat-all-products","8":"product_cat-chocolate-molds","9":"product_cat-paper-cups-and-tulips","10":"product_cat-small-size","11":"product_cat-candy-boxes","13":"first","14":"instock","15":"taxable","16":"shipping-taxable","17":"purchasable","18":"product-type-simple"},"_links":{"self":[{"href":"https:\/\/candeebaar.ee\/lv\/wp-json\/wp\/v2\/product\/6241","targetHints":{"allow":["GET"]}}],"collection":[{"href":"https:\/\/candeebaar.ee\/lv\/wp-json\/wp\/v2\/product"}],"about":[{"href":"https:\/\/candeebaar.ee\/lv\/wp-json\/wp\/v2\/types\/product"}],"version-history":[{"count":1,"href":"https:\/\/candeebaar.ee\/lv\/wp-json\/wp\/v2\/product\/6241\/revisions"}],"predecessor-version":[{"id":6242,"href":"https:\/\/candeebaar.ee\/lv\/wp-json\/wp\/v2\/product\/6241\/revisions\/6242"}],"wp:featuredmedia":[{"embeddable":true,"href":"https:\/\/candeebaar.ee\/lv\/wp-json\/wp\/v2\/media\/6243"}],"wp:attachment":[{"href":"https:\/\/candeebaar.ee\/lv\/wp-json\/wp\/v2\/media?parent=6241"}],"wp:term":[{"taxonomy":"product_brand","embeddable":true,"href":"https:\/\/candeebaar.ee\/lv\/wp-json\/wp\/v2\/product_brand?post=6241"},{"taxonomy":"product_cat","embeddable":true,"href":"https:\/\/candeebaar.ee\/lv\/wp-json\/wp\/v2\/product_cat?post=6241"},{"taxonomy":"product_tag","embeddable":true,"href":"https:\/\/candeebaar.ee\/lv\/wp-json\/wp\/v2\/product_tag?post=6241"}],"curies":[{"name":"wp","href":"https:\/\/api.w.org\/{rel}","templated":true}]}}