{"id":6250,"date":"2024-12-31T20:11:54","date_gmt":"2024-12-31T20:11:54","guid":{"rendered":"https:\/\/storetest.ivi.ee\/product\/high-cake-box-320500mm\/"},"modified":"2026-01-20T11:40:56","modified_gmt":"2026-01-20T09:40:56","slug":"augsta-kuku-kaste-320500mm","status":"publish","type":"product","link":"https:\/\/candeebaar.ee\/lv\/veikals\/augsta-kuku-kaste-320500mm\/","title":{"rendered":"Augsta k\u016bku kaste 320*500mm"},"content":{"rendered":"<p>Asto\u0146st\u016bra kaste no iztur\u012bga gofr\u0113t\u0101 kartona augst\u0101m (l\u012bdz 500mm) daudzpak\u0101pju k\u016bk\u0101m.<br \/>\nKr\u0101sa: balta<br \/>\nIzm\u0113rs: 320*320*500mm<\/p>","protected":false},"excerpt":{"rendered":"<p>Asto\u0146st\u016bra kaste no iztur\u012bga gofr\u0113t\u0101 kartona augst\u0101m (l\u012bdz 500mm) daudzpak\u0101pju k\u016bk\u0101m. Kr\u0101sa: balta Izm\u0113rs: 320*320*500mm<\/p>","protected":false},"featured_media":6252,"template":"","meta":{"_seopress_robots_primary_cat":"none","_seopress_titles_title":"","_seopress_titles_desc":"","_seopress_robots_index":""},"product_brand":[],"product_cat":[180,15,135,136],"product_tag":[],"class_list":{"0":"post-6250","1":"product","2":"type-product","3":"status-publish","4":"has-post-thumbnail","6":"product_cat-wedding-products","7":"product_cat-all-products","8":"product_cat-31cm-base-and-bigger","9":"product_cat-tall-cake-boxes-h25cm","11":"first","12":"instock","13":"taxable","14":"shipping-taxable","15":"purchasable","16":"product-type-simple"},"_links":{"self":[{"href":"https:\/\/candeebaar.ee\/lv\/wp-json\/wp\/v2\/product\/6250","targetHints":{"allow":["GET"]}}],"collection":[{"href":"https:\/\/candeebaar.ee\/lv\/wp-json\/wp\/v2\/product"}],"about":[{"href":"https:\/\/candeebaar.ee\/lv\/wp-json\/wp\/v2\/types\/product"}],"version-history":[{"count":1,"href":"https:\/\/candeebaar.ee\/lv\/wp-json\/wp\/v2\/product\/6250\/revisions"}],"predecessor-version":[{"id":6251,"href":"https:\/\/candeebaar.ee\/lv\/wp-json\/wp\/v2\/product\/6250\/revisions\/6251"}],"wp:featuredmedia":[{"embeddable":true,"href":"https:\/\/candeebaar.ee\/lv\/wp-json\/wp\/v2\/media\/6252"}],"wp:attachment":[{"href":"https:\/\/candeebaar.ee\/lv\/wp-json\/wp\/v2\/media?parent=6250"}],"wp:term":[{"taxonomy":"product_brand","embeddable":true,"href":"https:\/\/candeebaar.ee\/lv\/wp-json\/wp\/v2\/product_brand?post=6250"},{"taxonomy":"product_cat","embeddable":true,"href":"https:\/\/candeebaar.ee\/lv\/wp-json\/wp\/v2\/product_cat?post=6250"},{"taxonomy":"product_tag","embeddable":true,"href":"https:\/\/candeebaar.ee\/lv\/wp-json\/wp\/v2\/product_tag?post=6250"}],"curies":[{"name":"wp","href":"https:\/\/api.w.org\/{rel}","templated":true}]}}