{"id":6278,"date":"2024-12-31T20:12:01","date_gmt":"2024-12-31T20:12:01","guid":{"rendered":"https:\/\/storetest.ivi.ee\/product\/glucose-syrup-fractal-colors-250g\/"},"modified":"2025-01-02T09:15:59","modified_gmt":"2025-01-02T09:15:59","slug":"glikozes-sirupa-fraktalu-krasas-250g","status":"publish","type":"product","link":"https:\/\/candeebaar.ee\/lv\/veikals\/glikozes-sirupa-fraktalu-krasas-250g\/","title":{"rendered":"Glikozes s\u012brups Frakt\u0101\u013cu kr\u0101sas 250g"},"content":{"rendered":"<p><span>Produkts bieza, viskoza \u0161\u0137idruma veid\u0101, ko galvenok\u0101rt izmanto k\u0101 dab\u012bgu saldin\u0101t\u0101ju konditorejas izstr\u0101d\u0101jumos. S\u012brupu izmanto ar\u012b k\u0101 plastifikatoru cukura mas\u0101m, karaliskajam glaz\u016brai vai \u0161okol\u0101dei, vienlaikus uzlabojot to stipr\u012bbu.<\/span><\/p>\n<p><span>Neto svars: 250 g<\/span><\/p>\n<p><span>Ra\u017eot\u0101js: Fractal Colors, Ung\u0101rija<\/span><\/p>","protected":false},"excerpt":{"rendered":"<p>Produkts bieza, viskoza \u0161\u0137idruma veid\u0101, ko galvenok\u0101rt izmanto k\u0101 dab\u012bgu saldin\u0101t\u0101ju konditorejas izstr\u0101d\u0101jumos. S\u012brupu izmanto ar\u012b k\u0101 plastifikatoru cukura mas\u0101m, karaliskajam glaz\u016brai vai \u0161okol\u0101dei, vienlaikus uzlabojot to stipr\u012bbu. Neto svars: 250 g Ra\u017eot\u0101js: Fractal Colors, Ung\u0101rija<\/p>","protected":false},"featured_media":6280,"template":"","meta":{"_seopress_robots_primary_cat":"","_seopress_titles_title":"","_seopress_titles_desc":"","_seopress_robots_index":""},"product_brand":[],"product_cat":[15,114],"product_tag":[],"class_list":{"0":"post-6278","1":"product","2":"type-product","3":"status-publish","4":"has-post-thumbnail","6":"product_cat-all-products","7":"product_cat-gel-water-soluble","9":"first","10":"outofstock","11":"taxable","12":"shipping-taxable","13":"purchasable","14":"product-type-simple"},"_links":{"self":[{"href":"https:\/\/candeebaar.ee\/lv\/wp-json\/wp\/v2\/product\/6278","targetHints":{"allow":["GET"]}}],"collection":[{"href":"https:\/\/candeebaar.ee\/lv\/wp-json\/wp\/v2\/product"}],"about":[{"href":"https:\/\/candeebaar.ee\/lv\/wp-json\/wp\/v2\/types\/product"}],"version-history":[{"count":1,"href":"https:\/\/candeebaar.ee\/lv\/wp-json\/wp\/v2\/product\/6278\/revisions"}],"predecessor-version":[{"id":6279,"href":"https:\/\/candeebaar.ee\/lv\/wp-json\/wp\/v2\/product\/6278\/revisions\/6279"}],"wp:featuredmedia":[{"embeddable":true,"href":"https:\/\/candeebaar.ee\/lv\/wp-json\/wp\/v2\/media\/6280"}],"wp:attachment":[{"href":"https:\/\/candeebaar.ee\/lv\/wp-json\/wp\/v2\/media?parent=6278"}],"wp:term":[{"taxonomy":"product_brand","embeddable":true,"href":"https:\/\/candeebaar.ee\/lv\/wp-json\/wp\/v2\/product_brand?post=6278"},{"taxonomy":"product_cat","embeddable":true,"href":"https:\/\/candeebaar.ee\/lv\/wp-json\/wp\/v2\/product_cat?post=6278"},{"taxonomy":"product_tag","embeddable":true,"href":"https:\/\/candeebaar.ee\/lv\/wp-json\/wp\/v2\/product_tag?post=6278"}],"curies":[{"name":"wp","href":"https:\/\/api.w.org\/{rel}","templated":true}]}}