{"id":6281,"date":"2024-12-31T20:12:01","date_gmt":"2024-12-31T20:12:01","guid":{"rendered":"https:\/\/storetest.ivi.ee\/product\/black-food-safe-calligraphy-pen-calligra-fractal-colors\/"},"modified":"2026-02-04T17:50:46","modified_gmt":"2026-02-04T15:50:46","slug":"melna-partika-drosa-kaligrafija-pildspalva-kaligra-fraktalu-krasas","status":"publish","type":"product","link":"https:\/\/candeebaar.ee\/lv\/veikals\/melna-partika-drosa-kaligrafija-pildspalva-kaligra-fraktalu-krasas\/","title":{"rendered":"Melna p\u0101rtikai dro\u0161a kaligr\u0101fijas pildspalva Calligra Fractal Colors"},"content":{"rendered":"<p>Mar\u0137ieris rakst\u012b\u0161anai ar p\u0101rtikas tint\u0113m.<br \/>\nTam ir m\u012bksts gals, kas nodro\u0161ina kaligr\u0101fisku efektu atkar\u012bb\u0101 no pielietot\u0101 spiediena.<br \/>\nTintes sast\u0101vs: \u016bdens, E151, E129, E104, E122, E133, E211, aromatiz\u0113t\u0101js.<br \/>\nVar negat\u012bvi ietekm\u0113t b\u0113rnu aktivit\u0101ti un uzman\u012bbu.<br \/>\nUzglab\u0101t tum\u0161\u0101, v\u0113s\u0101 viet\u0101 cie\u0161i nosl\u0113gt\u0101 iepakojum\u0101.<br \/>\nRa\u017eot\u0101js: Fractal Colors, Ung\u0101rija<\/p>","protected":false},"excerpt":{"rendered":"<p>Mar\u0137ieris rakst\u012b\u0161anai ar p\u0101rtikas tint\u0113m. Tam ir m\u012bksts gals, kas nodro\u0161ina kaligr\u0101fisku efektu atkar\u012bb\u0101 no pielietot\u0101 spiediena. Tintes sast\u0101vs: \u016bdens, E151, E129, E104, E122, E133, E211, aromatiz\u0113t\u0101js. Var negat\u012bvi ietekm\u0113t b\u0113rnu aktivit\u0101ti un uzman\u012bbu. Uzglab\u0101t tum\u0161\u0101, v\u0113s\u0101 viet\u0101 cie\u0161i nosl\u0113gt\u0101 iepakojum\u0101. Ra\u017eot\u0101js: [\u2026]<\/p>","protected":false},"featured_media":6283,"template":"","meta":{"_seopress_robots_primary_cat":"none","_seopress_titles_title":"","_seopress_titles_desc":"","_seopress_robots_index":""},"product_brand":[],"product_cat":[15,114,84],"product_tag":[],"class_list":{"0":"post-6281","1":"product","2":"type-product","3":"status-publish","4":"has-post-thumbnail","6":"product_cat-all-products","7":"product_cat-gel-water-soluble","8":"product_cat-tools","10":"first","11":"outofstock","12":"taxable","13":"shipping-taxable","14":"purchasable","15":"product-type-simple"},"_links":{"self":[{"href":"https:\/\/candeebaar.ee\/lv\/wp-json\/wp\/v2\/product\/6281","targetHints":{"allow":["GET"]}}],"collection":[{"href":"https:\/\/candeebaar.ee\/lv\/wp-json\/wp\/v2\/product"}],"about":[{"href":"https:\/\/candeebaar.ee\/lv\/wp-json\/wp\/v2\/types\/product"}],"version-history":[{"count":2,"href":"https:\/\/candeebaar.ee\/lv\/wp-json\/wp\/v2\/product\/6281\/revisions"}],"predecessor-version":[{"id":14124,"href":"https:\/\/candeebaar.ee\/lv\/wp-json\/wp\/v2\/product\/6281\/revisions\/14124"}],"wp:featuredmedia":[{"embeddable":true,"href":"https:\/\/candeebaar.ee\/lv\/wp-json\/wp\/v2\/media\/6283"}],"wp:attachment":[{"href":"https:\/\/candeebaar.ee\/lv\/wp-json\/wp\/v2\/media?parent=6281"}],"wp:term":[{"taxonomy":"product_brand","embeddable":true,"href":"https:\/\/candeebaar.ee\/lv\/wp-json\/wp\/v2\/product_brand?post=6281"},{"taxonomy":"product_cat","embeddable":true,"href":"https:\/\/candeebaar.ee\/lv\/wp-json\/wp\/v2\/product_cat?post=6281"},{"taxonomy":"product_tag","embeddable":true,"href":"https:\/\/candeebaar.ee\/lv\/wp-json\/wp\/v2\/product_tag?post=6281"}],"curies":[{"name":"wp","href":"https:\/\/api.w.org\/{rel}","templated":true}]}}