{"id":6285,"date":"2024-12-31T20:12:01","date_gmt":"2024-12-31T20:12:01","guid":{"rendered":"https:\/\/storetest.ivi.ee\/product\/red-food-calligraphy-pen-calligra-fractal-colors\/"},"modified":"2026-03-02T16:17:20","modified_gmt":"2026-03-02T14:17:20","slug":"sarkans-ediens-kaligrafija-pildspalva-kaligra-fraktalu-krasas","status":"publish","type":"product","link":"https:\/\/candeebaar.ee\/lv\/veikals\/sarkans-ediens-kaligrafija-pildspalva-kaligra-fraktalu-krasas\/","title":{"rendered":"Sarkan\u0101 p\u0101rtikas kaligr\u0101fijas pildspalva Calligra Fractal Colors"},"content":{"rendered":"<p>Mar\u0137ieris rakst\u012b\u0161anai ar p\u0101rtikas tint\u0113m.<br \/>\n Tam ir m\u012bksts gals, kas nodro\u0161ina kaligr\u0101fisku efektu atkar\u012bb\u0101 no pielietot\u0101 spiediena.<br \/>\n Tintes sast\u0101vs: \u016bdens, E124, E211, E330, aromatiz\u0113t\u0101js.<br \/>\n Var negat\u012bvi ietekm\u0113t b\u0113rnu aktivit\u0101ti un uzman\u012bbu.<br \/>\n Uzglab\u0101t tum\u0161\u0101, v\u0113s\u0101 viet\u0101 cie\u0161i nosl\u0113gt\u0101 iepakojum\u0101.<br \/>\n Ra\u017eot\u0101js: Fractal Colors, Ung\u0101rija<\/p>","protected":false},"excerpt":{"rendered":"<p>Mar\u0137ieris rakst\u012b\u0161anai ar p\u0101rtikas tint\u0113m. Tam ir m\u012bksts gals, kas nodro\u0161ina kaligr\u0101fisku efektu atkar\u012bb\u0101 no pielietot\u0101 spiediena. Tintes sast\u0101vs: \u016bdens, E124, E211, E330, aromatiz\u0113t\u0101js. Var negat\u012bvi ietekm\u0113t b\u0113rnu aktivit\u0101ti un uzman\u012bbu. Uzglab\u0101t tum\u0161\u0101, v\u0113s\u0101 viet\u0101 cie\u0161i nosl\u0113gt\u0101 iepakojum\u0101. Ra\u017eot\u0101js: Fractal Colors, Ung\u0101rija<\/p>","protected":false},"featured_media":6284,"template":"","meta":{"_seopress_robots_primary_cat":"","_seopress_titles_title":"","_seopress_titles_desc":"","_seopress_robots_index":""},"product_brand":[],"product_cat":[182,181,15,114,84],"product_tag":[],"class_list":{"0":"post-6285","1":"product","2":"type-product","3":"status-publish","4":"has-post-thumbnail","6":"product_cat-christmas","7":"product_cat-christmas-new-year","8":"product_cat-all-products","9":"product_cat-gel-water-soluble","10":"product_cat-tools","12":"first","13":"instock","14":"taxable","15":"shipping-taxable","16":"purchasable","17":"product-type-simple"},"_links":{"self":[{"href":"https:\/\/candeebaar.ee\/lv\/wp-json\/wp\/v2\/product\/6285","targetHints":{"allow":["GET"]}}],"collection":[{"href":"https:\/\/candeebaar.ee\/lv\/wp-json\/wp\/v2\/product"}],"about":[{"href":"https:\/\/candeebaar.ee\/lv\/wp-json\/wp\/v2\/types\/product"}],"version-history":[{"count":1,"href":"https:\/\/candeebaar.ee\/lv\/wp-json\/wp\/v2\/product\/6285\/revisions"}],"predecessor-version":[{"id":6286,"href":"https:\/\/candeebaar.ee\/lv\/wp-json\/wp\/v2\/product\/6285\/revisions\/6286"}],"wp:featuredmedia":[{"embeddable":true,"href":"https:\/\/candeebaar.ee\/lv\/wp-json\/wp\/v2\/media\/6284"}],"wp:attachment":[{"href":"https:\/\/candeebaar.ee\/lv\/wp-json\/wp\/v2\/media?parent=6285"}],"wp:term":[{"taxonomy":"product_brand","embeddable":true,"href":"https:\/\/candeebaar.ee\/lv\/wp-json\/wp\/v2\/product_brand?post=6285"},{"taxonomy":"product_cat","embeddable":true,"href":"https:\/\/candeebaar.ee\/lv\/wp-json\/wp\/v2\/product_cat?post=6285"},{"taxonomy":"product_tag","embeddable":true,"href":"https:\/\/candeebaar.ee\/lv\/wp-json\/wp\/v2\/product_tag?post=6285"}],"curies":[{"name":"wp","href":"https:\/\/api.w.org\/{rel}","templated":true}]}}