{"id":6439,"date":"2024-12-31T20:12:17","date_gmt":"2024-12-31T20:12:17","guid":{"rendered":"https:\/\/storetest.ivi.ee\/product\/topper-happy-birthday-silver-hb26\/"},"modified":"2025-11-20T01:34:46","modified_gmt":"2025-11-19T23:34:46","slug":"topper-daudz-laimes-dzimsanas-diena-sudrabs-hb26","status":"publish","type":"product","link":"https:\/\/candeebaar.ee\/lv\/veikals\/topper-daudz-laimes-dzimsanas-diena-sudrabs-hb26\/","title":{"rendered":"Topper \u201cDaudz laimes dzim\u0161anas dien\u0101\u201d, sudrabs (hb26)"},"content":{"rendered":"<p>Plastmasas virsk\u0101rta.<br \/>\nP\u0101rkl\u0101ts ar aizsargpl\u0113vi.<br \/>\nIzm\u0113rs: ~15*12cm<\/p>","protected":false},"excerpt":{"rendered":"<p>Plastmasas virsk\u0101rta. P\u0101rkl\u0101ts ar aizsargpl\u0113vi. Izm\u0113rs: ~15*12cm<\/p>","protected":false},"featured_media":6308,"template":"","meta":{"_seopress_robots_primary_cat":"","_seopress_titles_title":"","_seopress_titles_desc":"","_seopress_robots_index":""},"product_brand":[],"product_cat":[15,158],"product_tag":[],"class_list":{"0":"post-6439","1":"product","2":"type-product","3":"status-publish","4":"has-post-thumbnail","6":"product_cat-all-products","7":"product_cat-silver","9":"first","10":"instock","11":"taxable","12":"shipping-taxable","13":"purchasable","14":"product-type-simple"},"_links":{"self":[{"href":"https:\/\/candeebaar.ee\/lv\/wp-json\/wp\/v2\/product\/6439","targetHints":{"allow":["GET"]}}],"collection":[{"href":"https:\/\/candeebaar.ee\/lv\/wp-json\/wp\/v2\/product"}],"about":[{"href":"https:\/\/candeebaar.ee\/lv\/wp-json\/wp\/v2\/types\/product"}],"version-history":[{"count":1,"href":"https:\/\/candeebaar.ee\/lv\/wp-json\/wp\/v2\/product\/6439\/revisions"}],"predecessor-version":[{"id":6440,"href":"https:\/\/candeebaar.ee\/lv\/wp-json\/wp\/v2\/product\/6439\/revisions\/6440"}],"wp:featuredmedia":[{"embeddable":true,"href":"https:\/\/candeebaar.ee\/lv\/wp-json\/wp\/v2\/media\/6308"}],"wp:attachment":[{"href":"https:\/\/candeebaar.ee\/lv\/wp-json\/wp\/v2\/media?parent=6439"}],"wp:term":[{"taxonomy":"product_brand","embeddable":true,"href":"https:\/\/candeebaar.ee\/lv\/wp-json\/wp\/v2\/product_brand?post=6439"},{"taxonomy":"product_cat","embeddable":true,"href":"https:\/\/candeebaar.ee\/lv\/wp-json\/wp\/v2\/product_cat?post=6439"},{"taxonomy":"product_tag","embeddable":true,"href":"https:\/\/candeebaar.ee\/lv\/wp-json\/wp\/v2\/product_tag?post=6439"}],"curies":[{"name":"wp","href":"https:\/\/api.w.org\/{rel}","templated":true}]}}