{"id":6539,"date":"2024-12-31T20:12:23","date_gmt":"2024-12-31T20:12:23","guid":{"rendered":"https:\/\/storetest.ivi.ee\/product\/topper-happy-birthday-silver-hb66\/"},"modified":"2025-10-28T08:42:30","modified_gmt":"2025-10-28T06:42:30","slug":"sudraba-krasas-dzimsanas-dienas-rotajums-hb66","status":"publish","type":"product","link":"https:\/\/candeebaar.ee\/lv\/veikals\/sudraba-krasas-dzimsanas-dienas-rotajums-hb66\/","title":{"rendered":"Topper \u201cDaudz laimes dzim\u0161anas dien\u0101\u201d, sudrabs (hb66)"},"content":{"rendered":"<p>Plastmasas virsk\u0101rta.<br \/>\nP\u0101rkl\u0101ts ar aizsargpl\u0113vi.<br \/>\nIzm\u0113rs: ~15*12cm<\/p>","protected":false},"excerpt":{"rendered":"<p>Plastmasas virsk\u0101rta. P\u0101rkl\u0101ts ar aizsargpl\u0113vi. Izm\u0113rs: ~15*12cm<\/p>","protected":false},"featured_media":6321,"template":"","meta":{"_seopress_robots_primary_cat":"","_seopress_titles_title":"","_seopress_titles_desc":"","_seopress_robots_index":""},"product_brand":[],"product_cat":[15,158],"product_tag":[],"class_list":{"0":"post-6539","1":"product","2":"type-product","3":"status-publish","4":"has-post-thumbnail","6":"product_cat-all-products","7":"product_cat-silver","9":"first","10":"instock","11":"taxable","12":"shipping-taxable","13":"purchasable","14":"product-type-simple"},"_links":{"self":[{"href":"https:\/\/candeebaar.ee\/lv\/wp-json\/wp\/v2\/product\/6539","targetHints":{"allow":["GET"]}}],"collection":[{"href":"https:\/\/candeebaar.ee\/lv\/wp-json\/wp\/v2\/product"}],"about":[{"href":"https:\/\/candeebaar.ee\/lv\/wp-json\/wp\/v2\/types\/product"}],"version-history":[{"count":1,"href":"https:\/\/candeebaar.ee\/lv\/wp-json\/wp\/v2\/product\/6539\/revisions"}],"predecessor-version":[{"id":6540,"href":"https:\/\/candeebaar.ee\/lv\/wp-json\/wp\/v2\/product\/6539\/revisions\/6540"}],"wp:featuredmedia":[{"embeddable":true,"href":"https:\/\/candeebaar.ee\/lv\/wp-json\/wp\/v2\/media\/6321"}],"wp:attachment":[{"href":"https:\/\/candeebaar.ee\/lv\/wp-json\/wp\/v2\/media?parent=6539"}],"wp:term":[{"taxonomy":"product_brand","embeddable":true,"href":"https:\/\/candeebaar.ee\/lv\/wp-json\/wp\/v2\/product_brand?post=6539"},{"taxonomy":"product_cat","embeddable":true,"href":"https:\/\/candeebaar.ee\/lv\/wp-json\/wp\/v2\/product_cat?post=6539"},{"taxonomy":"product_tag","embeddable":true,"href":"https:\/\/candeebaar.ee\/lv\/wp-json\/wp\/v2\/product_tag?post=6539"}],"curies":[{"name":"wp","href":"https:\/\/api.w.org\/{rel}","templated":true}]}}