{"id":6801,"date":"2024-12-31T20:12:39","date_gmt":"2024-12-31T20:12:39","guid":{"rendered":"https:\/\/storetest.ivi.ee\/product\/piping-bags-heavy-duty-52cm-22pcs\/"},"modified":"2026-04-08T19:01:46","modified_gmt":"2026-04-08T17:01:46","slug":"caurulvadu-maisi-lieljaudas-52cm-22gab","status":"publish","type":"product","link":"https:\/\/candeebaar.ee\/lv\/veikals\/caurulvadu-maisi-lieljaudas-52cm-22gab\/","title":{"rendered":"Cauru\u013cvadu maisi lieljaudas 52cm (22gab.)"},"content":{"rendered":"<p>Iztur\u012bgi cauru\u013cvadu maisi\u0146i no bieza polietil\u0113na. Iztur\u0113t jebk\u0101das slodzes, ja to lieto konditorejas izstr\u0101d\u0101jumos. Izraujot maisi\u0146u no ru\u013c\u013ca, ieteicams r\u016bp\u012bgi nogriezt pa pl\u012bsuma l\u012bniju ar \u0161\u0137\u0113r\u0113m.<br \/>\nIzm\u0113rs: 52*25cm<br \/>\nKomplekt\u0101 22gab<br \/>\nRa\u017eots: \u0136\u012bn\u0101<\/p>","protected":false},"excerpt":{"rendered":"<p>Iztur\u012bgi cauru\u013cvadu maisi\u0146i no bieza polietil\u0113na. Iztur\u0113t jebk\u0101das slodzes, ja to lieto konditorejas izstr\u0101d\u0101jumos. Izraujot maisi\u0146u no ru\u013c\u013ca, ieteicams r\u016bp\u012bgi nogriezt pa pl\u012bsuma l\u012bniju ar \u0161\u0137\u0113r\u0113m. Izm\u0113rs: 52*25cm Komplekt\u0101 22 gab. Ra\u017eots: \u0136\u012bn\u0101<\/p>","protected":false},"featured_media":6803,"template":"","meta":{"_seopress_robots_primary_cat":"none","_seopress_titles_title":"","_seopress_titles_desc":"","_seopress_robots_index":""},"product_brand":[],"product_cat":[15,85],"product_tag":[],"class_list":{"0":"post-6801","1":"product","2":"type-product","3":"status-publish","4":"has-post-thumbnail","6":"product_cat-all-products","7":"product_cat-piping-bags","9":"first","10":"instock","11":"taxable","12":"shipping-taxable","13":"purchasable","14":"product-type-simple"},"_links":{"self":[{"href":"https:\/\/candeebaar.ee\/lv\/wp-json\/wp\/v2\/product\/6801","targetHints":{"allow":["GET"]}}],"collection":[{"href":"https:\/\/candeebaar.ee\/lv\/wp-json\/wp\/v2\/product"}],"about":[{"href":"https:\/\/candeebaar.ee\/lv\/wp-json\/wp\/v2\/types\/product"}],"version-history":[{"count":1,"href":"https:\/\/candeebaar.ee\/lv\/wp-json\/wp\/v2\/product\/6801\/revisions"}],"predecessor-version":[{"id":6802,"href":"https:\/\/candeebaar.ee\/lv\/wp-json\/wp\/v2\/product\/6801\/revisions\/6802"}],"wp:featuredmedia":[{"embeddable":true,"href":"https:\/\/candeebaar.ee\/lv\/wp-json\/wp\/v2\/media\/6803"}],"wp:attachment":[{"href":"https:\/\/candeebaar.ee\/lv\/wp-json\/wp\/v2\/media?parent=6801"}],"wp:term":[{"taxonomy":"product_brand","embeddable":true,"href":"https:\/\/candeebaar.ee\/lv\/wp-json\/wp\/v2\/product_brand?post=6801"},{"taxonomy":"product_cat","embeddable":true,"href":"https:\/\/candeebaar.ee\/lv\/wp-json\/wp\/v2\/product_cat?post=6801"},{"taxonomy":"product_tag","embeddable":true,"href":"https:\/\/candeebaar.ee\/lv\/wp-json\/wp\/v2\/product_tag?post=6801"}],"curies":[{"name":"wp","href":"https:\/\/api.w.org\/{rel}","templated":true}]}}