{"id":6804,"date":"2024-12-31T20:12:44","date_gmt":"2024-12-31T20:12:44","guid":{"rendered":"https:\/\/storetest.ivi.ee\/product\/dummy-tier-for-cake-285cm\/"},"modified":"2025-11-07T10:05:00","modified_gmt":"2025-11-07T08:05:00","slug":"manekena-limenis-kukai-285cm","status":"publish","type":"product","link":"https:\/\/candeebaar.ee\/lv\/veikals\/manekena-limenis-kukai-285cm\/","title":{"rendered":"Manekena l\u012bmenis k\u016bkai 28*5cm"},"content":{"rendered":"<p>Manekens, kas izgatavots no putuplasta, lieliski piem\u0113rots daudzst\u0101vu k\u016bkas pamatnei.<br \/>\nIzm\u0113rs: 28*5cm<br \/>\nRa\u017eot\u0101js: Polija<\/p>","protected":false},"excerpt":{"rendered":"<p>Manekens, kas izgatavots no putuplasta, lieliski piem\u0113rots daudzst\u0101vu k\u016bkas pamatnei. Izm\u0113rs: 28*5cm Ra\u017eot\u0101js: Polija<\/p>","protected":false},"featured_media":6806,"template":"","meta":{"_seopress_robots_primary_cat":"","_seopress_titles_title":"","_seopress_titles_desc":"","_seopress_robots_index":""},"product_brand":[],"product_cat":[180,15,146],"product_tag":[],"class_list":{"0":"post-6804","1":"product","2":"type-product","3":"status-publish","4":"has-post-thumbnail","6":"product_cat-wedding-products","7":"product_cat-all-products","8":"product_cat-28cm","10":"first","11":"outofstock","12":"taxable","13":"shipping-taxable","14":"purchasable","15":"product-type-simple"},"_links":{"self":[{"href":"https:\/\/candeebaar.ee\/lv\/wp-json\/wp\/v2\/product\/6804","targetHints":{"allow":["GET"]}}],"collection":[{"href":"https:\/\/candeebaar.ee\/lv\/wp-json\/wp\/v2\/product"}],"about":[{"href":"https:\/\/candeebaar.ee\/lv\/wp-json\/wp\/v2\/types\/product"}],"version-history":[{"count":1,"href":"https:\/\/candeebaar.ee\/lv\/wp-json\/wp\/v2\/product\/6804\/revisions"}],"predecessor-version":[{"id":6805,"href":"https:\/\/candeebaar.ee\/lv\/wp-json\/wp\/v2\/product\/6804\/revisions\/6805"}],"wp:featuredmedia":[{"embeddable":true,"href":"https:\/\/candeebaar.ee\/lv\/wp-json\/wp\/v2\/media\/6806"}],"wp:attachment":[{"href":"https:\/\/candeebaar.ee\/lv\/wp-json\/wp\/v2\/media?parent=6804"}],"wp:term":[{"taxonomy":"product_brand","embeddable":true,"href":"https:\/\/candeebaar.ee\/lv\/wp-json\/wp\/v2\/product_brand?post=6804"},{"taxonomy":"product_cat","embeddable":true,"href":"https:\/\/candeebaar.ee\/lv\/wp-json\/wp\/v2\/product_cat?post=6804"},{"taxonomy":"product_tag","embeddable":true,"href":"https:\/\/candeebaar.ee\/lv\/wp-json\/wp\/v2\/product_tag?post=6804"}],"curies":[{"name":"wp","href":"https:\/\/api.w.org\/{rel}","templated":true}]}}