{"id":6819,"date":"2024-12-31T20:12:44","date_gmt":"2024-12-31T20:12:44","guid":{"rendered":"https:\/\/storetest.ivi.ee\/product\/curved-spatula-16cm\/"},"modified":"2026-02-22T21:08:42","modified_gmt":"2026-02-22T19:08:42","slug":"izliekta-lapstina-16cm","status":"publish","type":"product","link":"https:\/\/candeebaar.ee\/lv\/veikals\/izliekta-lapstina-16cm\/","title":{"rendered":"Izliekta l\u0101psti\u0146a 16cm"},"content":{"rendered":"<p>Met\u0101la izliekta l\u0101psti\u0146a darbam ar kr\u0113mu.<br \/>\n Vienk\u0101r\u0161s iztur\u012bgs dizains.<br \/>\n Izm\u0113rs: 32cm*3cm (darba da\u013ca 16cm)<\/p>","protected":false},"excerpt":{"rendered":"<p>Met\u0101la izliekta l\u0101psti\u0146a darbam ar kr\u0113mu. Vienk\u0101r\u0161s iztur\u012bgs dizains. Izm\u0113rs: 32cm*3cm (darba da\u013ca 16cm)<\/p>","protected":false},"featured_media":6818,"template":"","meta":{"_seopress_robots_primary_cat":"","_seopress_titles_title":"","_seopress_titles_desc":"","_seopress_robots_index":""},"product_brand":[],"product_cat":[15,84],"product_tag":[],"class_list":{"0":"post-6819","1":"product","2":"type-product","3":"status-publish","4":"has-post-thumbnail","6":"product_cat-all-products","7":"product_cat-tools","9":"first","10":"outofstock","11":"taxable","12":"shipping-taxable","13":"purchasable","14":"product-type-simple"},"_links":{"self":[{"href":"https:\/\/candeebaar.ee\/lv\/wp-json\/wp\/v2\/product\/6819","targetHints":{"allow":["GET"]}}],"collection":[{"href":"https:\/\/candeebaar.ee\/lv\/wp-json\/wp\/v2\/product"}],"about":[{"href":"https:\/\/candeebaar.ee\/lv\/wp-json\/wp\/v2\/types\/product"}],"version-history":[{"count":1,"href":"https:\/\/candeebaar.ee\/lv\/wp-json\/wp\/v2\/product\/6819\/revisions"}],"predecessor-version":[{"id":6820,"href":"https:\/\/candeebaar.ee\/lv\/wp-json\/wp\/v2\/product\/6819\/revisions\/6820"}],"wp:featuredmedia":[{"embeddable":true,"href":"https:\/\/candeebaar.ee\/lv\/wp-json\/wp\/v2\/media\/6818"}],"wp:attachment":[{"href":"https:\/\/candeebaar.ee\/lv\/wp-json\/wp\/v2\/media?parent=6819"}],"wp:term":[{"taxonomy":"product_brand","embeddable":true,"href":"https:\/\/candeebaar.ee\/lv\/wp-json\/wp\/v2\/product_brand?post=6819"},{"taxonomy":"product_cat","embeddable":true,"href":"https:\/\/candeebaar.ee\/lv\/wp-json\/wp\/v2\/product_cat?post=6819"},{"taxonomy":"product_tag","embeddable":true,"href":"https:\/\/candeebaar.ee\/lv\/wp-json\/wp\/v2\/product_tag?post=6819"}],"curies":[{"name":"wp","href":"https:\/\/api.w.org\/{rel}","templated":true}]}}