{"id":6921,"date":"2024-12-31T20:13:12","date_gmt":"2024-12-31T20:13:12","guid":{"rendered":"https:\/\/storetest.ivi.ee\/product\/silicone-mold-shells-star-n34\/"},"modified":"2024-12-31T20:13:12","modified_gmt":"2024-12-31T20:13:12","slug":"silikona-veidnu-caulas-zvaigzne-n34","status":"publish","type":"product","link":"https:\/\/candeebaar.ee\/lv\/veikals\/silikona-veidnu-caulas-zvaigzne-n34\/","title":{"rendered":"Silikona veidne Shells Star N34"},"content":{"rendered":"<p>Silikona veidne \u0113damu dekor\u0101ciju izgatavo\u0161anai no fondanta, izomaltas, \u0161okol\u0101des, glaz\u016bras u.c.<br \/>\nMateri\u0101ls: p\u0101rtikas silikons<br \/>\nIzm\u0113rs: 60*60*10mm<br \/>\nDarba temperat\u016bra: -40\u00b0 l\u012bdz 230\u00b0C<br \/>\nRa\u017eot\u0101js: \u0136\u012bna<\/p>","protected":false},"excerpt":{"rendered":"<p>Silikona veidne \u0113damu dekor\u0101ciju izgatavo\u0161anai no fondanta, izomaltas, \u0161okol\u0101des, glaz\u016bras uc Materi\u0101ls: p\u0101rtikas silikons Izm\u0113rs: 60*60*10mm Darba temperat\u016bra: -40\u00b0 l\u012bdz 230\u00b0C Ra\u017eot\u0101js: \u0136\u012bna<\/p>","protected":false},"featured_media":6918,"template":"","meta":{"_seopress_robots_primary_cat":"","_seopress_titles_title":"","_seopress_titles_desc":"","_seopress_robots_index":""},"product_brand":[],"product_cat":[15],"product_tag":[],"class_list":{"0":"post-6921","1":"product","2":"type-product","3":"status-publish","4":"has-post-thumbnail","6":"product_cat-all-products","8":"first","9":"instock","10":"taxable","11":"shipping-taxable","12":"purchasable","13":"product-type-simple"},"_links":{"self":[{"href":"https:\/\/candeebaar.ee\/lv\/wp-json\/wp\/v2\/product\/6921","targetHints":{"allow":["GET"]}}],"collection":[{"href":"https:\/\/candeebaar.ee\/lv\/wp-json\/wp\/v2\/product"}],"about":[{"href":"https:\/\/candeebaar.ee\/lv\/wp-json\/wp\/v2\/types\/product"}],"version-history":[{"count":1,"href":"https:\/\/candeebaar.ee\/lv\/wp-json\/wp\/v2\/product\/6921\/revisions"}],"predecessor-version":[{"id":6922,"href":"https:\/\/candeebaar.ee\/lv\/wp-json\/wp\/v2\/product\/6921\/revisions\/6922"}],"wp:featuredmedia":[{"embeddable":true,"href":"https:\/\/candeebaar.ee\/lv\/wp-json\/wp\/v2\/media\/6918"}],"wp:attachment":[{"href":"https:\/\/candeebaar.ee\/lv\/wp-json\/wp\/v2\/media?parent=6921"}],"wp:term":[{"taxonomy":"product_brand","embeddable":true,"href":"https:\/\/candeebaar.ee\/lv\/wp-json\/wp\/v2\/product_brand?post=6921"},{"taxonomy":"product_cat","embeddable":true,"href":"https:\/\/candeebaar.ee\/lv\/wp-json\/wp\/v2\/product_cat?post=6921"},{"taxonomy":"product_tag","embeddable":true,"href":"https:\/\/candeebaar.ee\/lv\/wp-json\/wp\/v2\/product_tag?post=6921"}],"curies":[{"name":"wp","href":"https:\/\/api.w.org\/{rel}","templated":true}]}}