{"id":6973,"date":"2024-12-31T20:13:12","date_gmt":"2024-12-31T20:13:12","guid":{"rendered":"https:\/\/storetest.ivi.ee\/product\/silicone-mold-half-spheres-r10\/"},"modified":"2026-01-06T11:18:36","modified_gmt":"2026-01-06T09:18:36","slug":"silikona-veidnu-puslodes-r10","status":"publish","type":"product","link":"https:\/\/candeebaar.ee\/lv\/veikals\/silikona-veidnu-puslodes-r10\/","title":{"rendered":"Silikona veidne Puslodes R10"},"content":{"rendered":"<p>Silikona veidne \u0113damu dekor\u0101ciju izgatavo\u0161anai no fondanta, izomaltas, \u0161okol\u0101des, glaz\u016bras u.c.<br \/>\nMateri\u0101ls: p\u0101rtikas silikons<br \/>\nIzm\u0113rs: 65*65*11mm<br \/>\nTemperat\u016bras diapazons: -40\u00b0 l\u012bdz 230\u00b0C<br \/>\nRa\u017eot\u0101js: \u0136\u012bna<\/p>","protected":false},"excerpt":{"rendered":"<p>Silikona veidne \u0113damu dekor\u0101ciju izgatavo\u0161anai no fondanta, izomaltas, \u0161okol\u0101des, glaz\u016bras uc Materi\u0101ls: p\u0101rtikas silikons Izm\u0113rs: 65*65*11mm Temperat\u016bras diapazons: -40\u00b0 l\u012bdz 230\u00b0C Ra\u017eot\u0101js: \u0136\u012bna<\/p>","protected":false},"featured_media":6975,"template":"","meta":{"_seopress_robots_primary_cat":"","_seopress_titles_title":"","_seopress_titles_desc":"","_seopress_robots_index":""},"product_brand":[],"product_cat":[15,127],"product_tag":[],"class_list":{"0":"post-6973","1":"product","2":"type-product","3":"status-publish","4":"has-post-thumbnail","6":"product_cat-all-products","7":"product_cat-ornament","9":"first","10":"instock","11":"taxable","12":"shipping-taxable","13":"purchasable","14":"product-type-simple"},"_links":{"self":[{"href":"https:\/\/candeebaar.ee\/lv\/wp-json\/wp\/v2\/product\/6973","targetHints":{"allow":["GET"]}}],"collection":[{"href":"https:\/\/candeebaar.ee\/lv\/wp-json\/wp\/v2\/product"}],"about":[{"href":"https:\/\/candeebaar.ee\/lv\/wp-json\/wp\/v2\/types\/product"}],"version-history":[{"count":1,"href":"https:\/\/candeebaar.ee\/lv\/wp-json\/wp\/v2\/product\/6973\/revisions"}],"predecessor-version":[{"id":6974,"href":"https:\/\/candeebaar.ee\/lv\/wp-json\/wp\/v2\/product\/6973\/revisions\/6974"}],"wp:featuredmedia":[{"embeddable":true,"href":"https:\/\/candeebaar.ee\/lv\/wp-json\/wp\/v2\/media\/6975"}],"wp:attachment":[{"href":"https:\/\/candeebaar.ee\/lv\/wp-json\/wp\/v2\/media?parent=6973"}],"wp:term":[{"taxonomy":"product_brand","embeddable":true,"href":"https:\/\/candeebaar.ee\/lv\/wp-json\/wp\/v2\/product_brand?post=6973"},{"taxonomy":"product_cat","embeddable":true,"href":"https:\/\/candeebaar.ee\/lv\/wp-json\/wp\/v2\/product_cat?post=6973"},{"taxonomy":"product_tag","embeddable":true,"href":"https:\/\/candeebaar.ee\/lv\/wp-json\/wp\/v2\/product_tag?post=6973"}],"curies":[{"name":"wp","href":"https:\/\/api.w.org\/{rel}","templated":true}]}}