{"id":7003,"date":"2024-12-31T20:13:31","date_gmt":"2024-12-31T20:13:31","guid":{"rendered":"https:\/\/storetest.ivi.ee\/product\/silicone-mold-tools-r18\/"},"modified":"2026-03-18T10:03:37","modified_gmt":"2026-03-18T08:03:37","slug":"silikona-veidnu-instrumenti-r18","status":"publish","type":"product","link":"https:\/\/candeebaar.ee\/lv\/veikals\/silikona-veidnu-instrumenti-r18\/","title":{"rendered":"Silikona veidne Instrumenti R18"},"content":{"rendered":"<p>Silikona veidne \u0113damu dekor\u0101ciju izgatavo\u0161anai no fondanta, izomaltas, \u0161okol\u0101des, glaz\u016bras u.c.<br \/>\nMateri\u0101ls: p\u0101rtikas silikons<br \/>\nIzm\u0113rs: 125*130*12mm<br \/>\nLieto\u0161anas temperat\u016bra: -40\u00b0 l\u012bdz 230\u00b0C<br \/>\nRa\u017eot\u0101js: \u0136\u012bna<\/p>","protected":false},"excerpt":{"rendered":"<p>Silikona veidne \u0113damu dekor\u0101ciju izgatavo\u0161anai no fondanta, izomaltas, \u0161okol\u0101des, glaz\u016bras uc Materi\u0101ls: p\u0101rtikas silikons Izm\u0113rs: 125*130*12mm Lieto\u0161anas temperat\u016bra: -40\u00b0 l\u012bdz 230\u00b0C Ra\u017eot\u0101js: \u0136\u012bna<\/p>","protected":false},"featured_media":6998,"template":"","meta":{"_seopress_robots_primary_cat":"","_seopress_titles_title":"","_seopress_titles_desc":"","_seopress_robots_index":""},"product_brand":[],"product_cat":[15,123,127],"product_tag":[],"class_list":{"0":"post-7003","1":"product","2":"type-product","3":"status-publish","4":"has-post-thumbnail","6":"product_cat-all-products","7":"product_cat-geometry","8":"product_cat-ornament","10":"first","11":"instock","12":"taxable","13":"shipping-taxable","14":"purchasable","15":"product-type-simple"},"_links":{"self":[{"href":"https:\/\/candeebaar.ee\/lv\/wp-json\/wp\/v2\/product\/7003","targetHints":{"allow":["GET"]}}],"collection":[{"href":"https:\/\/candeebaar.ee\/lv\/wp-json\/wp\/v2\/product"}],"about":[{"href":"https:\/\/candeebaar.ee\/lv\/wp-json\/wp\/v2\/types\/product"}],"version-history":[{"count":1,"href":"https:\/\/candeebaar.ee\/lv\/wp-json\/wp\/v2\/product\/7003\/revisions"}],"predecessor-version":[{"id":7004,"href":"https:\/\/candeebaar.ee\/lv\/wp-json\/wp\/v2\/product\/7003\/revisions\/7004"}],"wp:featuredmedia":[{"embeddable":true,"href":"https:\/\/candeebaar.ee\/lv\/wp-json\/wp\/v2\/media\/6998"}],"wp:attachment":[{"href":"https:\/\/candeebaar.ee\/lv\/wp-json\/wp\/v2\/media?parent=7003"}],"wp:term":[{"taxonomy":"product_brand","embeddable":true,"href":"https:\/\/candeebaar.ee\/lv\/wp-json\/wp\/v2\/product_brand?post=7003"},{"taxonomy":"product_cat","embeddable":true,"href":"https:\/\/candeebaar.ee\/lv\/wp-json\/wp\/v2\/product_cat?post=7003"},{"taxonomy":"product_tag","embeddable":true,"href":"https:\/\/candeebaar.ee\/lv\/wp-json\/wp\/v2\/product_tag?post=7003"}],"curies":[{"name":"wp","href":"https:\/\/api.w.org\/{rel}","templated":true}]}}