{"id":7043,"date":"2024-12-31T20:13:44","date_gmt":"2024-12-31T20:13:44","guid":{"rendered":"https:\/\/storetest.ivi.ee\/product\/callebaut-w2-white-chocolate-28-2500g\/"},"modified":"2026-02-18T09:50:16","modified_gmt":"2026-02-18T07:50:16","slug":"callebaut-w2-balta-sokolade-28-2500g","status":"publish","type":"product","link":"https:\/\/candeebaar.ee\/lv\/veikals\/callebaut-w2-balta-sokolade-28-2500g\/","title":{"rendered":"Callebaut W2 balt\u0101 \u0161okol\u0101de (28%) 2500g"},"content":{"rendered":"<p>Paz\u012bstam\u0101 \u0161okol\u0101de. Ir augst\u0101k\u0101 kvalit\u0101te.<br \/>\nMasa: 2500g<br \/>\nSast\u0101vda\u013cas: cukurs, kakao sviests, vesels <strong>pienu<\/strong> pulveris, <strong>sojas<\/strong> lecit\u012bns (emulgators), dab\u012bgs vani\u013cas arom\u0101ts.<br \/>\nP\u0101rpakotie produkti var satur\u0113t vai tikt apstr\u0101d\u0101ti ar apr\u012bkojumu, kas non\u0101k saskar\u0113 ar KVIE\u0160IEM, OL\u0100M, <strong>ZEMESRIEKSTI<\/strong>, <strong>SOJAS<\/strong>, <strong>RIEKSTI<\/strong>un\/vai <strong>PIENS<\/strong>.<\/p>\n<table style=\"height: 160px; width: 409px;\" width=\"409\">\n<tbody>\n<tr>\n<td style=\"width: 244px;\">Saturs per<\/td>\n<td style=\"width: 150.4px;\">100g<\/td>\n<\/tr>\n<tr>\n<td style=\"width: 244px;\">Uzturv\u0113rt\u012bba<\/td>\n<td style=\"width: 150.4px;\">569 kcal 2379 kJ<\/td>\n<\/tr>\n<tr>\n<td style=\"width: 244px;\">Tauki (tostarp pies\u0101tin\u0101tie)<\/td>\n<td style=\"width: 150.4px;\">36\u00a0g (22\u00a0g)<\/td>\n<\/tr>\n<tr>\n<td style=\"width: 244px;\">Og\u013chidr\u0101ti (cukurs)<\/td>\n<td style=\"width: 150.4px;\">55\u00a0g (55\u00a0g)<\/td>\n<\/tr>\n<tr>\n<td style=\"width: 244px;\">Olbaltumvielas<\/td>\n<td style=\"width: 150.4px;\">6,0 g<\/td>\n<\/tr>\n<tr>\n<td style=\"width: 244px;\">S\u0101ls<\/td>\n<td style=\"width: 150.4px;\">0,21 g<\/td>\n<\/tr>\n<\/tbody>\n<\/table>\n<p>Uzglab\u0101\u0161anas temperat\u016bra: <strong>12 \u2013 20 \u00b0C<br \/>\n<\/strong>Var satur\u0113t <strong>pienu<\/strong><br \/>\nRa\u017eot\u0101js: CALLEBAUT Belgium.<br \/>\nTurkl\u0101t vietn\u0113 varat atrast daudzas jaunas receptes un iepaz\u012bties <a href=\"https:\/\/www.callebaut.com\/\">callebaut.com<\/a>ar saviem produktiem.<\/p>","protected":false},"excerpt":{"rendered":"<p>Paz\u012bstam\u0101 \u0161okol\u0101de. Ir augst\u0101k\u0101 kvalit\u0101te. Masa: 2500g Sast\u0101vda\u013cas: cukurs, kakao sviests, pilnpiena pulveris, sojas lecit\u012bns (emulgators), dab\u012bgs vani\u013cas arom\u0101ts. P\u0101rpakotie produkti var satur\u0113t vai tikt apstr\u0101d\u0101ti ar apr\u012bkojumu, kas non\u0101k saskar\u0113 ar KVIE\u0160IEM, OL\u0100M, ZEMSRIEKSTIEM, SOJU, RIEKSTIEM un\/vai PIENU. Saturs uz 100 g Uzturv\u0113rt\u012bba 569 kcal 2379 kJ Tauki (ieskaitot pies\u0101tin\u0101tos) 36 g [\u2026]<\/p>","protected":false},"featured_media":4858,"template":"","meta":{"_seopress_robots_primary_cat":"none","_seopress_titles_title":"","_seopress_titles_desc":"","_seopress_robots_index":""},"product_brand":[],"product_cat":[180,15,110],"product_tag":[],"class_list":{"0":"post-7043","1":"product","2":"type-product","3":"status-publish","4":"has-post-thumbnail","6":"product_cat-wedding-products","7":"product_cat-all-products","8":"product_cat-callebaut","9":"brand-callebaut","11":"first","12":"instock","13":"taxable","14":"shipping-taxable","15":"purchasable","16":"product-type-simple"},"_links":{"self":[{"href":"https:\/\/candeebaar.ee\/lv\/wp-json\/wp\/v2\/product\/7043","targetHints":{"allow":["GET"]}}],"collection":[{"href":"https:\/\/candeebaar.ee\/lv\/wp-json\/wp\/v2\/product"}],"about":[{"href":"https:\/\/candeebaar.ee\/lv\/wp-json\/wp\/v2\/types\/product"}],"version-history":[{"count":3,"href":"https:\/\/candeebaar.ee\/lv\/wp-json\/wp\/v2\/product\/7043\/revisions"}],"predecessor-version":[{"id":11894,"href":"https:\/\/candeebaar.ee\/lv\/wp-json\/wp\/v2\/product\/7043\/revisions\/11894"}],"wp:featuredmedia":[{"embeddable":true,"href":"https:\/\/candeebaar.ee\/lv\/wp-json\/wp\/v2\/media\/4858"}],"wp:attachment":[{"href":"https:\/\/candeebaar.ee\/lv\/wp-json\/wp\/v2\/media?parent=7043"}],"wp:term":[{"taxonomy":"product_brand","embeddable":true,"href":"https:\/\/candeebaar.ee\/lv\/wp-json\/wp\/v2\/product_brand?post=7043"},{"taxonomy":"product_cat","embeddable":true,"href":"https:\/\/candeebaar.ee\/lv\/wp-json\/wp\/v2\/product_cat?post=7043"},{"taxonomy":"product_tag","embeddable":true,"href":"https:\/\/candeebaar.ee\/lv\/wp-json\/wp\/v2\/product_tag?post=7043"}],"curies":[{"name":"wp","href":"https:\/\/api.w.org\/{rel}","templated":true}]}}