{"id":7045,"date":"2024-12-31T20:13:44","date_gmt":"2024-12-31T20:13:44","guid":{"rendered":"https:\/\/storetest.ivi.ee\/product\/callebaut-ruby-rb1-47-3-2500g\/"},"modified":"2026-02-11T10:05:06","modified_gmt":"2026-02-11T08:05:06","slug":"callebaut-ruby-rb1-47-3-2500g","status":"publish","type":"product","link":"https:\/\/candeebaar.ee\/lv\/veikals\/callebaut-ruby-rb1-47-3-2500g\/","title":{"rendered":"Callebaut Ruby RB1 (32.8%) 2500g"},"content":{"rendered":"<p>\u201cP\u0113c tum\u0161\u0101s, piena un balt\u0101s \u201cRuby\u201d ir neparast\u0101kais \u0161okol\u0101des atkl\u0101jums p\u0113d\u0113jo 80 gadu laik\u0101. \u0160\u012b M\u0101tes Dabas d\u0101vana p\u0101rsteidz un ap\u017eilbina ar piln\u012bgi jaunu \u0161okol\u0101des gar\u0161u un kr\u0101su, kas rad\u012bta no rub\u012bna kakao pupi\u0146\u0101m \u2013 bez kr\u0101svielu vai aug\u013cu aromatiz\u0113t\u0101ju pievieno\u0161anas. Iegremd\u0113jieties t\u0101s rub\u012bna kr\u0101s\u0101. Pazaud\u0113jiet sevi t\u0101 intens\u012bvaj\u0101 aug\u013cu arom\u0101t\u0101 un svaigaj\u0101s, sk\u0101benaj\u0101s not\u012bs. T\u0101 unik\u0101l\u0101 gar\u0161a un kr\u0101sa aicina rad\u012bt unik\u0101las kombin\u0101cijas un izp\u0113t\u012bt jaunas idejas konditorejas izstr\u0101d\u0101jumiem, cep\u0161anai un desertiem. Pateicoties t\u0101 daudzpus\u012bgajai pl\u016bstam\u012bbai, rub\u012bns RB1 ir ide\u0101li piem\u0113rots pla\u0161am lietojumu kl\u0101stam \u2013 no konditorejas izstr\u0101d\u0101jumu form\u0113\u0161anas un glaz\u0113\u0161anas l\u012bdz miltu put\u0101m un daudz kam citam. Lai \u201cRuby\u201d RB1 ir dzirkstele, kas aizdedzina jaunu rado\u0161o potenci\u0101lu. \u2013 <a href=\"https:\/\/www.callebaut.com\/en-OC\/chocolate-cocoa-nuts\/chr-r35rb1\/ruby\">callebaut.com<\/a><\/p>\n<ul class=\"i8Z77e\">\n<li class=\"TrT0Xe\">Sast\u0101vda\u013cas: cukurs, kakao sviests, v\u0101jpiens <strong>pienu<\/strong> pulveris, vesels <strong>pienu<\/strong> pulveris, kakao pasta, emulgators: <strong>sojas<\/strong> lecit\u012bns, sk\u0101bin\u0101t\u0101js: citronsk\u0101be, dab\u012bgs vani\u013cas aromatiz\u0113t\u0101js.<\/li>\n<\/ul>\n<p><iframe src=\"\/\/www.youtube.com\/embed\/F72K1s8Zph8\" width=\"560\" height=\"314\" allowfullscreen=\"allowfullscreen\" data-mce-fragment=\"1\"><\/iframe><br \/>\nMasa: 200g<br \/>\nSast\u0101vs uz 100 g:<br \/>\nEner\u0123ija: 563kcal\/2356kJ<br \/>\nTauki: 36g (no tiem pies\u0101tin\u0101tie 22g)<br \/>\nOg\u013chidr\u0101ti: 50g (cukurs 49g)<br \/>\nOlbaltumvielas: 9,3g<br \/>\nS\u0101ls: 0,27 g<br \/>\nKakao saturs: 32,8%<\/p>\n<p>Ra\u017eot\u0101js: CALLEBAUT<br \/>\nUzglab\u0101\u0161anas temperat\u016bra: <strong>12 \u2013 20 \u00b0C<\/strong><strong><br \/>\n<\/strong>Turkl\u0101t vietn\u0113 <a href=\"https:\/\/www.callebaut.com\/\">callebaut.com<\/a>, j\u016bs varat atrast daudzas jaunas receptes un uzzin\u0101t par citiem uz\u0146\u0113muma produktiem.<\/p>","protected":false},"excerpt":{"rendered":"<p>\u201cP\u0113c tum\u0161\u0101s, piena un balt\u0101s \u201cRuby\u201d ir neparast\u0101kais \u0161okol\u0101des atkl\u0101jums p\u0113d\u0113jo 80 gadu laik\u0101. \u0160\u012b M\u0101tes Dabas d\u0101vana p\u0101rsteidz un ap\u017eilbina ar piln\u012bgi jaunu \u0161okol\u0101des gar\u0161u un kr\u0101su, kas rad\u012bta no rub\u012bna kakao pupi\u0146\u0101m \u2013 bez kr\u0101svielu vai aug\u013cu aromatiz\u0113t\u0101ju pievieno\u0161anas. Iegremd\u0113jieties t\u0101s rub\u012bna kr\u0101s\u0101. Pazaud\u0113 sevi [\u2026]<\/p>","protected":false},"featured_media":4890,"template":"","meta":{"_seopress_robots_primary_cat":"none","_seopress_titles_title":"","_seopress_titles_desc":"","_seopress_robots_index":""},"product_brand":[],"product_cat":[183,15,110],"product_tag":[],"class_list":{"0":"post-7045","1":"product","2":"type-product","3":"status-publish","4":"has-post-thumbnail","6":"product_cat-valentines-day","7":"product_cat-all-products","8":"product_cat-callebaut","9":"brand-callebaut","11":"first","12":"instock","13":"taxable","14":"shipping-taxable","15":"purchasable","16":"product-type-simple"},"_links":{"self":[{"href":"https:\/\/candeebaar.ee\/lv\/wp-json\/wp\/v2\/product\/7045","targetHints":{"allow":["GET"]}}],"collection":[{"href":"https:\/\/candeebaar.ee\/lv\/wp-json\/wp\/v2\/product"}],"about":[{"href":"https:\/\/candeebaar.ee\/lv\/wp-json\/wp\/v2\/types\/product"}],"version-history":[{"count":5,"href":"https:\/\/candeebaar.ee\/lv\/wp-json\/wp\/v2\/product\/7045\/revisions"}],"predecessor-version":[{"id":15393,"href":"https:\/\/candeebaar.ee\/lv\/wp-json\/wp\/v2\/product\/7045\/revisions\/15393"}],"wp:featuredmedia":[{"embeddable":true,"href":"https:\/\/candeebaar.ee\/lv\/wp-json\/wp\/v2\/media\/4890"}],"wp:attachment":[{"href":"https:\/\/candeebaar.ee\/lv\/wp-json\/wp\/v2\/media?parent=7045"}],"wp:term":[{"taxonomy":"product_brand","embeddable":true,"href":"https:\/\/candeebaar.ee\/lv\/wp-json\/wp\/v2\/product_brand?post=7045"},{"taxonomy":"product_cat","embeddable":true,"href":"https:\/\/candeebaar.ee\/lv\/wp-json\/wp\/v2\/product_cat?post=7045"},{"taxonomy":"product_tag","embeddable":true,"href":"https:\/\/candeebaar.ee\/lv\/wp-json\/wp\/v2\/product_tag?post=7045"}],"curies":[{"name":"wp","href":"https:\/\/api.w.org\/{rel}","templated":true}]}}