{"id":7047,"date":"2024-12-31T20:13:44","date_gmt":"2024-12-31T20:13:44","guid":{"rendered":"https:\/\/storetest.ivi.ee\/product\/callebaut-dark-chocolate-70-30-38-70-5-2500g\/"},"modified":"2025-04-22T09:08:23","modified_gmt":"2025-04-22T07:08:23","slug":"callebaut-tumsa-sokolade-70-30-38-70-5-2500g","status":"publish","type":"product","link":"https:\/\/candeebaar.ee\/lv\/veikals\/callebaut-tumsa-sokolade-70-30-38-70-5-2500g\/","title":{"rendered":"Callebaut tum\u0161\u0101 \u0161okol\u0101de 70\u00a030\u00a038 (70.5%) 2500\u00a0g"},"content":{"rendered":"<p>Callebaut tum\u0161\u0101 \u0161okol\u0101de 70\u00a030\u00a038 (70.5%)<\/p>\n<p>Sast\u0101vda\u013cas: kakao masa, cukurs, kakao pulveris ar samazin\u0101tu tauku saturu, emulgators: <strong>sojas<\/strong> lecit\u012bns, dab\u012bgs vani\u013cas aromatiz\u0113t\u0101js.<\/p>\n<p><iframe src=\"\/\/www.youtube.com\/embed\/aoRkCCt3Hbc\" width=\"560\" height=\"314\" allowfullscreen=\"allowfullscreen\" data-mce-fragment=\"1\"><\/iframe><br \/>\nMasa: 2500g<br \/>\nSast\u0101vs uz 100 g:<br \/>\nEner\u0123ija: 539kcal\/2255kJ<br \/>\nTauki: 39g (no tiem pies\u0101tin\u0101tie 23g)<br \/>\nOg\u013chidr\u0101ti: 31g (cukurs 26g)<br \/>\nOlbaltumvielas: 8,8g<br \/>\nS\u0101ls: 0,02g<br \/>\nKakao saturs: 70.5%<\/p>\n<p>Ra\u017eot\u0101js: CALLEBAUT<br \/>\nUzglab\u0101\u0161anas temperat\u016bra: <strong>12 \u2013 20 \u00b0C<br \/>\n<\/strong>Var satur\u0113t <strong>pienu.<br \/>\n<\/strong>Turkl\u0101t vietn\u0113 <a href=\"https:\/\/www.callebaut.com\/\">callebaut.com<\/a>, j\u016bs varat atrast daudzas jaunas receptes un uzzin\u0101t par citiem uz\u0146\u0113muma produktiem.<\/p>","protected":false},"excerpt":{"rendered":"<p>Callebaut Dark Chocolate 70 30 38 (70.5%) Sast\u0101vda\u013cas: kakao masa, cukurs, kakao pulveris ar samazin\u0101tu tauku saturu, emulgators: sojas lecit\u012bns, dab\u012bgs vani\u013cas aromatiz\u0113t\u0101js. Masa: 2500g Saturs uz 100g: Ener\u0123ija: 539kcal\/2255kJ Tauki: 39g (no tiem pies\u0101tin\u0101tie 23g) Og\u013chidr\u0101ti: 31g (cukurs 26g) Olbaltumvielas: 8,8g S\u0101ls: 0,02g Kakao saturs: 70.5ALLUTP30. 12 \u2013 20 \u00b0C Var satur\u0113t pienu. [\u2026]<\/p>","protected":false},"featured_media":4894,"template":"","meta":{"_seopress_robots_primary_cat":"none","_seopress_titles_title":"","_seopress_titles_desc":"","_seopress_robots_index":""},"product_brand":[],"product_cat":[15,110],"product_tag":[],"class_list":{"0":"post-7047","1":"product","2":"type-product","3":"status-publish","4":"has-post-thumbnail","6":"product_cat-all-products","7":"product_cat-callebaut","8":"brand-callebaut","10":"first","11":"instock","12":"taxable","13":"shipping-taxable","14":"purchasable","15":"product-type-simple"},"_links":{"self":[{"href":"https:\/\/candeebaar.ee\/lv\/wp-json\/wp\/v2\/product\/7047","targetHints":{"allow":["GET"]}}],"collection":[{"href":"https:\/\/candeebaar.ee\/lv\/wp-json\/wp\/v2\/product"}],"about":[{"href":"https:\/\/candeebaar.ee\/lv\/wp-json\/wp\/v2\/types\/product"}],"version-history":[{"count":4,"href":"https:\/\/candeebaar.ee\/lv\/wp-json\/wp\/v2\/product\/7047\/revisions"}],"predecessor-version":[{"id":11914,"href":"https:\/\/candeebaar.ee\/lv\/wp-json\/wp\/v2\/product\/7047\/revisions\/11914"}],"wp:featuredmedia":[{"embeddable":true,"href":"https:\/\/candeebaar.ee\/lv\/wp-json\/wp\/v2\/media\/4894"}],"wp:attachment":[{"href":"https:\/\/candeebaar.ee\/lv\/wp-json\/wp\/v2\/media?parent=7047"}],"wp:term":[{"taxonomy":"product_brand","embeddable":true,"href":"https:\/\/candeebaar.ee\/lv\/wp-json\/wp\/v2\/product_brand?post=7047"},{"taxonomy":"product_cat","embeddable":true,"href":"https:\/\/candeebaar.ee\/lv\/wp-json\/wp\/v2\/product_cat?post=7047"},{"taxonomy":"product_tag","embeddable":true,"href":"https:\/\/candeebaar.ee\/lv\/wp-json\/wp\/v2\/product_tag?post=7047"}],"curies":[{"name":"wp","href":"https:\/\/api.w.org\/{rel}","templated":true}]}}