{"id":7053,"date":"2024-12-31T20:13:44","date_gmt":"2024-12-31T20:13:44","guid":{"rendered":"https:\/\/storetest.ivi.ee\/product\/callebaut-gold-chocolate-30-4-2500g\/"},"modified":"2025-12-16T09:49:50","modified_gmt":"2025-12-16T07:49:50","slug":"callebaut-zelta-sokolade-30-4-2500g","status":"publish","type":"product","link":"https:\/\/candeebaar.ee\/lv\/veikals\/callebaut-zelta-sokolade-30-4-2500g\/","title":{"rendered":"Callebaut Gold Chocolate 30.4% 2500g"},"content":{"rendered":"<p>Callebaut zelta \u0161okol\u0101de. Izgatavots no balt\u0101s \u0161okol\u0101des ar karameles piedevu.<br \/>\nKakao saturs 30.4%.<br \/>\nSast\u0101vda\u013cas: kakao sviests, cukurs, sauss <strong>pienu<\/strong>, karameliz\u0113ts cukurs, emulgators (<strong>sojas<\/strong> lecit\u012bns), dab\u012bgs aromatiz\u0113t\u0101js (vanil\u012bns), s\u0101ls.<br \/>\n2500g<\/p>\n<table style=\"height: 160px; width: 409px;\" width=\"409\">\n<tbody>\n<tr>\n<td style=\"width: 244px;\">Saturs per<\/td>\n<td style=\"width: 150.4px;\">100g<\/td>\n<\/tr>\n<tr>\n<td style=\"width: 244px;\">Uzturv\u0113rt\u012bba<\/td>\n<td style=\"width: 150.4px;\">571 kcal 2388 kJ<\/td>\n<\/tr>\n<tr>\n<td style=\"width: 244px;\">Tauki (no tiem pies\u0101tin\u0101tie)<\/td>\n<td style=\"width: 150.4px;\">37\u00a0g (23\u00a0g)<\/td>\n<\/tr>\n<tr>\n<td style=\"width: 244px;\">Og\u013chidr\u0101ti (cukurs)<\/td>\n<td style=\"width: 150.4px;\">50\u00a0g (51\u00a0g)<\/td>\n<\/tr>\n<tr>\n<td style=\"width: 244px;\">Olbaltumvielas<\/td>\n<td style=\"width: 150.4px;\">8g<\/td>\n<\/tr>\n<tr>\n<td style=\"width: 244px;\">S\u0101ls<\/td>\n<td style=\"width: 150.4px;\">0,51 g<\/td>\n<\/tr>\n<\/tbody>\n<\/table>\n<p>Uzglab\u0101\u0161anas temperat\u016bra: <strong>12 \u2013 20 \u00b0C<br \/>\n<\/strong>Ra\u017eot\u0101js: CALLEBAUT Belgium.<br \/>\nTurkl\u0101t vietn\u0113 varat atrast daudzas jaunas receptes un uzzin\u0101t par vi\u0146u produktiem <a href=\"https:\/\/www.callebaut.com\/\">callebaut.com<\/a>.<\/p>\n<p>&nbsp;<\/p>","protected":false},"excerpt":{"rendered":"<p>Callebaut zelta \u0161okol\u0101de. Izgatavots no balt\u0101s \u0161okol\u0101des ar karameles piedevu. Kakao saturs 30.4%. Sast\u0101vda\u013cas: kakao sviests, cukurs, sausais piens, karameliz\u0113ts cukurs, emulgators (sojas lecit\u012bns), dab\u012bgais aromatiz\u0113t\u0101js (vanil\u012bns), s\u0101ls. 2500g Saturs uz 100g Uzturv\u0113rt\u012bba 571 kcal 2388 kJ Tauki (no tiem pies\u0101tin\u0101tie) 37g (23g) Og\u013chidr\u0101ti (cukurs) 50g (51g) Olbaltumvielas 8g S\u0101ls 0,51g Uzglab\u0101\u0161ana [\u2026]<\/p>","protected":false},"featured_media":4970,"template":"","meta":{"_seopress_robots_primary_cat":"none","_seopress_titles_title":"","_seopress_titles_desc":"","_seopress_robots_index":""},"product_brand":[],"product_cat":[15,110],"product_tag":[],"class_list":{"0":"post-7053","1":"product","2":"type-product","3":"status-publish","4":"has-post-thumbnail","6":"product_cat-all-products","7":"product_cat-callebaut","8":"brand-callebaut","10":"first","11":"instock","12":"taxable","13":"shipping-taxable","14":"purchasable","15":"product-type-simple"},"_links":{"self":[{"href":"https:\/\/candeebaar.ee\/lv\/wp-json\/wp\/v2\/product\/7053","targetHints":{"allow":["GET"]}}],"collection":[{"href":"https:\/\/candeebaar.ee\/lv\/wp-json\/wp\/v2\/product"}],"about":[{"href":"https:\/\/candeebaar.ee\/lv\/wp-json\/wp\/v2\/types\/product"}],"version-history":[{"count":3,"href":"https:\/\/candeebaar.ee\/lv\/wp-json\/wp\/v2\/product\/7053\/revisions"}],"predecessor-version":[{"id":11936,"href":"https:\/\/candeebaar.ee\/lv\/wp-json\/wp\/v2\/product\/7053\/revisions\/11936"}],"wp:featuredmedia":[{"embeddable":true,"href":"https:\/\/candeebaar.ee\/lv\/wp-json\/wp\/v2\/media\/4970"}],"wp:attachment":[{"href":"https:\/\/candeebaar.ee\/lv\/wp-json\/wp\/v2\/media?parent=7053"}],"wp:term":[{"taxonomy":"product_brand","embeddable":true,"href":"https:\/\/candeebaar.ee\/lv\/wp-json\/wp\/v2\/product_brand?post=7053"},{"taxonomy":"product_cat","embeddable":true,"href":"https:\/\/candeebaar.ee\/lv\/wp-json\/wp\/v2\/product_cat?post=7053"},{"taxonomy":"product_tag","embeddable":true,"href":"https:\/\/candeebaar.ee\/lv\/wp-json\/wp\/v2\/product_tag?post=7053"}],"curies":[{"name":"wp","href":"https:\/\/api.w.org\/{rel}","templated":true}]}}