{"id":7055,"date":"2024-12-31T20:13:44","date_gmt":"2024-12-31T20:13:44","guid":{"rendered":"https:\/\/storetest.ivi.ee\/product\/callebaut-lemon-chocolate-27-5-2500g\/"},"modified":"2025-12-16T09:52:58","modified_gmt":"2025-12-16T07:52:58","slug":"callebaut-citronu-sokolade-27-5-2500g","status":"publish","type":"product","link":"https:\/\/candeebaar.ee\/lv\/veikals\/callebaut-citronu-sokolade-27-5-2500g\/","title":{"rendered":"Callebaut citronu \u0161okol\u0101de 27.5% 2500g"},"content":{"rendered":"<p>Callebaut citronu \u0161okol\u0101de. Izgatavots no balt\u0101s \u0161okol\u0101des ar citrona gar\u0161u.<br \/>\nKr\u0101sa: za\u013ca<br \/>\nKakao saturs 27.5%.<br \/>\nSast\u0101vda\u013cas: cukurs, kakao sviests, vesels <strong>PIENS<\/strong> pulveris, emulgators: lecit\u012bni (<strong>SOJA<\/strong>), dab\u012bgs citronu aromatiz\u0113t\u0101js, kr\u0101sas: E132, E100, dab\u012bgs vani\u013cas aromatiz\u0113t\u0101js<br \/>\n2500g<\/p>\n<table style=\"height: 138px; width: 409px;\" width=\"409\">\n<tbody>\n<tr style=\"height: 23px;\">\n<td style=\"width: 244px; height: 23px;\">Saturs per<\/td>\n<td style=\"width: 150.4px; height: 23px;\">100g<\/td>\n<\/tr>\n<tr style=\"height: 23px;\">\n<td style=\"width: 244px; height: 23px;\">Uzturv\u0113rt\u012bba<\/td>\n<td style=\"width: 150.4px; height: 23px;\">559 kcal 2340 kJ<\/td>\n<\/tr>\n<tr style=\"height: 23px;\">\n<td style=\"width: 244px; height: 23px;\">Tauki (no tiem pies\u0101tin\u0101tie)<\/td>\n<td style=\"width: 150.4px; height: 23px;\">34\u00a0g (20\u00a0g)<\/td>\n<\/tr>\n<tr style=\"height: 23px;\">\n<td style=\"width: 244px; height: 23px;\">Og\u013chidr\u0101ti (cukurs)<\/td>\n<td style=\"width: 150.4px; height: 23px;\">59\u00a0g (58\u00a0g)<\/td>\n<\/tr>\n<tr style=\"height: 23px;\">\n<td style=\"width: 244px; height: 23px;\">Olbaltumvielas<\/td>\n<td style=\"width: 150.4px; height: 23px;\">5,1\u00a0g<\/td>\n<\/tr>\n<tr style=\"height: 23px;\">\n<td style=\"width: 244px; height: 23px;\">S\u0101ls<\/td>\n<td style=\"width: 150.4px; height: 23px;\">0,18g<\/td>\n<\/tr>\n<\/tbody>\n<\/table>\n<p>Uzglab\u0101\u0161anas temperat\u016bra: <strong>12 \u2013 20 \u00b0C<br \/>\n<\/strong>Ra\u017eot\u0101js: CALLEBAUT Belgium.<br \/>\nTurkl\u0101t vietn\u0113 varat atrast daudzas jaunas receptes un iepaz\u012bties ar vi\u0146u produktiem <a href=\"https:\/\/www.callebaut.com\/\">callebaut.com<\/a>.<\/p>\n<p>&nbsp;<\/p>","protected":false},"excerpt":{"rendered":"<p>Callebaut citronu \u0161okol\u0101de. Izgatavots no balt\u0101s \u0161okol\u0101des ar citrona gar\u0161u. Kr\u0101sa: za\u013ca Kakao saturs 27.5%. Sast\u0101vs: cukurs, kakao sviests, pilnpiena pulveris, emulgators: lecit\u012bni (SOJA), dab\u012bgs citronu aromatiz\u0113t\u0101js, kr\u0101svielas: E132, E100, dab\u012bgs vani\u013cas aromatiz\u0113t\u0101js 2500g Saturs uz 100g Uzturv\u0113rt\u012bba 559 kcal 2340 kJ (no kur\u0101m 2gg) Og\u013chidr\u0101ti (cukurs) 59g (58g) [\u2026]<\/p>","protected":false},"featured_media":4973,"template":"","meta":{"_seopress_robots_primary_cat":"none","_seopress_titles_title":"","_seopress_titles_desc":"","_seopress_robots_index":""},"product_brand":[],"product_cat":[15,110],"product_tag":[],"class_list":{"0":"post-7055","1":"product","2":"type-product","3":"status-publish","4":"has-post-thumbnail","6":"product_cat-all-products","7":"product_cat-callebaut","8":"brand-callebaut","10":"first","11":"instock","12":"taxable","13":"shipping-taxable","14":"purchasable","15":"product-type-simple"},"_links":{"self":[{"href":"https:\/\/candeebaar.ee\/lv\/wp-json\/wp\/v2\/product\/7055","targetHints":{"allow":["GET"]}}],"collection":[{"href":"https:\/\/candeebaar.ee\/lv\/wp-json\/wp\/v2\/product"}],"about":[{"href":"https:\/\/candeebaar.ee\/lv\/wp-json\/wp\/v2\/types\/product"}],"version-history":[{"count":3,"href":"https:\/\/candeebaar.ee\/lv\/wp-json\/wp\/v2\/product\/7055\/revisions"}],"predecessor-version":[{"id":11923,"href":"https:\/\/candeebaar.ee\/lv\/wp-json\/wp\/v2\/product\/7055\/revisions\/11923"}],"wp:featuredmedia":[{"embeddable":true,"href":"https:\/\/candeebaar.ee\/lv\/wp-json\/wp\/v2\/media\/4973"}],"wp:attachment":[{"href":"https:\/\/candeebaar.ee\/lv\/wp-json\/wp\/v2\/media?parent=7055"}],"wp:term":[{"taxonomy":"product_brand","embeddable":true,"href":"https:\/\/candeebaar.ee\/lv\/wp-json\/wp\/v2\/product_brand?post=7055"},{"taxonomy":"product_cat","embeddable":true,"href":"https:\/\/candeebaar.ee\/lv\/wp-json\/wp\/v2\/product_cat?post=7055"},{"taxonomy":"product_tag","embeddable":true,"href":"https:\/\/candeebaar.ee\/lv\/wp-json\/wp\/v2\/product_tag?post=7055"}],"curies":[{"name":"wp","href":"https:\/\/api.w.org\/{rel}","templated":true}]}}