{"id":7059,"date":"2024-12-31T20:13:44","date_gmt":"2024-12-31T20:13:44","guid":{"rendered":"https:\/\/storetest.ivi.ee\/product\/callebaut-mycryo-600g\/"},"modified":"2025-12-16T10:09:18","modified_gmt":"2025-12-16T08:09:18","slug":"callebaut-mycryo-600g","status":"publish","type":"product","link":"https:\/\/candeebaar.ee\/lv\/veikals\/callebaut-mycryo-600g\/","title":{"rendered":"Callebaut Mycryo 600g"},"content":{"rendered":"<p>Kakao sviests \u201cMikrio\u201d tiek pla\u0161i izmantots kulin\u0101rij\u0101.<br \/>\nTas nesatur holester\u012bnu un ir augu izcelsmes 100%.<br \/>\nSast\u0101vs: kakao sviests<br \/>\n100 g satur: 100 g tauku (no kuriem 60 g ir pies\u0101tin\u0101ti)<br \/>\nUzglab\u0101\u0161anas temperat\u016bra: 12-20\u00b0C<br \/>\nLieto\u0161anas temperat\u016bra: l\u012bdz 200\u00b0C<br \/>\nMasa: 600g<br \/>\nRa\u017eot\u0101js: Barry Callebaut, Be\u013c\u0123ija<br \/>\n<strong>Preces pieg\u0101des laiks, ja prece ir noliktav\u0101, ir aptuveni 1 ned\u0113\u013ca.<\/strong><\/p>","protected":false},"excerpt":{"rendered":"<p>Kakao sviestu \u201cMikrio\u201d pla\u0161i izmanto kulin\u0101rij\u0101. Tas nesatur holester\u012bnu un ir augu izcelsmes 100%. Sast\u0101vs: kakao sviests 100g satur: 100g tauku (no kuriem 60g pies\u0101tin\u0101tie) Uzglab\u0101\u0161anas temperat\u016bra: 12-20\u00b0C Lieto\u0161anas temperat\u016bra: l\u012bdz 200\u00b0C Masa: 600g Ra\u017eot\u0101js: Barry Callebaut Be\u013c\u0123ija Preces pieg\u0101des laiks, ja tas ir noliktav\u0101, ir [\u2026]<\/p>","protected":false},"featured_media":5149,"template":"","meta":{"_seopress_robots_primary_cat":"","_seopress_titles_title":"","_seopress_titles_desc":"","_seopress_robots_index":""},"product_brand":[],"product_cat":[15,110],"product_tag":[],"class_list":{"0":"post-7059","1":"product","2":"type-product","3":"status-publish","4":"has-post-thumbnail","6":"product_cat-all-products","7":"product_cat-callebaut","8":"brand-callebaut","10":"first","11":"instock","12":"taxable","13":"shipping-taxable","14":"purchasable","15":"product-type-simple"},"_links":{"self":[{"href":"https:\/\/candeebaar.ee\/lv\/wp-json\/wp\/v2\/product\/7059","targetHints":{"allow":["GET"]}}],"collection":[{"href":"https:\/\/candeebaar.ee\/lv\/wp-json\/wp\/v2\/product"}],"about":[{"href":"https:\/\/candeebaar.ee\/lv\/wp-json\/wp\/v2\/types\/product"}],"version-history":[{"count":1,"href":"https:\/\/candeebaar.ee\/lv\/wp-json\/wp\/v2\/product\/7059\/revisions"}],"predecessor-version":[{"id":7060,"href":"https:\/\/candeebaar.ee\/lv\/wp-json\/wp\/v2\/product\/7059\/revisions\/7060"}],"wp:featuredmedia":[{"embeddable":true,"href":"https:\/\/candeebaar.ee\/lv\/wp-json\/wp\/v2\/media\/5149"}],"wp:attachment":[{"href":"https:\/\/candeebaar.ee\/lv\/wp-json\/wp\/v2\/media?parent=7059"}],"wp:term":[{"taxonomy":"product_brand","embeddable":true,"href":"https:\/\/candeebaar.ee\/lv\/wp-json\/wp\/v2\/product_brand?post=7059"},{"taxonomy":"product_cat","embeddable":true,"href":"https:\/\/candeebaar.ee\/lv\/wp-json\/wp\/v2\/product_cat?post=7059"},{"taxonomy":"product_tag","embeddable":true,"href":"https:\/\/candeebaar.ee\/lv\/wp-json\/wp\/v2\/product_tag?post=7059"}],"curies":[{"name":"wp","href":"https:\/\/api.w.org\/{rel}","templated":true}]}}