{"id":7063,"date":"2024-12-31T20:13:44","date_gmt":"2024-12-31T20:13:44","guid":{"rendered":"https:\/\/storetest.ivi.ee\/product\/callebaut-velvet-chocolate-32-2500g\/"},"modified":"2025-12-16T10:11:25","modified_gmt":"2025-12-16T08:11:25","slug":"callebaut-samta-sokolade-32-2500g","status":"publish","type":"product","link":"https:\/\/candeebaar.ee\/lv\/veikals\/callebaut-samta-sokolade-32-2500g\/","title":{"rendered":"Callebaut Velvet Chocolate (32%) 2500g"},"content":{"rendered":"<p>Balta kuvert\u016bra.<br \/>\nKakao saturs 32%.<br \/>\nMasa: 2500g<br \/>\nSast\u0101vda\u013cas: cukurs, kakao sviests, vesels <strong>pienu<\/strong> pulveris, <strong>sojas<\/strong> lecit\u012bns (emulgators), dab\u012bgs vani\u013cas arom\u0101ts.<br \/>\nP\u0101rpakotie produkti var satur\u0113t vai tikt apstr\u0101d\u0101ti ar apr\u012bkojumu, kas non\u0101k saskar\u0113 ar KVIE\u0160IEM, OL\u0100M, <strong>ZEMESRIEKSTI<\/strong>, <strong>SOJAS<\/strong>, <strong>RIEKSTI<\/strong>un\/vai <strong>PIENS<\/strong>.<\/p>\n<table style=\"height: 160px; width: 409px;\" width=\"409\">\n<tbody>\n<tr>\n<td style=\"width: 244px;\">Saturs per<\/td>\n<td style=\"width: 150.4px;\">100g<\/td>\n<\/tr>\n<tr>\n<td style=\"width: 244px;\">Uzturv\u0113rt\u012bba<\/td>\n<td style=\"width: 150.4px;\">589 kcal 2465 kJ<\/td>\n<\/tr>\n<tr>\n<td style=\"width: 244px;\">Tauki (no tiem pies\u0101tin\u0101tie)<\/td>\n<td style=\"width: 150.4px;\">40\u00a0g (24\u00a0g)<\/td>\n<\/tr>\n<tr>\n<td style=\"width: 244px;\">Og\u013chidr\u0101ti (cukurs)<\/td>\n<td style=\"width: 150.4px;\">51\u00a0g (51\u00a0g)<\/td>\n<\/tr>\n<tr>\n<td style=\"width: 244px;\">Olbaltumvielas<\/td>\n<td style=\"width: 150.4px;\">6,1\u00a0g<\/td>\n<\/tr>\n<tr>\n<td style=\"width: 244px;\">S\u0101ls<\/td>\n<td style=\"width: 150.4px;\">0,22 g<\/td>\n<\/tr>\n<\/tbody>\n<\/table>\n<p>Uzglab\u0101\u0161anas temperat\u016bra: <strong>12 \u2013 20 \u00b0C<\/strong><br \/>\nRa\u017eot\u0101js: CALLEBAUT<br \/>\nTurkl\u0101t vietn\u0113 <a href=\"https:\/\/www.callebaut.com\/\">callebaut.com<\/a> J\u016bs varat uzzin\u0101t daudzas jaunas receptes un iepaz\u012bties ar vi\u0146u produktiem.<\/p>\n<p>&nbsp;<\/p>","protected":false},"excerpt":{"rendered":"<p>Balta kuvert\u016bra. Kakao saturs 32%. Masa: 2500g Sast\u0101vda\u013cas: cukurs, kakao sviests, pilnpiena pulveris, sojas lecit\u012bns (emulgators), dab\u012bgs vani\u013cas arom\u0101ts. P\u0101rpakotie produkti var satur\u0113t vai tikt apstr\u0101d\u0101ti ar apr\u012bkojumu, kas non\u0101k saskar\u0113 ar KVIE\u0160IEM, OL\u0100M, ZEMSRIEKSTIEM, SOJU, RIEKSTIEM un\/vai PIENU. Saturs uz 100 g Uzturv\u0113rt\u012bba 589 kcal 2465 kJ Tauki (no tiem pies\u0101tin\u0101tie) 40 g [\u2026]<\/p>","protected":false},"featured_media":5253,"template":"","meta":{"_seopress_robots_primary_cat":"none","_seopress_titles_title":"","_seopress_titles_desc":"","_seopress_robots_index":""},"product_brand":[],"product_cat":[180,15,110],"product_tag":[],"class_list":{"0":"post-7063","1":"product","2":"type-product","3":"status-publish","4":"has-post-thumbnail","6":"product_cat-wedding-products","7":"product_cat-all-products","8":"product_cat-callebaut","9":"brand-callebaut","11":"first","12":"instock","13":"taxable","14":"shipping-taxable","15":"purchasable","16":"product-type-simple"},"_links":{"self":[{"href":"https:\/\/candeebaar.ee\/lv\/wp-json\/wp\/v2\/product\/7063","targetHints":{"allow":["GET"]}}],"collection":[{"href":"https:\/\/candeebaar.ee\/lv\/wp-json\/wp\/v2\/product"}],"about":[{"href":"https:\/\/candeebaar.ee\/lv\/wp-json\/wp\/v2\/types\/product"}],"version-history":[{"count":3,"href":"https:\/\/candeebaar.ee\/lv\/wp-json\/wp\/v2\/product\/7063\/revisions"}],"predecessor-version":[{"id":11899,"href":"https:\/\/candeebaar.ee\/lv\/wp-json\/wp\/v2\/product\/7063\/revisions\/11899"}],"wp:featuredmedia":[{"embeddable":true,"href":"https:\/\/candeebaar.ee\/lv\/wp-json\/wp\/v2\/media\/5253"}],"wp:attachment":[{"href":"https:\/\/candeebaar.ee\/lv\/wp-json\/wp\/v2\/media?parent=7063"}],"wp:term":[{"taxonomy":"product_brand","embeddable":true,"href":"https:\/\/candeebaar.ee\/lv\/wp-json\/wp\/v2\/product_brand?post=7063"},{"taxonomy":"product_cat","embeddable":true,"href":"https:\/\/candeebaar.ee\/lv\/wp-json\/wp\/v2\/product_cat?post=7063"},{"taxonomy":"product_tag","embeddable":true,"href":"https:\/\/candeebaar.ee\/lv\/wp-json\/wp\/v2\/product_tag?post=7063"}],"curies":[{"name":"wp","href":"https:\/\/api.w.org\/{rel}","templated":true}]}}