{"id":7071,"date":"2024-12-31T20:13:44","date_gmt":"2024-12-31T20:13:44","guid":{"rendered":"https:\/\/storetest.ivi.ee\/product\/base-340x3-3mm-double-sided-daisy-reinforced\/"},"modified":"2025-07-16T06:44:01","modified_gmt":"2025-07-16T04:44:01","slug":"kukas-delis-340x3-3mm-abpusejas-margrietinas-pastiprinatas","status":"publish","type":"product","link":"https:\/\/candeebaar.ee\/lv\/veikals\/kukas-delis-340x3-3mm-abpusejas-margrietinas-pastiprinatas\/","title":{"rendered":"K\u016bku d\u0113lis 340 \u00d7 3,3\u00a0mm divpus\u0113js margrieti\u0146a pastiprin\u0101ts"},"content":{"rendered":"<p>Pamatne no pastiprin\u0101ta mitrumiztur\u012bga kartona.<br \/>\nNepiecie\u0161ams pareizai desertu uzglab\u0101\u0161anai, transport\u0113\u0161anai un pasnieg\u0161anai.<br \/>\nPiem\u0113rots liel\u0101m un augst\u0101m k\u016bk\u0101m.<br \/>\nBiezums 3,3 mm<br \/>\nDiametrs: 340 mm<br \/>\nKr\u0101sas: melns sp\u012bdums, zelts<\/p>","protected":false},"excerpt":{"rendered":"<p>Pamatne no pastiprin\u0101ta mitrumiztur\u012bga kartona. Nepiecie\u0161ams pareizai desertu uzglab\u0101\u0161anai, transport\u0113\u0161anai un pasnieg\u0161anai. Piem\u0113rots liel\u0101m un augst\u0101m k\u016bk\u0101m. Biezums 3.3mm Diametrs: 340mm Kr\u0101sas: melns sp\u012bdums, zelts<\/p>","protected":false},"featured_media":5316,"template":"","meta":{"_seopress_robots_primary_cat":"","_seopress_titles_title":"","_seopress_titles_desc":"","_seopress_robots_index":""},"product_brand":[],"product_cat":[15,148],"product_tag":[],"class_list":{"0":"post-7071","1":"product","2":"type-product","3":"status-publish","4":"has-post-thumbnail","6":"product_cat-all-products","7":"product_cat-32cm-and-bigger","9":"first","10":"outofstock","11":"taxable","12":"shipping-taxable","13":"purchasable","14":"product-type-simple"},"_links":{"self":[{"href":"https:\/\/candeebaar.ee\/lv\/wp-json\/wp\/v2\/product\/7071","targetHints":{"allow":["GET"]}}],"collection":[{"href":"https:\/\/candeebaar.ee\/lv\/wp-json\/wp\/v2\/product"}],"about":[{"href":"https:\/\/candeebaar.ee\/lv\/wp-json\/wp\/v2\/types\/product"}],"version-history":[{"count":2,"href":"https:\/\/candeebaar.ee\/lv\/wp-json\/wp\/v2\/product\/7071\/revisions"}],"predecessor-version":[{"id":8220,"href":"https:\/\/candeebaar.ee\/lv\/wp-json\/wp\/v2\/product\/7071\/revisions\/8220"}],"wp:featuredmedia":[{"embeddable":true,"href":"https:\/\/candeebaar.ee\/lv\/wp-json\/wp\/v2\/media\/5316"}],"wp:attachment":[{"href":"https:\/\/candeebaar.ee\/lv\/wp-json\/wp\/v2\/media?parent=7071"}],"wp:term":[{"taxonomy":"product_brand","embeddable":true,"href":"https:\/\/candeebaar.ee\/lv\/wp-json\/wp\/v2\/product_brand?post=7071"},{"taxonomy":"product_cat","embeddable":true,"href":"https:\/\/candeebaar.ee\/lv\/wp-json\/wp\/v2\/product_cat?post=7071"},{"taxonomy":"product_tag","embeddable":true,"href":"https:\/\/candeebaar.ee\/lv\/wp-json\/wp\/v2\/product_tag?post=7071"}],"curies":[{"name":"wp","href":"https:\/\/api.w.org\/{rel}","templated":true}]}}