{"id":7080,"date":"2024-12-31T20:13:44","date_gmt":"2024-12-31T20:13:44","guid":{"rendered":"https:\/\/storetest.ivi.ee\/product\/square-base-350x350x3mm-reinforced-white-daisy\/"},"modified":"2026-04-06T07:20:41","modified_gmt":"2026-04-06T05:20:41","slug":"kvadratveida-pamatne-350x350x3mm-pastiprinata-balta-margrietina","status":"publish","type":"product","link":"https:\/\/candeebaar.ee\/lv\/veikals\/kvadratveida-pamatne-350x350x3mm-pastiprinata-balta-margrietina\/","title":{"rendered":"Kvadr\u0101tveida k\u016bku d\u0113lis 350x350x3mm pastiprin\u0101ts balts \u201cDaisy\u201d"},"content":{"rendered":"<p>Pamatne no pastiprin\u0101ta gofr\u0113t\u0101 kartona.<br \/>\nNepiecie\u0161ams pareizai desertu uzglab\u0101\u0161anai, transport\u0113\u0161anai un pasnieg\u0161anai.<br \/>\nBiezums: 3mm<br \/>\nIzm\u0113rs: 350x350mm<br \/>\nKr\u0101sa: balta<\/p>","protected":false},"excerpt":{"rendered":"<p>Pamatne izgatavota no pastiprin\u0101ta gofr\u0113t\u0101 kartona. Nepiecie\u0161ams pareizai desertu uzglab\u0101\u0161anai, transport\u0113\u0161anai un pasnieg\u0161anai. Biezums: 3mm Izm\u0113rs: 350x350mm Kr\u0101sa: balta<\/p>","protected":false},"featured_media":5792,"template":"","meta":{"_seopress_robots_primary_cat":"none","_seopress_titles_title":"","_seopress_titles_desc":"","_seopress_robots_index":""},"product_brand":[],"product_cat":[15,148,149],"product_tag":[],"class_list":{"0":"post-7080","1":"product","2":"type-product","3":"status-publish","4":"has-post-thumbnail","6":"product_cat-all-products","7":"product_cat-32cm-and-bigger","8":"product_cat-square-and-rectangular","10":"first","11":"instock","12":"taxable","13":"shipping-taxable","14":"purchasable","15":"product-type-simple"},"_links":{"self":[{"href":"https:\/\/candeebaar.ee\/lv\/wp-json\/wp\/v2\/product\/7080","targetHints":{"allow":["GET"]}}],"collection":[{"href":"https:\/\/candeebaar.ee\/lv\/wp-json\/wp\/v2\/product"}],"about":[{"href":"https:\/\/candeebaar.ee\/lv\/wp-json\/wp\/v2\/types\/product"}],"version-history":[{"count":2,"href":"https:\/\/candeebaar.ee\/lv\/wp-json\/wp\/v2\/product\/7080\/revisions"}],"predecessor-version":[{"id":9131,"href":"https:\/\/candeebaar.ee\/lv\/wp-json\/wp\/v2\/product\/7080\/revisions\/9131"}],"wp:featuredmedia":[{"embeddable":true,"href":"https:\/\/candeebaar.ee\/lv\/wp-json\/wp\/v2\/media\/5792"}],"wp:attachment":[{"href":"https:\/\/candeebaar.ee\/lv\/wp-json\/wp\/v2\/media?parent=7080"}],"wp:term":[{"taxonomy":"product_brand","embeddable":true,"href":"https:\/\/candeebaar.ee\/lv\/wp-json\/wp\/v2\/product_brand?post=7080"},{"taxonomy":"product_cat","embeddable":true,"href":"https:\/\/candeebaar.ee\/lv\/wp-json\/wp\/v2\/product_cat?post=7080"},{"taxonomy":"product_tag","embeddable":true,"href":"https:\/\/candeebaar.ee\/lv\/wp-json\/wp\/v2\/product_tag?post=7080"}],"curies":[{"name":"wp","href":"https:\/\/api.w.org\/{rel}","templated":true}]}}