{"id":7105,"date":"2024-12-31T20:13:47","date_gmt":"2024-12-31T20:13:47","guid":{"rendered":"https:\/\/storetest.ivi.ee\/product\/silicone-syringe-handle-for-decoration\/"},"modified":"2025-07-17T09:48:55","modified_gmt":"2025-07-17T07:48:55","slug":"silikona-slirces-rokturis-dekoresanai","status":"publish","type":"product","link":"https:\/\/candeebaar.ee\/lv\/veikals\/silikona-slirces-rokturis-dekoresanai\/","title":{"rendered":"Silikona \u0161\u013circes rokturis dekor\u0113\u0161anai"},"content":{"rendered":"<p>\u0160\u013circes rokturis tiek izmantots \u0113rtai dekor\u0113\u0161anai ar \u0161okol\u0101di un glaz\u016bru.<br \/>\n Silikona korpuss \u013cauj intuit\u012bvi uzkl\u0101t v\u0113lam\u0101 biezuma l\u012bnijas ar vienk\u0101r\u0161u presi, b\u016btiski uzlabojot apdares kvalit\u0101ti.<br \/>\n Ietver 4 smalkas sprauslas (apa\u013cas 1 mm, apa\u013cas 4 mm, zvaigzne 5 punkti, zvaigzne 3 punkti).<br \/>\n Materi\u0101ls: plastmasa, silikons<br \/>\n Izm\u0113rs: 14 cm<br \/>\n Ra\u017eot\u0101js: \u0136\u012bna<\/p>","protected":false},"excerpt":{"rendered":"<p>\u0160\u013circes rokturis tiek izmantots \u0113rtai dekor\u0113\u0161anai ar \u0161okol\u0101di un glaz\u016bru. Silikona korpuss \u013cauj intuit\u012bvi uzkl\u0101t v\u0113lam\u0101 biezuma l\u012bnijas ar vienk\u0101r\u0161u presi, b\u016btiski uzlabojot apdares kvalit\u0101ti. Ietver 4 smalkas sprauslas (apa\u013cas 1 mm, apa\u013cas 4 mm, zvaigzne 5 punkti, zvaigzne 3 punkti). Materi\u0101ls: plastmasa, silikons Izm\u0113rs: 14cm Ra\u017eot\u0101js: [\u2026]<\/p>","protected":false},"featured_media":7107,"template":"","meta":{"_seopress_robots_primary_cat":"","_seopress_titles_title":"","_seopress_titles_desc":"","_seopress_robots_index":""},"product_brand":[],"product_cat":[15,121],"product_tag":[],"class_list":{"0":"post-7105","1":"product","2":"type-product","3":"status-publish","4":"has-post-thumbnail","6":"product_cat-all-products","7":"product_cat-round","9":"first","10":"instock","11":"taxable","12":"shipping-taxable","13":"purchasable","14":"product-type-simple"},"_links":{"self":[{"href":"https:\/\/candeebaar.ee\/lv\/wp-json\/wp\/v2\/product\/7105","targetHints":{"allow":["GET"]}}],"collection":[{"href":"https:\/\/candeebaar.ee\/lv\/wp-json\/wp\/v2\/product"}],"about":[{"href":"https:\/\/candeebaar.ee\/lv\/wp-json\/wp\/v2\/types\/product"}],"version-history":[{"count":1,"href":"https:\/\/candeebaar.ee\/lv\/wp-json\/wp\/v2\/product\/7105\/revisions"}],"predecessor-version":[{"id":7106,"href":"https:\/\/candeebaar.ee\/lv\/wp-json\/wp\/v2\/product\/7105\/revisions\/7106"}],"wp:featuredmedia":[{"embeddable":true,"href":"https:\/\/candeebaar.ee\/lv\/wp-json\/wp\/v2\/media\/7107"}],"wp:attachment":[{"href":"https:\/\/candeebaar.ee\/lv\/wp-json\/wp\/v2\/media?parent=7105"}],"wp:term":[{"taxonomy":"product_brand","embeddable":true,"href":"https:\/\/candeebaar.ee\/lv\/wp-json\/wp\/v2\/product_brand?post=7105"},{"taxonomy":"product_cat","embeddable":true,"href":"https:\/\/candeebaar.ee\/lv\/wp-json\/wp\/v2\/product_cat?post=7105"},{"taxonomy":"product_tag","embeddable":true,"href":"https:\/\/candeebaar.ee\/lv\/wp-json\/wp\/v2\/product_tag?post=7105"}],"curies":[{"name":"wp","href":"https:\/\/api.w.org\/{rel}","templated":true}]}}