{"id":7113,"date":"2024-12-31T20:13:47","date_gmt":"2024-12-31T20:13:47","guid":{"rendered":"https:\/\/storetest.ivi.ee\/product\/decorative-nozzle-round-6mm\/"},"modified":"2025-12-10T14:27:46","modified_gmt":"2025-12-10T12:27:46","slug":"dekorativa-uzgalis-apals-6mm","status":"publish","type":"product","link":"https:\/\/candeebaar.ee\/lv\/veikals\/dekorativa-uzgalis-apals-6mm\/","title":{"rendered":"Dekorat\u012bv\u0101 uzgalis apa\u013c\u0161 6mm"},"content":{"rendered":"<p>Konditorejas uzgalis izgatavots no ner\u016bs\u0113jo\u0161\u0101 t\u0113rauda.<br \/>\nIzm\u0113rs: 30x17mm<br \/>\nIzeja: 6 mm<\/p>","protected":false},"excerpt":{"rendered":"<p>Konditorejas uzgalis izgatavots no ner\u016bs\u0113jo\u0161\u0101 t\u0113rauda. Izm\u0113rs: 30x17mm Izeja: 6mm<\/p>","protected":false},"featured_media":7115,"template":"","meta":{"_seopress_robots_primary_cat":"","_seopress_titles_title":"","_seopress_titles_desc":"","_seopress_robots_index":""},"product_brand":[],"product_cat":[15,121],"product_tag":[],"class_list":{"0":"post-7113","1":"product","2":"type-product","3":"status-publish","4":"has-post-thumbnail","6":"product_cat-all-products","7":"product_cat-round","9":"first","10":"instock","11":"taxable","12":"shipping-taxable","13":"purchasable","14":"product-type-simple"},"_links":{"self":[{"href":"https:\/\/candeebaar.ee\/lv\/wp-json\/wp\/v2\/product\/7113","targetHints":{"allow":["GET"]}}],"collection":[{"href":"https:\/\/candeebaar.ee\/lv\/wp-json\/wp\/v2\/product"}],"about":[{"href":"https:\/\/candeebaar.ee\/lv\/wp-json\/wp\/v2\/types\/product"}],"version-history":[{"count":1,"href":"https:\/\/candeebaar.ee\/lv\/wp-json\/wp\/v2\/product\/7113\/revisions"}],"predecessor-version":[{"id":7114,"href":"https:\/\/candeebaar.ee\/lv\/wp-json\/wp\/v2\/product\/7113\/revisions\/7114"}],"wp:featuredmedia":[{"embeddable":true,"href":"https:\/\/candeebaar.ee\/lv\/wp-json\/wp\/v2\/media\/7115"}],"wp:attachment":[{"href":"https:\/\/candeebaar.ee\/lv\/wp-json\/wp\/v2\/media?parent=7113"}],"wp:term":[{"taxonomy":"product_brand","embeddable":true,"href":"https:\/\/candeebaar.ee\/lv\/wp-json\/wp\/v2\/product_brand?post=7113"},{"taxonomy":"product_cat","embeddable":true,"href":"https:\/\/candeebaar.ee\/lv\/wp-json\/wp\/v2\/product_cat?post=7113"},{"taxonomy":"product_tag","embeddable":true,"href":"https:\/\/candeebaar.ee\/lv\/wp-json\/wp\/v2\/product_tag?post=7113"}],"curies":[{"name":"wp","href":"https:\/\/api.w.org\/{rel}","templated":true}]}}